{"id":1474,"date":"2021-01-27T16:42:41","date_gmt":"2021-01-27T15:42:41","guid":{"rendered":"https:\/\/piant.nl\/over-piant\/missie-visie\/"},"modified":"2021-06-17T19:25:30","modified_gmt":"2021-06-17T17:25:30","slug":"mission-vision","status":"publish","type":"page","link":"https:\/\/piant.nl\/de\/uber-piant\/mission-vision\/","title":{"rendered":"Mission &#038; Vision"},"content":{"rendered":"\n<div class=\"wp-block-cover alignfull\"><img loading=\"lazy\" decoding=\"async\" width=\"1750\" height=\"500\" class=\"wp-block-cover__image-background wp-image-880\" alt=\"\" src=\"https:\/\/piant.nl\/wp-content\/uploads\/2021\/02\/Ontwerp-zonder-titel-2.png\" style=\"object-position:75% 0%\" data-object-fit=\"cover\" data-object-position=\"75% 0%\" srcset=\"https:\/\/piant.nl\/wp-content\/uploads\/2021\/02\/Ontwerp-zonder-titel-2.png 1750w, https:\/\/piant.nl\/wp-content\/uploads\/2021\/02\/Ontwerp-zonder-titel-2-445x127.png 445w, https:\/\/piant.nl\/wp-content\/uploads\/2021\/02\/Ontwerp-zonder-titel-2-915x261.png 915w, https:\/\/piant.nl\/wp-content\/uploads\/2021\/02\/Ontwerp-zonder-titel-2-768x219.png 768w, https:\/\/piant.nl\/wp-content\/uploads\/2021\/02\/Ontwerp-zonder-titel-2-1536x439.png 1536w\" sizes=\"auto, (max-width: 1750px) 100vw, 1750px\" \/><div class=\"wp-block-cover__inner-container is-layout-flow wp-block-cover-is-layout-flow\">\n<p><\/p>\n\n\n\n<h1 class=\"has-text-align-left has-gutenberg-2-color has-text-color wp-block-heading\">Mission &amp; Vision<\/h1>\n\n\n\n<p><\/p>\n<\/div><\/div>\n\n\n\n<h2 class=\"has-text-align-center has-gutenberg-1-color has-text-color wp-block-heading\">Mission<\/h2>\n\n\n\n<h3 class=\"has-gutenberg-2-color has-text-color wp-block-heading\">PIANT ist der zuverl\u00e4ssige partner f\u00fcr die formgebung flacher materialien.<\/h3>\n\n\n\n<h2 class=\"has-text-align-center has-gutenberg-1-color has-text-color wp-block-heading\">Vision<\/h2>\n\n\n\n<h3 class=\"has-gutenberg-2-color has-text-color wp-block-heading\">Ihm jahr 2025 wird Piant ein f\u00fchrender player in den Benelux-l\u00e4ndern sein, der als Schneidespezialist bekannt ist und seine partner qualitativ entlastet. <\/h3>\n","protected":false},"excerpt":{"rendered":"<p>Mission PIANT ist der zuverl\u00e4ssige partner f\u00fcr die formgebung flacher materialien. Vision Ihm jahr 2025 wird Piant ein f\u00fchrender player [&hellip;]<\/p>\n","protected":false},"author":1,"featured_media":0,"parent":1352,"menu_order":0,"comment_status":"closed","ping_status":"closed","template":"blocks.php","meta":{"_acf_changed":false,"_editorskit_title_hidden":false,"_editorskit_reading_time":1,"_editorskit_is_block_options_detached":false,"_editorskit_block_options_position":"{}","_improvement_type_select":"improve_an_existing","_thumb_yes_seoaic":false,"_frame_yes_seoaic":false,"seoaic_generate_description":"","seoaic_improve_instructions_prompt":"","seoaic_rollback_content_improvement":"","seoaic_idea_thumbnail_generator":"","thumbnail_generated":false,"thumbnail_generate_prompt":"","seoaic_article_description":"","inline_featured_image":false,"_genesis_hide_title":false,"_genesis_hide_breadcrumbs":false,"_genesis_hide_singular_image":false,"_genesis_hide_footer_widgets":false,"_genesis_custom_body_class":"","_genesis_custom_post_class":"","_genesis_layout":"","footnotes":""},"class_list":{"0":"post-1474","1":"page","2":"type-page","3":"status-publish","5":"entry"},"acf":[],"yoast_head":"<!-- This site is optimized with the Yoast SEO plugin v27.6 - https:\/\/yoast.com\/product\/yoast-seo-wordpress\/ -->\n<title>Mission &amp; Vision - Piant B.V.<\/title>\n<meta name=\"robots\" content=\"index, follow, max-snippet:-1, max-image-preview:large, max-video-preview:-1\" \/>\n<link rel=\"canonical\" href=\"https:\/\/piant.nl\/de\/uber-piant\/mission-vision\/\" \/>\n<meta property=\"og:locale\" content=\"de_DE\" \/>\n<meta property=\"og:type\" content=\"article\" \/>\n<meta property=\"og:title\" content=\"Mission &amp; Vision - Piant B.V.\" \/>\n<meta property=\"og:description\" content=\"Mission PIANT ist der zuverl\u00e4ssige partner f\u00fcr die formgebung flacher materialien. Vision Ihm jahr 2025 wird Piant ein f\u00fchrender player [&hellip;]\" \/>\n<meta property=\"og:url\" content=\"https:\/\/piant.nl\/de\/uber-piant\/mission-vision\/\" \/>\n<meta property=\"og:site_name\" content=\"Piant B.V.\" \/>\n<meta property=\"article:publisher\" content=\"https:\/\/www.facebook.com\/Piant.stansen.laseren.snijden\/\" \/>\n<meta property=\"article:modified_time\" content=\"2021-06-17T17:25:30+00:00\" \/>\n<meta property=\"og:image\" content=\"https:\/\/piant.nl\/wp-content\/uploads\/2021\/02\/Ontwerp-zonder-titel-2.png\" \/>\n<meta name=\"twitter:card\" content=\"summary_large_image\" \/>\n<script type=\"application\/ld+json\" class=\"yoast-schema-graph\">{\"@context\":\"https:\\\/\\\/schema.org\",\"@graph\":[{\"@type\":[\"WebPage\",\"AboutPage\"],\"@id\":\"https:\\\/\\\/piant.nl\\\/de\\\/uber-piant\\\/mission-vision\\\/\",\"url\":\"https:\\\/\\\/piant.nl\\\/de\\\/uber-piant\\\/mission-vision\\\/\",\"name\":\"Mission & Vision - Piant B.V.\",\"isPartOf\":{\"@id\":\"https:\\\/\\\/piant.nl\\\/de\\\/#website\"},\"primaryImageOfPage\":{\"@id\":\"https:\\\/\\\/piant.nl\\\/de\\\/uber-piant\\\/mission-vision\\\/#primaryimage\"},\"image\":{\"@id\":\"https:\\\/\\\/piant.nl\\\/de\\\/uber-piant\\\/mission-vision\\\/#primaryimage\"},\"thumbnailUrl\":\"https:\\\/\\\/piant.nl\\\/wp-content\\\/uploads\\\/2021\\\/02\\\/Ontwerp-zonder-titel-2.png\",\"datePublished\":\"2021-01-27T15:42:41+00:00\",\"dateModified\":\"2021-06-17T17:25:30+00:00\",\"breadcrumb\":{\"@id\":\"https:\\\/\\\/piant.nl\\\/de\\\/uber-piant\\\/mission-vision\\\/#breadcrumb\"},\"inLanguage\":\"de\",\"potentialAction\":[{\"@type\":\"ReadAction\",\"target\":[\"https:\\\/\\\/piant.nl\\\/de\\\/uber-piant\\\/mission-vision\\\/\"]}]},{\"@type\":\"ImageObject\",\"inLanguage\":\"de\",\"@id\":\"https:\\\/\\\/piant.nl\\\/de\\\/uber-piant\\\/mission-vision\\\/#primaryimage\",\"url\":\"https:\\\/\\\/piant.nl\\\/wp-content\\\/uploads\\\/2021\\\/02\\\/Ontwerp-zonder-titel-2.png\",\"contentUrl\":\"https:\\\/\\\/piant.nl\\\/wp-content\\\/uploads\\\/2021\\\/02\\\/Ontwerp-zonder-titel-2.png\"},{\"@type\":\"BreadcrumbList\",\"@id\":\"https:\\\/\\\/piant.nl\\\/de\\\/uber-piant\\\/mission-vision\\\/#breadcrumb\",\"itemListElement\":[{\"@type\":\"ListItem\",\"position\":1,\"name\":\"Home\",\"item\":\"https:\\\/\\\/piant.nl\\\/de\\\/\"},{\"@type\":\"ListItem\",\"position\":2,\"name\":\"\u00dcber Piant\",\"item\":\"https:\\\/\\\/piant.nl\\\/de\\\/over-piant\\\/\"},{\"@type\":\"ListItem\",\"position\":3,\"name\":\"Mission &#038; Vision\"}]},{\"@type\":\"WebSite\",\"@id\":\"https:\\\/\\\/piant.nl\\\/de\\\/#website\",\"url\":\"https:\\\/\\\/piant.nl\\\/de\\\/\",\"name\":\"Piant B.V.\",\"description\":\"\",\"publisher\":{\"@id\":\"https:\\\/\\\/piant.nl\\\/de\\\/#organization\"},\"potentialAction\":[{\"@type\":\"SearchAction\",\"target\":{\"@type\":\"EntryPoint\",\"urlTemplate\":\"https:\\\/\\\/piant.nl\\\/de\\\/?s={search_term_string}\"},\"query-input\":{\"@type\":\"PropertyValueSpecification\",\"valueRequired\":true,\"valueName\":\"search_term_string\"}}],\"inLanguage\":\"de\"},{\"@type\":\"Organization\",\"@id\":\"https:\\\/\\\/piant.nl\\\/de\\\/#organization\",\"name\":\"PIANT B.V.\",\"url\":\"https:\\\/\\\/piant.nl\\\/de\\\/\",\"logo\":{\"@type\":\"ImageObject\",\"inLanguage\":\"de\",\"@id\":\"https:\\\/\\\/piant.nl\\\/de\\\/#\\\/schema\\\/logo\\\/image\\\/\",\"url\":\"https:\\\/\\\/piant.nl\\\/wp-content\\\/uploads\\\/2021\\\/01\\\/piant.png\",\"contentUrl\":\"https:\\\/\\\/piant.nl\\\/wp-content\\\/uploads\\\/2021\\\/01\\\/piant.png\",\"width\":512,\"height\":126,\"caption\":\"PIANT B.V.\"},\"image\":{\"@id\":\"https:\\\/\\\/piant.nl\\\/de\\\/#\\\/schema\\\/logo\\\/image\\\/\"},\"sameAs\":[\"https:\\\/\\\/www.facebook.com\\\/Piant.stansen.laseren.snijden\\\/\",\"https:\\\/\\\/www.linkedin.com\\\/company\\\/piant\\\/\",\"https:\\\/\\\/www.youtube.com\\\/user\\\/PiantStanztechniekBV\"]}]}<\/script>\n<!-- \/ Yoast SEO plugin. -->","yoast_head_json":{"title":"Mission & Vision - Piant B.V.","robots":{"index":"index","follow":"follow","max-snippet":"max-snippet:-1","max-image-preview":"max-image-preview:large","max-video-preview":"max-video-preview:-1"},"canonical":"https:\/\/piant.nl\/de\/uber-piant\/mission-vision\/","og_locale":"de_DE","og_type":"article","og_title":"Mission & Vision - Piant B.V.","og_description":"Mission PIANT ist der zuverl\u00e4ssige partner f\u00fcr die formgebung flacher materialien. Vision Ihm jahr 2025 wird Piant ein f\u00fchrender player [&hellip;]","og_url":"https:\/\/piant.nl\/de\/uber-piant\/mission-vision\/","og_site_name":"Piant B.V.","article_publisher":"https:\/\/www.facebook.com\/Piant.stansen.laseren.snijden\/","article_modified_time":"2021-06-17T17:25:30+00:00","og_image":[{"url":"https:\/\/piant.nl\/wp-content\/uploads\/2021\/02\/Ontwerp-zonder-titel-2.png","type":"","width":"","height":""}],"twitter_card":"summary_large_image","schema":{"@context":"https:\/\/schema.org","@graph":[{"@type":["WebPage","AboutPage"],"@id":"https:\/\/piant.nl\/de\/uber-piant\/mission-vision\/","url":"https:\/\/piant.nl\/de\/uber-piant\/mission-vision\/","name":"Mission & Vision - Piant B.V.","isPartOf":{"@id":"https:\/\/piant.nl\/de\/#website"},"primaryImageOfPage":{"@id":"https:\/\/piant.nl\/de\/uber-piant\/mission-vision\/#primaryimage"},"image":{"@id":"https:\/\/piant.nl\/de\/uber-piant\/mission-vision\/#primaryimage"},"thumbnailUrl":"https:\/\/piant.nl\/wp-content\/uploads\/2021\/02\/Ontwerp-zonder-titel-2.png","datePublished":"2021-01-27T15:42:41+00:00","dateModified":"2021-06-17T17:25:30+00:00","breadcrumb":{"@id":"https:\/\/piant.nl\/de\/uber-piant\/mission-vision\/#breadcrumb"},"inLanguage":"de","potentialAction":[{"@type":"ReadAction","target":["https:\/\/piant.nl\/de\/uber-piant\/mission-vision\/"]}]},{"@type":"ImageObject","inLanguage":"de","@id":"https:\/\/piant.nl\/de\/uber-piant\/mission-vision\/#primaryimage","url":"https:\/\/piant.nl\/wp-content\/uploads\/2021\/02\/Ontwerp-zonder-titel-2.png","contentUrl":"https:\/\/piant.nl\/wp-content\/uploads\/2021\/02\/Ontwerp-zonder-titel-2.png"},{"@type":"BreadcrumbList","@id":"https:\/\/piant.nl\/de\/uber-piant\/mission-vision\/#breadcrumb","itemListElement":[{"@type":"ListItem","position":1,"name":"Home","item":"https:\/\/piant.nl\/de\/"},{"@type":"ListItem","position":2,"name":"\u00dcber Piant","item":"https:\/\/piant.nl\/de\/over-piant\/"},{"@type":"ListItem","position":3,"name":"Mission &#038; Vision"}]},{"@type":"WebSite","@id":"https:\/\/piant.nl\/de\/#website","url":"https:\/\/piant.nl\/de\/","name":"Piant B.V.","description":"","publisher":{"@id":"https:\/\/piant.nl\/de\/#organization"},"potentialAction":[{"@type":"SearchAction","target":{"@type":"EntryPoint","urlTemplate":"https:\/\/piant.nl\/de\/?s={search_term_string}"},"query-input":{"@type":"PropertyValueSpecification","valueRequired":true,"valueName":"search_term_string"}}],"inLanguage":"de"},{"@type":"Organization","@id":"https:\/\/piant.nl\/de\/#organization","name":"PIANT B.V.","url":"https:\/\/piant.nl\/de\/","logo":{"@type":"ImageObject","inLanguage":"de","@id":"https:\/\/piant.nl\/de\/#\/schema\/logo\/image\/","url":"https:\/\/piant.nl\/wp-content\/uploads\/2021\/01\/piant.png","contentUrl":"https:\/\/piant.nl\/wp-content\/uploads\/2021\/01\/piant.png","width":512,"height":126,"caption":"PIANT B.V."},"image":{"@id":"https:\/\/piant.nl\/de\/#\/schema\/logo\/image\/"},"sameAs":["https:\/\/www.facebook.com\/Piant.stansen.laseren.snijden\/","https:\/\/www.linkedin.com\/company\/piant\/","https:\/\/www.youtube.com\/user\/PiantStanztechniekBV"]}]}},"_links":{"self":[{"href":"https:\/\/piant.nl\/de\/wp-json\/wp\/v2\/pages\/1474","targetHints":{"allow":["GET"]}}],"collection":[{"href":"https:\/\/piant.nl\/de\/wp-json\/wp\/v2\/pages"}],"about":[{"href":"https:\/\/piant.nl\/de\/wp-json\/wp\/v2\/types\/page"}],"author":[{"embeddable":true,"href":"https:\/\/piant.nl\/de\/wp-json\/wp\/v2\/users\/1"}],"replies":[{"embeddable":true,"href":"https:\/\/piant.nl\/de\/wp-json\/wp\/v2\/comments?post=1474"}],"version-history":[{"count":0,"href":"https:\/\/piant.nl\/de\/wp-json\/wp\/v2\/pages\/1474\/revisions"}],"up":[{"embeddable":true,"href":"https:\/\/piant.nl\/de\/wp-json\/wp\/v2\/pages\/1352"}],"wp:attachment":[{"href":"https:\/\/piant.nl\/de\/wp-json\/wp\/v2\/media?parent=1474"}],"curies":[{"name":"wp","href":"https:\/\/api.w.org\/{rel}","templated":true}]}}