{"id":1470,"date":"2021-01-27T16:48:34","date_gmt":"2021-01-27T15:48:34","guid":{"rendered":"https:\/\/piant.nl\/over-piant\/mvo\/"},"modified":"2021-06-17T19:29:33","modified_gmt":"2021-06-17T17:29:33","slug":"mvo","status":"publish","type":"page","link":"https:\/\/piant.nl\/de\/uber-piant\/mvo\/","title":{"rendered":"MVO"},"content":{"rendered":"\n<div class=\"wp-block-cover alignfull\"><img loading=\"lazy\" decoding=\"async\" width=\"1400\" height=\"600\" class=\"wp-block-cover__image-background wp-image-1095\" alt=\"\" src=\"https:\/\/piant.nl\/wp-content\/uploads\/2021\/02\/Fotos-Leerfabriek.jpg\" style=\"object-position:74% 0%\" data-object-fit=\"cover\" data-object-position=\"74% 0%\" srcset=\"https:\/\/piant.nl\/wp-content\/uploads\/2021\/02\/Fotos-Leerfabriek.jpg 1400w, https:\/\/piant.nl\/wp-content\/uploads\/2021\/02\/Fotos-Leerfabriek-445x191.jpg 445w, https:\/\/piant.nl\/wp-content\/uploads\/2021\/02\/Fotos-Leerfabriek-915x392.jpg 915w, https:\/\/piant.nl\/wp-content\/uploads\/2021\/02\/Fotos-Leerfabriek-768x329.jpg 768w\" sizes=\"auto, (max-width: 1400px) 100vw, 1400px\" \/><div class=\"wp-block-cover__inner-container is-layout-flow wp-block-cover-is-layout-flow\">\n<h1 class=\"has-gutenberg-6-color has-text-color wp-block-heading\">MVO<\/h1>\n<\/div><\/div>\n<div class=\"usps alignfull\"><div class=\"inner-container\"><ul class=\"usp-list\"><li class=\"rating\">Kundenmeinung 8.7<\/li><li>Zuverl\u00e4ssigkeit<\/li><li>Fachwissen<\/li><\/ul><\/div><\/div>\n\n\n<div style=\"height:60px\" aria-hidden=\"true\" class=\"wp-block-spacer\"><\/div>\n\n\n\n<h2 class=\"has-text-align-center wp-block-heading\">Soziale unternehmensverantwortung<\/h2>\n\n\n\n<p>PIANT ist stark verankert in der Waalwijkschen Gemeinschaft. Ein Teil des Umsatzes und der Kundschaft stammt aus dieser Region. Aufgrund dieser \u201eWaalwijkschen Wurzeln\u201c haben wir ein starkes soziales Engagement f\u00fcr die Region.<\/p>\n\n\n\n<h2 class=\"has-text-align-center wp-block-heading\">Engagement f\u00fcr die Gemeinschaft<\/h2>\n\n\n\n<h3 class=\"has-text-align-center wp-block-heading\">Gr\u00fcnzertifikat<\/h3>\n\n\n\n<figure class=\"wp-block-image size-large\"><img loading=\"lazy\" decoding=\"async\" width=\"915\" height=\"707\" src=\"https:\/\/piant.nl\/wp-content\/uploads\/2021\/03\/GreenCertificate_a6K69000004sGybEAE-915x707.jpg\" alt=\"\" class=\"wp-image-1176\" srcset=\"https:\/\/piant.nl\/wp-content\/uploads\/2021\/03\/GreenCertificate_a6K69000004sGybEAE-915x707.jpg 915w, https:\/\/piant.nl\/wp-content\/uploads\/2021\/03\/GreenCertificate_a6K69000004sGybEAE-445x344.jpg 445w, https:\/\/piant.nl\/wp-content\/uploads\/2021\/03\/GreenCertificate_a6K69000004sGybEAE-768x593.jpg 768w, https:\/\/piant.nl\/wp-content\/uploads\/2021\/03\/GreenCertificate_a6K69000004sGybEAE-1536x1187.jpg 1536w, https:\/\/piant.nl\/wp-content\/uploads\/2021\/03\/GreenCertificate_a6K69000004sGybEAE.jpg 1584w\" sizes=\"auto, (max-width: 915px) 100vw, 915px\" \/><\/figure>\n\n\n\n<div class=\"wp-block-group\"><div class=\"wp-block-group__inner-container is-layout-flow wp-block-group-is-layout-flow\">\n<h3 class=\"has-text-align-center wp-block-heading\">Omgevingsdienst Midden- en West-Brabant <\/h3>\n\n\n\n<p>Eine gesunde und saubere Lebensumgebung f\u00fcr die Einwohner von Noord-Brabant beginnt bei uns selbst.<\/p>\n\n\n\n<p>Ein gesundes, sauberes Lebensumfeld f\u00fcr die Einwohner von Noord-Brabant beginnt bei uns. Wir k\u00f6nnen ein Unternehmen erzeugen, das die Umwelt so wenig wie m\u00f6glich belastet.<\/p>\n\n\n\n<p>Omgevingsdienst Midden en West-Brabant \u00fcberwacht die Gesetze und Vorschriften f\u00fcr Aktivit\u00e4ten, die Auswirkungen auf die Umwelt und die Gesellschaft haben. Die Aufsichtspersonen von Omgevingsdienst Midden en West-Brabant kommen regelm\u00e4\u00dfig vorbei f\u00fcr eine Kontrolle der derzeitigen Situation. In der letzten Kontrolle hat sich herausgestellt, dass wir unsere Anlagen derart gut eingerichtet haben, dass wir f\u00fcr den Moment nichts weiter verbessern k\u00f6nnen. Das bedeutet, dass wir nicht mehr Energie einsparen k\u00f6nnen, als wir es jetzt tun und darauf sind wir nat\u00fcrlich sehr stolz!<\/p>\n<\/div><\/div>\n\n\n\n<h3 class=\"has-text-align-center wp-block-heading\">Baanbrekers<\/h3>\n\n\n\n<p>Eine gesunde und saubere Lebensumgebung f\u00fcr die Einwohner von Noord-Brabant beginnt bei uns selbst.<\/p>\n\n\n\n<p>Ein gesundes, sauberes Lebensumfeld f\u00fcr die Einwohner von Noord-Brabant beginnt bei uns. Wir k\u00f6nnen ein Unternehmen erzeugen, das die Umwelt so wenig wie m\u00f6glich belastet.<\/p>\n\n\n\n<p>Omgevingsdienst Midden en West-Brabant \u00fcberwacht die Gesetze und Vorschriften f\u00fcr Aktivit\u00e4ten, die Auswirkungen auf die Umwelt und die Gesellschaft haben. Die Aufsichtspersonen von Omgevingsdienst Midden en West-Brabant kommen regelm\u00e4\u00dfig vorbei f\u00fcr eine Kontrolle der derzeitigen Situation. In der letzten Kontrolle hat sich herausgestellt, dass wir unsere Anlagen derart gut eingerichtet haben, dass wir f\u00fcr den Moment nichts weiter verbessern k\u00f6nnen. Das bedeutet, dass wir nicht mehr Energie einsparen k\u00f6nnen, als wir es jetzt tun und darauf sind wir nat\u00fcrlich sehr stolz!<\/p>\n\n\n\n<h3 class=\"has-text-align-center wp-block-heading\">GPR Gebouw Zertifizierung<\/h3>\n\n\n\n<p>Mit GPR Gebouw wurde die Nachhaltigkeit tiefgehen \u00fcberpr\u00fcft anhand von f\u00fcnf Themen: Energie, Umwelt, Gesundheit, Gebrauchsqualit\u00e4t und Zukunftswert. Auf diese Weise zeigt PIANT, dass Nachhaltigkeit mehr ist als nur Energie sparen. Der Neubau von PIANT ist dadurch ges\u00fcnder und komfortabler f\u00fcr seine Benutzer, au\u00dferdem ist er anpassbar an sich \u00e4ndernde Anforderungen.<\/p>\n\n\n\n<p>Mit dem GPR Gebouw Zertifikat zeigt PIANT, dass das Geb\u00e4ude erfolgreich \u00fcberpr\u00fcft wurde und geltenden Nachhaltigkeitsmethoden entspricht. Das GPR Gebouw Zertifikat wird, wie unten zu sehen, mit Zeugnisnoten ausgedr\u00fcckt, was f\u00fcr ein besseres Verst\u00e4ndnis f\u00fchrt, auch wenn der Leser nicht oder weniger erfahren ist mit GPR Gebouw.<\/p>\n\n\n\n<figure class=\"wp-block-image size-large\"><img loading=\"lazy\" decoding=\"async\" width=\"915\" height=\"556\" src=\"https:\/\/piant.nl\/wp-content\/uploads\/2021\/02\/Schermafbeelding-2021-02-18-om-10.08.14-915x556.png\" alt=\"\" class=\"wp-image-1078\" srcset=\"https:\/\/piant.nl\/wp-content\/uploads\/2021\/02\/Schermafbeelding-2021-02-18-om-10.08.14-915x556.png 915w, https:\/\/piant.nl\/wp-content\/uploads\/2021\/02\/Schermafbeelding-2021-02-18-om-10.08.14-445x271.png 445w, https:\/\/piant.nl\/wp-content\/uploads\/2021\/02\/Schermafbeelding-2021-02-18-om-10.08.14-768x467.png 768w, https:\/\/piant.nl\/wp-content\/uploads\/2021\/02\/Schermafbeelding-2021-02-18-om-10.08.14-1536x934.png 1536w, https:\/\/piant.nl\/wp-content\/uploads\/2021\/02\/Schermafbeelding-2021-02-18-om-10.08.14.png 1980w\" sizes=\"auto, (max-width: 915px) 100vw, 915px\" \/><\/figure>\n\n\n\n<h2 class=\"has-text-align-center wp-block-heading\">Partners<\/h2>\n\n\n\n<div class=\"wp-block-group\"><div class=\"wp-block-group__inner-container is-layout-flow wp-block-group-is-layout-flow\">\n<div class=\"wp-block-columns is-layout-flex wp-container-core-columns-is-layout-9d6595d7 wp-block-columns-is-layout-flex\">\n<div class=\"wp-block-column is-layout-flow wp-block-column-is-layout-flow\" style=\"flex-basis:100%\">\n<div class=\"wp-block-columns is-layout-flex wp-container-core-columns-is-layout-9d6595d7 wp-block-columns-is-layout-flex\">\n<div class=\"wp-block-column is-layout-flow wp-block-column-is-layout-flow\" style=\"flex-basis:100%\">\n<div class=\"wp-block-group\"><div class=\"wp-block-group__inner-container is-layout-flow wp-block-group-is-layout-flow\">\n<div class=\"wp-block-columns is-layout-flex wp-container-core-columns-is-layout-9d6595d7 wp-block-columns-is-layout-flex\">\n<div class=\"wp-block-column is-vertically-aligned-center is-layout-flow wp-block-column-is-layout-flow\">\n<div class=\"wp-block-columns is-layout-flex wp-container-core-columns-is-layout-9d6595d7 wp-block-columns-is-layout-flex\">\n<div class=\"wp-block-column is-layout-flow wp-block-column-is-layout-flow\" style=\"flex-basis:100%\">\n<figure class=\"wp-block-image size-full\"><a href=\"https:\/\/www.vriendensintjanwaalwijk.nl\/\" target=\"_blank\" rel=\"noopener\"\"><span><img loading=\"lazy\" decoding=\"async\" width=\"371\" height=\"118\" src=\"https:\/\/piant.nl\/wp-content\/uploads\/2021\/01\/vriendenvansintjan.png\" alt=\"\" class=\"wp-image-540\"\/><\/span><svg class=\"icon icon--new-window\" viewBox=\"0 0 24 24\" focusable=\"false\" aria-hidden=\"true\"> <use xlink:href=\"#new-window\"><\/use> <\/svg><\/a><\/figure>\n<\/div>\n<\/div>\n<\/div>\n\n\n\n<div class=\"wp-block-column is-vertically-aligned-center is-layout-flow wp-block-column-is-layout-flow\">\n<figure class=\"wp-block-image size-medium\"><a href=\"\/\/www.facebook.com\/speelgoedbankwaalwijk\/\" target=\"_blank\" rel=\"noopener\"\"><span><img loading=\"lazy\" decoding=\"async\" width=\"445\" height=\"390\" src=\"https:\/\/piant.nl\/wp-content\/uploads\/2021\/01\/speelgoedbank-445x390.jpg\" alt=\"\" class=\"wp-image-539\" srcset=\"https:\/\/piant.nl\/wp-content\/uploads\/2021\/01\/speelgoedbank-445x390.jpg 445w, https:\/\/piant.nl\/wp-content\/uploads\/2021\/01\/speelgoedbank-915x803.jpg 915w, https:\/\/piant.nl\/wp-content\/uploads\/2021\/01\/speelgoedbank-768x674.jpg 768w, https:\/\/piant.nl\/wp-content\/uploads\/2021\/01\/speelgoedbank.jpg 1183w\" sizes=\"auto, (max-width: 445px) 100vw, 445px\" \/><\/span><svg class=\"icon icon--new-window\" viewBox=\"0 0 24 24\" focusable=\"false\" aria-hidden=\"true\"> <use xlink:href=\"#new-window\"><\/use> <\/svg><\/a><\/figure>\n<\/div>\n\n\n\n<div class=\"wp-block-column is-vertically-aligned-center is-layout-flow wp-block-column-is-layout-flow\">\n<figure class=\"wp-block-image size-medium\"><a href=\"https:\/\/voedselbankwaalwijk.nl\/\" target=\"_blank\" rel=\"noopener\"\"><span><img loading=\"lazy\" decoding=\"async\" width=\"445\" height=\"93\" src=\"https:\/\/piant.nl\/wp-content\/uploads\/2021\/01\/voedselbanken-445x93.jpg\" alt=\"\" class=\"wp-image-538\" srcset=\"https:\/\/piant.nl\/wp-content\/uploads\/2021\/01\/voedselbanken-445x93.jpg 445w, https:\/\/piant.nl\/wp-content\/uploads\/2021\/01\/voedselbanken-915x192.jpg 915w, https:\/\/piant.nl\/wp-content\/uploads\/2021\/01\/voedselbanken-768x161.jpg 768w, https:\/\/piant.nl\/wp-content\/uploads\/2021\/01\/voedselbanken-1536x323.jpg 1536w, https:\/\/piant.nl\/wp-content\/uploads\/2021\/01\/voedselbanken-2048x430.jpg 2048w\" sizes=\"auto, (max-width: 445px) 100vw, 445px\" \/><\/span><svg class=\"icon icon--new-window\" viewBox=\"0 0 24 24\" focusable=\"false\" aria-hidden=\"true\"> <use xlink:href=\"#new-window\"><\/use> <\/svg><\/a><\/figure>\n<\/div>\n<\/div>\n<\/div><\/div>\n<\/div>\n<\/div>\n<\/div>\n<\/div>\n<\/div><\/div>\n\n\n\n<div class=\"wp-block-columns is-layout-flex wp-container-core-columns-is-layout-9d6595d7 wp-block-columns-is-layout-flex\">\n<div class=\"wp-block-column is-vertically-aligned-center is-layout-flow wp-block-column-is-layout-flow\">\n<div class=\"wp-block-image\"><figure class=\"aligncenter size-large\"><a href=\"https:\/\/www.omwb.nl\/\"\"><span><img loading=\"lazy\" decoding=\"async\" width=\"434\" height=\"116\" src=\"https:\/\/piant.nl\/wp-content\/uploads\/2021\/02\/logo-6.png\" alt=\"\" class=\"wp-image-1063\"\/><\/span><\/a><\/figure><\/div>\n<\/div>\n\n\n\n<div class=\"wp-block-column is-layout-flow wp-block-column-is-layout-flow\">\n<div class=\"wp-block-image\"><figure class=\"aligncenter size-large\"><a href=\"https:\/\/www.wscwaalwijk.nl\"\"><span><img loading=\"lazy\" decoding=\"async\" width=\"180\" height=\"180\" src=\"https:\/\/piant.nl\/wp-content\/uploads\/2021\/01\/wsc.png\" alt=\"\" class=\"wp-image-541\"\/><\/span><\/a><\/figure><\/div>\n<\/div>\n\n\n\n<div class=\"wp-block-column is-vertically-aligned-center is-layout-flow wp-block-column-is-layout-flow\">\n<div class=\"wp-block-image\"><figure class=\"aligncenter size-large\"><a href=\"https:\/\/www.baanbrekers.org\"\"><span><img loading=\"lazy\" decoding=\"async\" width=\"915\" height=\"137\" src=\"https:\/\/piant.nl\/wp-content\/uploads\/2021\/01\/baanbrekers-915x137.jpg\" alt=\"\" class=\"wp-image-537\" srcset=\"https:\/\/piant.nl\/wp-content\/uploads\/2021\/01\/baanbrekers-915x137.jpg 915w, https:\/\/piant.nl\/wp-content\/uploads\/2021\/01\/baanbrekers-445x67.jpg 445w, https:\/\/piant.nl\/wp-content\/uploads\/2021\/01\/baanbrekers-768x115.jpg 768w, https:\/\/piant.nl\/wp-content\/uploads\/2021\/01\/baanbrekers-1536x231.jpg 1536w, https:\/\/piant.nl\/wp-content\/uploads\/2021\/01\/baanbrekers.jpg 2024w\" sizes=\"auto, (max-width: 915px) 100vw, 915px\" \/><\/span><\/a><\/figure><\/div>\n<\/div>\n<\/div>\n\n\n\n<p><\/p>\n","protected":false},"excerpt":{"rendered":"<p>Soziale unternehmensverantwortung PIANT ist stark verankert in der Waalwijkschen Gemeinschaft. Ein Teil des Umsatzes und der Kundschaft stammt aus dieser [&hellip;]<\/p>\n","protected":false},"author":1,"featured_media":0,"parent":1352,"menu_order":0,"comment_status":"closed","ping_status":"closed","template":"blocks.php","meta":{"_acf_changed":false,"_editorskit_title_hidden":false,"_editorskit_reading_time":1,"_editorskit_is_block_options_detached":false,"_editorskit_block_options_position":"{}","_improvement_type_select":"improve_an_existing","_thumb_yes_seoaic":false,"_frame_yes_seoaic":false,"seoaic_generate_description":"","seoaic_improve_instructions_prompt":"","seoaic_rollback_content_improvement":"","seoaic_idea_thumbnail_generator":"","thumbnail_generated":false,"thumbnail_generate_prompt":"","seoaic_article_description":"","inline_featured_image":false,"_genesis_hide_title":false,"_genesis_hide_breadcrumbs":false,"_genesis_hide_singular_image":false,"_genesis_hide_footer_widgets":false,"_genesis_custom_body_class":"","_genesis_custom_post_class":"","_genesis_layout":"","footnotes":""},"class_list":{"0":"post-1470","1":"page","2":"type-page","3":"status-publish","5":"entry"},"acf":[],"yoast_head":"<!-- This site is optimized with the Yoast SEO plugin v27.6 - https:\/\/yoast.com\/product\/yoast-seo-wordpress\/ -->\n<title>MVO - Piant B.V.<\/title>\n<meta name=\"robots\" content=\"index, follow, max-snippet:-1, max-image-preview:large, max-video-preview:-1\" \/>\n<link rel=\"canonical\" href=\"https:\/\/piant.nl\/de\/uber-piant\/mvo\/\" \/>\n<meta property=\"og:locale\" content=\"de_DE\" \/>\n<meta property=\"og:type\" content=\"article\" \/>\n<meta property=\"og:title\" content=\"MVO - Piant B.V.\" \/>\n<meta property=\"og:description\" content=\"Soziale unternehmensverantwortung PIANT ist stark verankert in der Waalwijkschen Gemeinschaft. Ein Teil des Umsatzes und der Kundschaft stammt aus dieser [&hellip;]\" \/>\n<meta property=\"og:url\" content=\"https:\/\/piant.nl\/de\/uber-piant\/mvo\/\" \/>\n<meta property=\"og:site_name\" content=\"Piant B.V.\" \/>\n<meta property=\"article:publisher\" content=\"https:\/\/www.facebook.com\/Piant.stansen.laseren.snijden\/\" \/>\n<meta property=\"article:modified_time\" content=\"2021-06-17T17:29:33+00:00\" \/>\n<meta property=\"og:image\" content=\"https:\/\/piant.nl\/wp-content\/uploads\/2021\/02\/Fotos-Leerfabriek.jpg\" \/>\n<meta name=\"twitter:card\" content=\"summary_large_image\" \/>\n<script type=\"application\/ld+json\" class=\"yoast-schema-graph\">{\"@context\":\"https:\\\/\\\/schema.org\",\"@graph\":[{\"@type\":[\"WebPage\",\"AboutPage\"],\"@id\":\"https:\\\/\\\/piant.nl\\\/de\\\/uber-piant\\\/mvo\\\/\",\"url\":\"https:\\\/\\\/piant.nl\\\/de\\\/uber-piant\\\/mvo\\\/\",\"name\":\"MVO - Piant B.V.\",\"isPartOf\":{\"@id\":\"https:\\\/\\\/piant.nl\\\/de\\\/#website\"},\"primaryImageOfPage\":{\"@id\":\"https:\\\/\\\/piant.nl\\\/de\\\/uber-piant\\\/mvo\\\/#primaryimage\"},\"image\":{\"@id\":\"https:\\\/\\\/piant.nl\\\/de\\\/uber-piant\\\/mvo\\\/#primaryimage\"},\"thumbnailUrl\":\"https:\\\/\\\/piant.nl\\\/wp-content\\\/uploads\\\/2021\\\/02\\\/Fotos-Leerfabriek.jpg\",\"datePublished\":\"2021-01-27T15:48:34+00:00\",\"dateModified\":\"2021-06-17T17:29:33+00:00\",\"breadcrumb\":{\"@id\":\"https:\\\/\\\/piant.nl\\\/de\\\/uber-piant\\\/mvo\\\/#breadcrumb\"},\"inLanguage\":\"de\",\"potentialAction\":[{\"@type\":\"ReadAction\",\"target\":[\"https:\\\/\\\/piant.nl\\\/de\\\/uber-piant\\\/mvo\\\/\"]}]},{\"@type\":\"ImageObject\",\"inLanguage\":\"de\",\"@id\":\"https:\\\/\\\/piant.nl\\\/de\\\/uber-piant\\\/mvo\\\/#primaryimage\",\"url\":\"https:\\\/\\\/piant.nl\\\/wp-content\\\/uploads\\\/2021\\\/02\\\/Fotos-Leerfabriek.jpg\",\"contentUrl\":\"https:\\\/\\\/piant.nl\\\/wp-content\\\/uploads\\\/2021\\\/02\\\/Fotos-Leerfabriek.jpg\"},{\"@type\":\"BreadcrumbList\",\"@id\":\"https:\\\/\\\/piant.nl\\\/de\\\/uber-piant\\\/mvo\\\/#breadcrumb\",\"itemListElement\":[{\"@type\":\"ListItem\",\"position\":1,\"name\":\"Home\",\"item\":\"https:\\\/\\\/piant.nl\\\/de\\\/\"},{\"@type\":\"ListItem\",\"position\":2,\"name\":\"\u00dcber Piant\",\"item\":\"https:\\\/\\\/piant.nl\\\/de\\\/over-piant\\\/\"},{\"@type\":\"ListItem\",\"position\":3,\"name\":\"MVO\"}]},{\"@type\":\"WebSite\",\"@id\":\"https:\\\/\\\/piant.nl\\\/de\\\/#website\",\"url\":\"https:\\\/\\\/piant.nl\\\/de\\\/\",\"name\":\"Piant B.V.\",\"description\":\"\",\"publisher\":{\"@id\":\"https:\\\/\\\/piant.nl\\\/de\\\/#organization\"},\"potentialAction\":[{\"@type\":\"SearchAction\",\"target\":{\"@type\":\"EntryPoint\",\"urlTemplate\":\"https:\\\/\\\/piant.nl\\\/de\\\/?s={search_term_string}\"},\"query-input\":{\"@type\":\"PropertyValueSpecification\",\"valueRequired\":true,\"valueName\":\"search_term_string\"}}],\"inLanguage\":\"de\"},{\"@type\":\"Organization\",\"@id\":\"https:\\\/\\\/piant.nl\\\/de\\\/#organization\",\"name\":\"PIANT B.V.\",\"url\":\"https:\\\/\\\/piant.nl\\\/de\\\/\",\"logo\":{\"@type\":\"ImageObject\",\"inLanguage\":\"de\",\"@id\":\"https:\\\/\\\/piant.nl\\\/de\\\/#\\\/schema\\\/logo\\\/image\\\/\",\"url\":\"https:\\\/\\\/piant.nl\\\/wp-content\\\/uploads\\\/2021\\\/01\\\/piant.png\",\"contentUrl\":\"https:\\\/\\\/piant.nl\\\/wp-content\\\/uploads\\\/2021\\\/01\\\/piant.png\",\"width\":512,\"height\":126,\"caption\":\"PIANT B.V.\"},\"image\":{\"@id\":\"https:\\\/\\\/piant.nl\\\/de\\\/#\\\/schema\\\/logo\\\/image\\\/\"},\"sameAs\":[\"https:\\\/\\\/www.facebook.com\\\/Piant.stansen.laseren.snijden\\\/\",\"https:\\\/\\\/www.linkedin.com\\\/company\\\/piant\\\/\",\"https:\\\/\\\/www.youtube.com\\\/user\\\/PiantStanztechniekBV\"]}]}<\/script>\n<!-- \/ Yoast SEO plugin. -->","yoast_head_json":{"title":"MVO - Piant B.V.","robots":{"index":"index","follow":"follow","max-snippet":"max-snippet:-1","max-image-preview":"max-image-preview:large","max-video-preview":"max-video-preview:-1"},"canonical":"https:\/\/piant.nl\/de\/uber-piant\/mvo\/","og_locale":"de_DE","og_type":"article","og_title":"MVO - Piant B.V.","og_description":"Soziale unternehmensverantwortung PIANT ist stark verankert in der Waalwijkschen Gemeinschaft. Ein Teil des Umsatzes und der Kundschaft stammt aus dieser [&hellip;]","og_url":"https:\/\/piant.nl\/de\/uber-piant\/mvo\/","og_site_name":"Piant B.V.","article_publisher":"https:\/\/www.facebook.com\/Piant.stansen.laseren.snijden\/","article_modified_time":"2021-06-17T17:29:33+00:00","og_image":[{"url":"https:\/\/piant.nl\/wp-content\/uploads\/2021\/02\/Fotos-Leerfabriek.jpg","type":"","width":"","height":""}],"twitter_card":"summary_large_image","schema":{"@context":"https:\/\/schema.org","@graph":[{"@type":["WebPage","AboutPage"],"@id":"https:\/\/piant.nl\/de\/uber-piant\/mvo\/","url":"https:\/\/piant.nl\/de\/uber-piant\/mvo\/","name":"MVO - Piant B.V.","isPartOf":{"@id":"https:\/\/piant.nl\/de\/#website"},"primaryImageOfPage":{"@id":"https:\/\/piant.nl\/de\/uber-piant\/mvo\/#primaryimage"},"image":{"@id":"https:\/\/piant.nl\/de\/uber-piant\/mvo\/#primaryimage"},"thumbnailUrl":"https:\/\/piant.nl\/wp-content\/uploads\/2021\/02\/Fotos-Leerfabriek.jpg","datePublished":"2021-01-27T15:48:34+00:00","dateModified":"2021-06-17T17:29:33+00:00","breadcrumb":{"@id":"https:\/\/piant.nl\/de\/uber-piant\/mvo\/#breadcrumb"},"inLanguage":"de","potentialAction":[{"@type":"ReadAction","target":["https:\/\/piant.nl\/de\/uber-piant\/mvo\/"]}]},{"@type":"ImageObject","inLanguage":"de","@id":"https:\/\/piant.nl\/de\/uber-piant\/mvo\/#primaryimage","url":"https:\/\/piant.nl\/wp-content\/uploads\/2021\/02\/Fotos-Leerfabriek.jpg","contentUrl":"https:\/\/piant.nl\/wp-content\/uploads\/2021\/02\/Fotos-Leerfabriek.jpg"},{"@type":"BreadcrumbList","@id":"https:\/\/piant.nl\/de\/uber-piant\/mvo\/#breadcrumb","itemListElement":[{"@type":"ListItem","position":1,"name":"Home","item":"https:\/\/piant.nl\/de\/"},{"@type":"ListItem","position":2,"name":"\u00dcber Piant","item":"https:\/\/piant.nl\/de\/over-piant\/"},{"@type":"ListItem","position":3,"name":"MVO"}]},{"@type":"WebSite","@id":"https:\/\/piant.nl\/de\/#website","url":"https:\/\/piant.nl\/de\/","name":"Piant B.V.","description":"","publisher":{"@id":"https:\/\/piant.nl\/de\/#organization"},"potentialAction":[{"@type":"SearchAction","target":{"@type":"EntryPoint","urlTemplate":"https:\/\/piant.nl\/de\/?s={search_term_string}"},"query-input":{"@type":"PropertyValueSpecification","valueRequired":true,"valueName":"search_term_string"}}],"inLanguage":"de"},{"@type":"Organization","@id":"https:\/\/piant.nl\/de\/#organization","name":"PIANT B.V.","url":"https:\/\/piant.nl\/de\/","logo":{"@type":"ImageObject","inLanguage":"de","@id":"https:\/\/piant.nl\/de\/#\/schema\/logo\/image\/","url":"https:\/\/piant.nl\/wp-content\/uploads\/2021\/01\/piant.png","contentUrl":"https:\/\/piant.nl\/wp-content\/uploads\/2021\/01\/piant.png","width":512,"height":126,"caption":"PIANT B.V."},"image":{"@id":"https:\/\/piant.nl\/de\/#\/schema\/logo\/image\/"},"sameAs":["https:\/\/www.facebook.com\/Piant.stansen.laseren.snijden\/","https:\/\/www.linkedin.com\/company\/piant\/","https:\/\/www.youtube.com\/user\/PiantStanztechniekBV"]}]}},"_links":{"self":[{"href":"https:\/\/piant.nl\/de\/wp-json\/wp\/v2\/pages\/1470","targetHints":{"allow":["GET"]}}],"collection":[{"href":"https:\/\/piant.nl\/de\/wp-json\/wp\/v2\/pages"}],"about":[{"href":"https:\/\/piant.nl\/de\/wp-json\/wp\/v2\/types\/page"}],"author":[{"embeddable":true,"href":"https:\/\/piant.nl\/de\/wp-json\/wp\/v2\/users\/1"}],"replies":[{"embeddable":true,"href":"https:\/\/piant.nl\/de\/wp-json\/wp\/v2\/comments?post=1470"}],"version-history":[{"count":0,"href":"https:\/\/piant.nl\/de\/wp-json\/wp\/v2\/pages\/1470\/revisions"}],"up":[{"embeddable":true,"href":"https:\/\/piant.nl\/de\/wp-json\/wp\/v2\/pages\/1352"}],"wp:attachment":[{"href":"https:\/\/piant.nl\/de\/wp-json\/wp\/v2\/media?parent=1470"}],"curies":[{"name":"wp","href":"https:\/\/api.w.org\/{rel}","templated":true}]}}