{"id":1467,"date":"2021-01-27T16:44:02","date_gmt":"2021-01-27T15:44:02","guid":{"rendered":"https:\/\/piant.nl\/over-piant\/werken-bij\/"},"modified":"2021-06-18T13:16:43","modified_gmt":"2021-06-18T11:16:43","slug":"arbeiten-bei","status":"publish","type":"page","link":"https:\/\/piant.nl\/de\/uber-piant\/arbeiten-bei\/","title":{"rendered":"Arbeiten bei"},"content":{"rendered":"\n<div class=\"wp-block-cover alignfull\"><img loading=\"lazy\" decoding=\"async\" width=\"1440\" height=\"606\" class=\"wp-block-cover__image-background wp-image-38\" alt=\"\" src=\"https:\/\/piant.nl\/wp-content\/uploads\/2021\/01\/piant-header-snijden.jpg\" style=\"object-position:69% 75%\" data-object-fit=\"cover\" data-object-position=\"69% 75%\" srcset=\"https:\/\/piant.nl\/wp-content\/uploads\/2021\/01\/piant-header-snijden.jpg 1440w, https:\/\/piant.nl\/wp-content\/uploads\/2021\/01\/piant-header-snijden-445x187.jpg 445w, https:\/\/piant.nl\/wp-content\/uploads\/2021\/01\/piant-header-snijden-915x385.jpg 915w, https:\/\/piant.nl\/wp-content\/uploads\/2021\/01\/piant-header-snijden-768x323.jpg 768w, https:\/\/piant.nl\/wp-content\/uploads\/2021\/01\/piant-header-snijden-300x126.jpg 300w, https:\/\/piant.nl\/wp-content\/uploads\/2021\/01\/piant-header-snijden-1024x431.jpg 1024w\" sizes=\"auto, (max-width: 1440px) 100vw, 1440px\" \/><div class=\"wp-block-cover__inner-container is-layout-flow wp-block-cover-is-layout-flow\">\n<h1 class=\"wp-block-heading\">Arbeiten bei<\/h1>\n\n\n\n<p><\/p>\n<\/div><\/div>\n<div class=\"usps alignfull\"><div class=\"inner-container\"><ul class=\"usp-list\"><li class=\"rating\">Kundenmeinung 8.7<\/li><li>Zuverl\u00e4ssigkeit<\/li><li>Fachwissen<\/li><\/ul><\/div><\/div>\n\n\n<h3 class=\"wp-block-heading\"><strong>Bewerbung \/ Interesse<\/strong><\/h3>\n\n\n\n<p>Sind Sie interessiert und erf\u00fcllen Sie die Anforderungen eines der beiden Profile? Dann freuen wir uns auf Ihre Bewerbung mit Lebenslauf und Motivationsschreiben. Sie k\u00f6nnen sich bewerben, indem Sie eine E-Mail an <a href=\"mailto:pz@piant.nl\" class=\"ek-link\"\"><span>pz@piant.nl<\/span><\/a> zu H\u00e4nden von Jolanda Konings senden.<\/p>\n\n\n\n<h2 class=\"wp-block-heading\"><strong>Arbeitervorbereiter \/ bauzeichner<\/strong><\/h2>\n\n\n\n<p>Sie suchen eine anspruchsvolle T\u00e4tigkeit als Planer \/ Zeichner, in der Sie sich weiterentwickeln k\u00f6nnen? Dann ist dies der richtige Job f\u00fcr Sie!<\/p>\n\n\n\n<p>Sie unterst\u00fctzen die Planungsabteilung. Das bedeutet, dass Sie Kundenauftr\u00e4ge zu Arbeitsauftr\u00e4gen verarbeiten. Dabei m\u00fcssen die Anforderungen des Kunden in den Auftrag \u00fcbersetzt werden, Artikel und Bearbeitungspl\u00e4ne erstellt werden, aber auch Zeichnungen und Arbeitsanweisungen.<\/p>\n\n\n\n<p>Das alles tun Sie in einem Team von Planern und Verk\u00e4ufern. Es ist wichtig, dass Sie gut zusammenarbeiten und kommunizieren, um den Auftrag so klar wie m\u00f6glich zu gestalten.<\/p>\n\n\n\n<p>Letztendlich sind Sie f\u00fcr den Auftrag verantwortlich, der in die Produktion aufgenommen wird, und Sie werden gebeten, alle Fragen zum Auftrag zu beantworten. Dadurch entsteht auch eine Zusammenarbeit mit den Mitarbeitern im Produktionsbereich.<\/p>\n\n\n\n<p>Aufgaben<\/p>\n\n\n\n<ul role=\"list\" class=\"wp-block-list\"><li>Entgegennahme von Auftr\u00e4gen\/Anfragen aus dem Vertrieb und von Kunden<\/li><li>Erstellen und Versenden von Auftragsbest\u00e4tigungen f\u00fcr Nachbestellungen und Bereitstellung zus\u00e4tzlicher Informationen, falls erforderlich<\/li><li>Beratung von Kunden \u00fcber Anwendungen, Produkte und Materialien<\/li><li>Erstellen von technischen Zeichnungen mit Hilfe von verschiedenen Zeichenprogrammen<\/li><li>Berechnungen durchf\u00fchren, um so effizient wie m\u00f6glich zu produzieren<\/li><li>Beantwortung interner und externer Fragen anhand der gelieferten Zeichnungen und Informationen<\/li><li>Sammeln von Zeichnungen und Dokumentation<\/li><li>Vorbereitung \/ Ausarbeitung von Produktionst\u00e4tigkeiten in Arbeitspl\u00e4nen, Material- und St\u00fccklisten, etc.<\/li><li>Bestellung von Materialien und Dienstleistungen in Absprache mit dem Eink\u00e4ufer<\/li><li>\u00dcberwachung der Einhaltung von Vereinbarungen (rechtzeitige Verf\u00fcgbarkeit und Qualit\u00e4t von Materialien und Dienstleistungen)<\/li><li>L\u00f6sen von auftretenden Problemen in Absprache mit den Beteiligten.<\/li><li>\u00dcberwachen Sie die Produktion und informieren Sie rechtzeitig \u00fcber den Stand der Dinge und m\u00f6gliche Konsequenzen.<\/li><\/ul>\n\n\n\n<p>Zust\u00e4ndigkeiten<\/p>\n\n\n\n<ul role=\"list\" class=\"wp-block-list\"><li>Bearbeitung von Kundenanforderungen<\/li><li>Dokumentation archivieren<\/li><li>Korrekte und vollst\u00e4ndige Beratung<\/li><li>Qualit\u00e4t und Effizienz von Zeichnungen<\/li><li>Liefern Sie verf\u00fcgbare und korrekte Zeichnungen und Berechnungen termingerecht<\/li><li>Korrekte Erfassung der Dokumentation<\/li><li>Erstellen effizienter Layouts<\/li><li>Kundenzufriedenheit<\/li><li>Qualit\u00e4t der Vorbereitung<\/li><li>Liefern Sie verf\u00fcgbare Dokumente, Materialien und Dienstleistungen p\u00fcnktlich<\/li><li>Methode zur Probleml\u00f6sung<\/li><li>Angemessenheit der Informationsbereitstellung zu technischen Planungsfragen<\/li><li>Grad der Signalisierung und Reaktion auf Unterbrechungen<\/li><\/ul>\n\n\n\n<p>Zust\u00e4ndigkeiten<\/p>\n\n\n\n<ul role=\"list\" class=\"wp-block-list\"><li>Effizientes Arbeiten<\/li><li>Kundenorientierung<\/li><li>Kommunikationsf\u00e4higkeit<\/li><li>Genauigkeit<\/li><li>Zusammenarbeit mit Kunden<\/li><\/ul>\n\n\n\n<p>Bildung; Realschulabschluss<\/p>\n\n\n\n<p>Art der Besch\u00e4ftigung: Vollzeit, unbefristet<\/p>\n\n\n\n<p>Zus\u00e4tzliche Zahlungen:<\/p>\n\n\n\n<ul role=\"list\" class=\"wp-block-list\"><li>\u00dcberstundenverg\u00fctung<\/li><li>Urlaubsgeld<\/li><\/ul>\n\n\n\n<p>Vorteile bei der Besch\u00e4ftigung:<\/p>\n\n\n\n<ul role=\"list\" class=\"wp-block-list\"><li>Firmenfeiern<\/li><li>Weihnachts-Paket<\/li><li>Pension<\/li><li>Reisekostenpauschale<\/li><li>Freitagnachmittag Getr\u00e4nke<\/li><\/ul>\n\n\n\n<p>Arbeitszeiten:<\/p>\n\n\n\n<p>Tagschicht, Mo-Fr<\/p>\n\n\n\n<h2 class=\"wp-block-heading\">MASCHINENBEDIENER LASERABTEILUNG<\/h2>\n\n\n\n<p>Sie suchen eine anspruchsvolle T\u00e4tigkeit als Laser Operator, in der Sie sich weiterentwickeln k\u00f6nnen? Dann ist dies der richtige Job f\u00fcr Sie! Als Laserbediener m\u00fcssen Sie in der Lage sein, die Lasermaschine selbstst\u00e4ndig zu bedienen, einzustellen und zu warten. Es wird erwartet, dass Sie beurteilen k\u00f6nnen, wann ein Laser Abweichungen aufweist und ob er sicher zu handhaben ist. Sie m\u00fcssen auch in der Lage sein, Auftr\u00e4ge zu lesen, zu bewerten und abzuzeichnen. Qualit\u00e4t steht immer an erster Stelle. Zu jeder Zeit werden die Maschinen, die Umgebung und die Kollegen sauber und korrekt behandelt.<\/p>\n\n\n\n<p>Aufgaben<\/p>\n\n\n\n<ul role=\"list\" class=\"wp-block-list\"><li>Bewertung von Fertigungsauftr\u00e4gen<\/li><li>Ger\u00e4te einstellen\/abstimmen<\/li><li>\u00dcberwachung und Einstellung von Parametern w\u00e4hrend des Prozesses<\/li><li>Signalisierungsabweichungen<\/li><li>Grundlegende Wartung von Maschinen<\/li><li>Behebung von kleineren St\u00f6rungen<\/li><li>Erfassen von Produktionszeiten<\/li><li>Parameter registrieren<\/li><li>Einhaltung von Qualit\u00e4ts-, Rechts- und Unternehmensverpflichtungen und verfahren in Bezug auf Sicherheit und Umwelt<\/li><li>Erkennen und Melden von Abweichungen an den Vorgesetzten.<\/li><\/ul>\n\n\n\n<p>Verantwortlichkeiten:<\/p>\n\n\n\n<ul role=\"list\" class=\"wp-block-list\"><li>Maschineneinstellungen und Grundmaterial entsprechen dem Auftrag<\/li><li>Sicherheit nach Vorschrift<\/li><li>Qualit\u00e4t des Endprodukts<\/li><li>Produktivit\u00e4t der Linie<\/li><li>Kontinuit\u00e4t bei der Nutzung der Maschinen<\/li><li>Helfen Sie bei der Verbesserung von Auftr\u00e4gen und Abl\u00e4ufen<\/li><li>Grad und Art der Einhaltung von Vorschriften<\/li><li>Rechtzeitigkeit der Signalisierung und Berichterstattung<\/li><li>Saubere Arbeitsumgebung<\/li><\/ul>\n\n\n\n<p>Zust\u00e4ndigkeiten:<\/p>\n\n\n\n<ul role=\"list\" class=\"wp-block-list\"><li>Steuerung<\/li><li>Effizientes Arbeiten<\/li><li>Qualit\u00e4tsbewusstsein<\/li><li>Zusammenarbeit mit anderen<\/li><li>Ordnung, Sauberkeit und ein Auge f\u00fcr sichere Arbeitsabl\u00e4ufe<\/li><\/ul>\n\n\n\n<p>Art der Besch\u00e4ftigung: Vollzeit, befristet<\/p>\n\n\n\n<p>Zus\u00e4tzliche Zahlungen:<\/p>\n\n\n\n<ul role=\"list\" class=\"wp-block-list\"><li>Bezahlte \u00dcberstunden<\/li><li>Urlaubsgeld<\/li><\/ul>\n\n\n\n<p>Besch\u00e4ftigungsbedingungen:<\/p>\n\n\n\n<ul role=\"list\" class=\"wp-block-list\"><li>Weihnachts-Paket<\/li><li>Pension<\/li><li>Reisekostenpauschale<\/li><li>Freitagnachmittag Getr\u00e4nke<\/li><\/ul>\n\n\n\n<p>Arbeitszeiten: Tagschicht<\/p>\n\n\n\n<p>Ausbildung: MBO<\/p>\n","protected":false},"excerpt":{"rendered":"<p>Bewerbung \/ Interesse Sind Sie interessiert und erf\u00fcllen Sie die Anforderungen eines der beiden Profile? Dann freuen wir uns auf [&hellip;]<\/p>\n","protected":false},"author":1,"featured_media":0,"parent":1352,"menu_order":0,"comment_status":"closed","ping_status":"closed","template":"blocks.php","meta":{"_acf_changed":false,"_editorskit_title_hidden":false,"_editorskit_reading_time":2,"_editorskit_is_block_options_detached":false,"_editorskit_block_options_position":"{}","_improvement_type_select":"improve_an_existing","_thumb_yes_seoaic":false,"_frame_yes_seoaic":false,"seoaic_generate_description":"","seoaic_improve_instructions_prompt":"","seoaic_rollback_content_improvement":"","seoaic_idea_thumbnail_generator":"","thumbnail_generated":false,"thumbnail_generate_prompt":"","seoaic_article_description":"","inline_featured_image":false,"_genesis_hide_title":false,"_genesis_hide_breadcrumbs":false,"_genesis_hide_singular_image":false,"_genesis_hide_footer_widgets":false,"_genesis_custom_body_class":"","_genesis_custom_post_class":"","_genesis_layout":"","footnotes":""},"class_list":{"0":"post-1467","1":"page","2":"type-page","3":"status-publish","5":"entry"},"acf":[],"yoast_head":"<!-- This site is optimized with the Yoast SEO plugin v27.6 - https:\/\/yoast.com\/product\/yoast-seo-wordpress\/ -->\n<title>Arbeiten bei - Piant B.V.<\/title>\n<meta name=\"robots\" content=\"index, follow, max-snippet:-1, max-image-preview:large, max-video-preview:-1\" \/>\n<link rel=\"canonical\" href=\"https:\/\/piant.nl\/de\/uber-piant\/arbeiten-bei\/\" \/>\n<meta property=\"og:locale\" content=\"de_DE\" \/>\n<meta property=\"og:type\" content=\"article\" \/>\n<meta property=\"og:title\" content=\"Arbeiten bei - Piant B.V.\" \/>\n<meta property=\"og:description\" content=\"Bewerbung \/ Interesse Sind Sie interessiert und erf\u00fcllen Sie die Anforderungen eines der beiden Profile? Dann freuen wir uns auf [&hellip;]\" \/>\n<meta property=\"og:url\" content=\"https:\/\/piant.nl\/de\/uber-piant\/arbeiten-bei\/\" \/>\n<meta property=\"og:site_name\" content=\"Piant B.V.\" \/>\n<meta property=\"article:publisher\" content=\"https:\/\/www.facebook.com\/Piant.stansen.laseren.snijden\/\" \/>\n<meta property=\"article:modified_time\" content=\"2021-06-18T11:16:43+00:00\" \/>\n<meta property=\"og:image\" content=\"https:\/\/piant.nl\/wp-content\/uploads\/2021\/01\/piant-header-snijden.jpg\" \/>\n<meta name=\"twitter:card\" content=\"summary_large_image\" \/>\n<script type=\"application\/ld+json\" class=\"yoast-schema-graph\">{\"@context\":\"https:\\\/\\\/schema.org\",\"@graph\":[{\"@type\":[\"WebPage\",\"AboutPage\"],\"@id\":\"https:\\\/\\\/piant.nl\\\/de\\\/uber-piant\\\/arbeiten-bei\\\/\",\"url\":\"https:\\\/\\\/piant.nl\\\/de\\\/uber-piant\\\/arbeiten-bei\\\/\",\"name\":\"Arbeiten bei - Piant B.V.\",\"isPartOf\":{\"@id\":\"https:\\\/\\\/piant.nl\\\/de\\\/#website\"},\"primaryImageOfPage\":{\"@id\":\"https:\\\/\\\/piant.nl\\\/de\\\/uber-piant\\\/arbeiten-bei\\\/#primaryimage\"},\"image\":{\"@id\":\"https:\\\/\\\/piant.nl\\\/de\\\/uber-piant\\\/arbeiten-bei\\\/#primaryimage\"},\"thumbnailUrl\":\"https:\\\/\\\/piant.nl\\\/wp-content\\\/uploads\\\/2021\\\/01\\\/piant-header-snijden.jpg\",\"datePublished\":\"2021-01-27T15:44:02+00:00\",\"dateModified\":\"2021-06-18T11:16:43+00:00\",\"breadcrumb\":{\"@id\":\"https:\\\/\\\/piant.nl\\\/de\\\/uber-piant\\\/arbeiten-bei\\\/#breadcrumb\"},\"inLanguage\":\"de\",\"potentialAction\":[{\"@type\":\"ReadAction\",\"target\":[\"https:\\\/\\\/piant.nl\\\/de\\\/uber-piant\\\/arbeiten-bei\\\/\"]}]},{\"@type\":\"ImageObject\",\"inLanguage\":\"de\",\"@id\":\"https:\\\/\\\/piant.nl\\\/de\\\/uber-piant\\\/arbeiten-bei\\\/#primaryimage\",\"url\":\"https:\\\/\\\/piant.nl\\\/wp-content\\\/uploads\\\/2021\\\/01\\\/piant-header-snijden.jpg\",\"contentUrl\":\"https:\\\/\\\/piant.nl\\\/wp-content\\\/uploads\\\/2021\\\/01\\\/piant-header-snijden.jpg\"},{\"@type\":\"BreadcrumbList\",\"@id\":\"https:\\\/\\\/piant.nl\\\/de\\\/uber-piant\\\/arbeiten-bei\\\/#breadcrumb\",\"itemListElement\":[{\"@type\":\"ListItem\",\"position\":1,\"name\":\"Home\",\"item\":\"https:\\\/\\\/piant.nl\\\/de\\\/\"},{\"@type\":\"ListItem\",\"position\":2,\"name\":\"\u00dcber Piant\",\"item\":\"https:\\\/\\\/piant.nl\\\/de\\\/over-piant\\\/\"},{\"@type\":\"ListItem\",\"position\":3,\"name\":\"Arbeiten bei\"}]},{\"@type\":\"WebSite\",\"@id\":\"https:\\\/\\\/piant.nl\\\/de\\\/#website\",\"url\":\"https:\\\/\\\/piant.nl\\\/de\\\/\",\"name\":\"Piant B.V.\",\"description\":\"\",\"publisher\":{\"@id\":\"https:\\\/\\\/piant.nl\\\/de\\\/#organization\"},\"potentialAction\":[{\"@type\":\"SearchAction\",\"target\":{\"@type\":\"EntryPoint\",\"urlTemplate\":\"https:\\\/\\\/piant.nl\\\/de\\\/?s={search_term_string}\"},\"query-input\":{\"@type\":\"PropertyValueSpecification\",\"valueRequired\":true,\"valueName\":\"search_term_string\"}}],\"inLanguage\":\"de\"},{\"@type\":\"Organization\",\"@id\":\"https:\\\/\\\/piant.nl\\\/de\\\/#organization\",\"name\":\"PIANT B.V.\",\"url\":\"https:\\\/\\\/piant.nl\\\/de\\\/\",\"logo\":{\"@type\":\"ImageObject\",\"inLanguage\":\"de\",\"@id\":\"https:\\\/\\\/piant.nl\\\/de\\\/#\\\/schema\\\/logo\\\/image\\\/\",\"url\":\"https:\\\/\\\/piant.nl\\\/wp-content\\\/uploads\\\/2021\\\/01\\\/piant.png\",\"contentUrl\":\"https:\\\/\\\/piant.nl\\\/wp-content\\\/uploads\\\/2021\\\/01\\\/piant.png\",\"width\":512,\"height\":126,\"caption\":\"PIANT B.V.\"},\"image\":{\"@id\":\"https:\\\/\\\/piant.nl\\\/de\\\/#\\\/schema\\\/logo\\\/image\\\/\"},\"sameAs\":[\"https:\\\/\\\/www.facebook.com\\\/Piant.stansen.laseren.snijden\\\/\",\"https:\\\/\\\/www.linkedin.com\\\/company\\\/piant\\\/\",\"https:\\\/\\\/www.youtube.com\\\/user\\\/PiantStanztechniekBV\"]}]}<\/script>\n<!-- \/ Yoast SEO plugin. -->","yoast_head_json":{"title":"Arbeiten bei - Piant B.V.","robots":{"index":"index","follow":"follow","max-snippet":"max-snippet:-1","max-image-preview":"max-image-preview:large","max-video-preview":"max-video-preview:-1"},"canonical":"https:\/\/piant.nl\/de\/uber-piant\/arbeiten-bei\/","og_locale":"de_DE","og_type":"article","og_title":"Arbeiten bei - Piant B.V.","og_description":"Bewerbung \/ Interesse Sind Sie interessiert und erf\u00fcllen Sie die Anforderungen eines der beiden Profile? Dann freuen wir uns auf [&hellip;]","og_url":"https:\/\/piant.nl\/de\/uber-piant\/arbeiten-bei\/","og_site_name":"Piant B.V.","article_publisher":"https:\/\/www.facebook.com\/Piant.stansen.laseren.snijden\/","article_modified_time":"2021-06-18T11:16:43+00:00","og_image":[{"url":"https:\/\/piant.nl\/wp-content\/uploads\/2021\/01\/piant-header-snijden.jpg","type":"","width":"","height":""}],"twitter_card":"summary_large_image","schema":{"@context":"https:\/\/schema.org","@graph":[{"@type":["WebPage","AboutPage"],"@id":"https:\/\/piant.nl\/de\/uber-piant\/arbeiten-bei\/","url":"https:\/\/piant.nl\/de\/uber-piant\/arbeiten-bei\/","name":"Arbeiten bei - Piant B.V.","isPartOf":{"@id":"https:\/\/piant.nl\/de\/#website"},"primaryImageOfPage":{"@id":"https:\/\/piant.nl\/de\/uber-piant\/arbeiten-bei\/#primaryimage"},"image":{"@id":"https:\/\/piant.nl\/de\/uber-piant\/arbeiten-bei\/#primaryimage"},"thumbnailUrl":"https:\/\/piant.nl\/wp-content\/uploads\/2021\/01\/piant-header-snijden.jpg","datePublished":"2021-01-27T15:44:02+00:00","dateModified":"2021-06-18T11:16:43+00:00","breadcrumb":{"@id":"https:\/\/piant.nl\/de\/uber-piant\/arbeiten-bei\/#breadcrumb"},"inLanguage":"de","potentialAction":[{"@type":"ReadAction","target":["https:\/\/piant.nl\/de\/uber-piant\/arbeiten-bei\/"]}]},{"@type":"ImageObject","inLanguage":"de","@id":"https:\/\/piant.nl\/de\/uber-piant\/arbeiten-bei\/#primaryimage","url":"https:\/\/piant.nl\/wp-content\/uploads\/2021\/01\/piant-header-snijden.jpg","contentUrl":"https:\/\/piant.nl\/wp-content\/uploads\/2021\/01\/piant-header-snijden.jpg"},{"@type":"BreadcrumbList","@id":"https:\/\/piant.nl\/de\/uber-piant\/arbeiten-bei\/#breadcrumb","itemListElement":[{"@type":"ListItem","position":1,"name":"Home","item":"https:\/\/piant.nl\/de\/"},{"@type":"ListItem","position":2,"name":"\u00dcber Piant","item":"https:\/\/piant.nl\/de\/over-piant\/"},{"@type":"ListItem","position":3,"name":"Arbeiten bei"}]},{"@type":"WebSite","@id":"https:\/\/piant.nl\/de\/#website","url":"https:\/\/piant.nl\/de\/","name":"Piant B.V.","description":"","publisher":{"@id":"https:\/\/piant.nl\/de\/#organization"},"potentialAction":[{"@type":"SearchAction","target":{"@type":"EntryPoint","urlTemplate":"https:\/\/piant.nl\/de\/?s={search_term_string}"},"query-input":{"@type":"PropertyValueSpecification","valueRequired":true,"valueName":"search_term_string"}}],"inLanguage":"de"},{"@type":"Organization","@id":"https:\/\/piant.nl\/de\/#organization","name":"PIANT B.V.","url":"https:\/\/piant.nl\/de\/","logo":{"@type":"ImageObject","inLanguage":"de","@id":"https:\/\/piant.nl\/de\/#\/schema\/logo\/image\/","url":"https:\/\/piant.nl\/wp-content\/uploads\/2021\/01\/piant.png","contentUrl":"https:\/\/piant.nl\/wp-content\/uploads\/2021\/01\/piant.png","width":512,"height":126,"caption":"PIANT B.V."},"image":{"@id":"https:\/\/piant.nl\/de\/#\/schema\/logo\/image\/"},"sameAs":["https:\/\/www.facebook.com\/Piant.stansen.laseren.snijden\/","https:\/\/www.linkedin.com\/company\/piant\/","https:\/\/www.youtube.com\/user\/PiantStanztechniekBV"]}]}},"_links":{"self":[{"href":"https:\/\/piant.nl\/de\/wp-json\/wp\/v2\/pages\/1467","targetHints":{"allow":["GET"]}}],"collection":[{"href":"https:\/\/piant.nl\/de\/wp-json\/wp\/v2\/pages"}],"about":[{"href":"https:\/\/piant.nl\/de\/wp-json\/wp\/v2\/types\/page"}],"author":[{"embeddable":true,"href":"https:\/\/piant.nl\/de\/wp-json\/wp\/v2\/users\/1"}],"replies":[{"embeddable":true,"href":"https:\/\/piant.nl\/de\/wp-json\/wp\/v2\/comments?post=1467"}],"version-history":[{"count":0,"href":"https:\/\/piant.nl\/de\/wp-json\/wp\/v2\/pages\/1467\/revisions"}],"up":[{"embeddable":true,"href":"https:\/\/piant.nl\/de\/wp-json\/wp\/v2\/pages\/1352"}],"wp:attachment":[{"href":"https:\/\/piant.nl\/de\/wp-json\/wp\/v2\/media?parent=1467"}],"curies":[{"name":"wp","href":"https:\/\/api.w.org\/{rel}","templated":true}]}}