{"id":1389,"date":"2021-01-27T16:27:27","date_gmt":"2021-01-27T15:27:27","guid":{"rendered":"https:\/\/piant.nl\/materialen\/papier\/"},"modified":"2021-06-18T00:05:22","modified_gmt":"2021-06-17T22:05:22","slug":"papier","status":"publish","type":"page","link":"https:\/\/piant.nl\/de\/materialien\/papier\/","title":{"rendered":"Papier"},"content":{"rendered":"\n<div class=\"wp-block-cover alignfull\"><img loading=\"lazy\" decoding=\"async\" width=\"1750\" height=\"800\" class=\"wp-block-cover__image-background wp-image-904\" alt=\"\" src=\"https:\/\/piant.nl\/wp-content\/uploads\/2021\/02\/5.png\" style=\"object-position:70% 49%\" data-object-fit=\"cover\" data-object-position=\"70% 49%\" srcset=\"https:\/\/piant.nl\/wp-content\/uploads\/2021\/02\/5.png 1750w, https:\/\/piant.nl\/wp-content\/uploads\/2021\/02\/5-445x203.png 445w, https:\/\/piant.nl\/wp-content\/uploads\/2021\/02\/5-915x418.png 915w, https:\/\/piant.nl\/wp-content\/uploads\/2021\/02\/5-768x351.png 768w, https:\/\/piant.nl\/wp-content\/uploads\/2021\/02\/5-1536x702.png 1536w\" sizes=\"auto, (max-width: 1750px) 100vw, 1750px\" \/><div class=\"wp-block-cover__inner-container is-layout-flow wp-block-cover-is-layout-flow\">\n<h1 class=\"wp-block-heading\">Papier<\/h1>\n\n\n\n<p>Papier stanzen? Bei PIANT ist es m\u00f6glich. Wir k\u00f6nnen alle Arten von Materialien mithilfe von Stanztechniken in einfachen Formen und Winkeln verarbeiten und so f\u00fcr den Einsatz in der grafischen Industrie bereitstellen.<\/p>\n<\/div><\/div>\n<div class=\"usps alignfull\"><div class=\"inner-container\"><ul class=\"usp-list\"><li class=\"rating\">Kundenmeinung 8.7<\/li><li>Zuverl\u00e4ssigkeit<\/li><li>Fachwissen<\/li><\/ul><\/div><\/div>\n\n\n<h2 class=\"has-text-align-center wp-block-heading\">Ihr zuverl\u00e4ssiger partner<\/h2>\n\n\n\n<p>Der Ursprung von PIANT findet sich im Stanzen von Kunststoff. Heutzutage machen wir viel mehr als blo\u00df Kunststoff stanzen. Wir verf\u00fcgen mittlerweile \u00fcber moderne, grafische Maschinen, mit denen wir Grafikkartonagen in bester Qualit\u00e4t liefern. Dazu verf\u00fcgen wir \u00fcber viel Wissen im eigenen Hause, und unterst\u00fctzen unsere Auftraggeber bei ihren W\u00fcnschen. So finden wir immer die beste L\u00f6sung zu einem bezahlbaren Preis.<\/p>\n\n\n\n<h3 class=\"wp-block-heading\">Bearbeitungsm\u00f6glichkeiten papier<\/h3>\n\n\n\n<ul role=\"list\" class=\"wp-block-list\"><li>Rillen<\/li><li>Laserstanzen<\/li><li>Falten<\/li><li>Perforieren<\/li><li>Plotterschneiden<\/li><li>Stanzen<\/li><\/ul>\n\n\n\n<h3 class=\"has-text-align-center wp-block-heading\">Referenzen<\/h3>\n\n\n\n<figure class=\"wp-block-gallery aligncenter columns-4 wp-block-gallery-1 is-layout-flex wp-block-gallery-is-layout-flex\"><ul class=\"blocks-gallery-grid\"><li class=\"blocks-gallery-item\"><figure><img loading=\"lazy\" decoding=\"async\" width=\"128\" height=\"49\" src=\"\/wp-content\/uploads\/2021\/01\/efteling.svg\" alt=\"\" data-id=\"45\" data-full-url=\"\/wp-content\/uploads\/2021\/01\/efteling.svg\" data-link=\"\/?attachment_id=45\" class=\"wp-image-45\"\/><\/figure><\/li><li class=\"blocks-gallery-item\"><figure><img loading=\"lazy\" decoding=\"async\" width=\"96\" height=\"16\" src=\"\/wp-content\/uploads\/2021\/01\/secrid.svg\" alt=\"\" data-id=\"44\" data-full-url=\"\/wp-content\/uploads\/2021\/01\/secrid.svg\" data-link=\"\/?attachment_id=44\" class=\"wp-image-44\"\/><\/figure><\/li><li class=\"blocks-gallery-item\"><figure><img loading=\"lazy\" decoding=\"async\" width=\"82\" height=\"48\" src=\"\/wp-content\/uploads\/2021\/01\/klm.svg\" alt=\"\" data-id=\"42\" data-full-url=\"\/wp-content\/uploads\/2021\/01\/klm.svg\" data-link=\"\/?attachment_id=42\" class=\"wp-image-42\"\/><\/figure><\/li><li class=\"blocks-gallery-item\"><figure><img loading=\"lazy\" decoding=\"async\" width=\"148\" height=\"19\" src=\"\/wp-content\/uploads\/2021\/01\/radboud-umg.svg\" alt=\"\" data-id=\"40\" data-full-url=\"\/wp-content\/uploads\/2021\/01\/radboud-umg.svg\" data-link=\"\/?attachment_id=40\" class=\"wp-image-40\"\/><\/figure><\/li><li class=\"blocks-gallery-item\"><figure><img loading=\"lazy\" decoding=\"async\" width=\"143\" height=\"27\" src=\"\/wp-content\/uploads\/2021\/01\/nespresso.svg\" alt=\"\" data-id=\"46\" data-full-url=\"\/wp-content\/uploads\/2021\/01\/nespresso.svg\" data-link=\"\/?attachment_id=46\" class=\"wp-image-46\"\/><\/figure><\/li><li class=\"blocks-gallery-item\"><figure><img loading=\"lazy\" decoding=\"async\" width=\"92\" height=\"45\" src=\"\/wp-content\/uploads\/2021\/01\/vdl.svg\" alt=\"\" data-id=\"43\" data-full-url=\"\/wp-content\/uploads\/2021\/01\/vdl.svg\" data-link=\"\/?attachment_id=43\" class=\"wp-image-43\"\/><\/figure><\/li><li class=\"blocks-gallery-item\"><figure><img loading=\"lazy\" decoding=\"async\" width=\"119\" height=\"23\" src=\"\/wp-content\/uploads\/2021\/01\/philips.svg\" alt=\"\" data-id=\"41\" data-full-url=\"\/wp-content\/uploads\/2021\/01\/philips.svg\" data-link=\"\/?attachment_id=41\" class=\"wp-image-41\"\/><\/figure><\/li><li class=\"blocks-gallery-item\"><figure><img loading=\"lazy\" decoding=\"async\" width=\"93\" height=\"43\" src=\"\/wp-content\/uploads\/2021\/01\/accell.jpg\" alt=\"\" data-id=\"47\" data-full-url=\"\/wp-content\/uploads\/2021\/01\/accell.jpg\" data-link=\"\/?attachment_id=47\" class=\"wp-image-47\"\/><\/figure><\/li><\/ul><\/figure>\n\n\n\n<div class=\"wp-block-cover alignfull has-background-dim-20 has-background-dim is-style-default\" style=\"min-height:430px;aspect-ratio:unset;\"><img loading=\"lazy\" decoding=\"async\" width=\"1750\" height=\"800\" class=\"wp-block-cover__image-background wp-image-921\" alt=\"\" src=\"https:\/\/piant.nl\/wp-content\/uploads\/2021\/02\/7-1.png\" data-object-fit=\"cover\" srcset=\"https:\/\/piant.nl\/wp-content\/uploads\/2021\/02\/7-1.png 1750w, https:\/\/piant.nl\/wp-content\/uploads\/2021\/02\/7-1-445x203.png 445w, https:\/\/piant.nl\/wp-content\/uploads\/2021\/02\/7-1-915x418.png 915w, https:\/\/piant.nl\/wp-content\/uploads\/2021\/02\/7-1-768x351.png 768w, https:\/\/piant.nl\/wp-content\/uploads\/2021\/02\/7-1-1536x702.png 1536w\" sizes=\"auto, (max-width: 1750px) 100vw, 1750px\" \/><div class=\"wp-block-cover__inner-container is-layout-flow wp-block-cover-is-layout-flow\">\n<h2 class=\"is-style-large wp-block-heading\">Fachwissen und zuverl\u00e4ssigkeit<\/h2>\n\n\n\n<p><\/p>\n<\/div><\/div>\n\n\n\n<h2 class=\"has-text-align-center wp-block-heading\">Die neuesten Verfahren und Maschinen<\/h2>\n\n\n\n<p>Wir verf\u00fcgen \u00fcber einen beeindruckenden Maschinenpark. Dieser umfasst etwa folgende Stanzmaschinen: Ein BOBST, ein WUPA, Tiegeldruckpressen, Exzenterpressen, Schneidemaschinen und eine Zylinderpresse, welche beim Stanzen eingesetzt werden. Des Weiteren verf\u00fcgen wir \u00fcber eine CNC-Stanzmaschine, die computergesteuert arbeitet. So k\u00f6nnen wir Materialien schnell und effizient verarbeiten und dabei den Materialverbrauch minimalisieren. So k\u00f6nnen Sie sicher sein, dass Sie Ihr Produkt bei uns g\u00fcnstig und schnell realisieren k\u00f6nnen.<\/p>\n\n\n\n<h3 class=\"has-text-align-center wp-block-heading\">Die Materialien<\/h3>\n\n\n\n<p>Es folgt eine \u00dcbersicht, mit dem Ziel, Ihnen einen Eindruck zu vermitteln, welche Materialien wir verarbeiten. Wir sind in der Lage, unterschiedliche Materialien vom Blech oder von der Rolle zu verarbeiten.<\/p>\n\n\n\n<div class=\"wp-block-columns is-layout-flex wp-container-core-columns-is-layout-9d6595d7 wp-block-columns-is-layout-flex\">\n<div class=\"wp-block-column is-layout-flow wp-block-column-is-layout-flow\">\n<ul role=\"list\" class=\"wp-block-list\"><li>Polyesterwolle<\/li><li><a href=\"https:\/\/piant.nl\/de\/materialien\/polyprop\/\" class=\"ek-link\"\"><span>Polypropylen<\/span><\/a><\/li><li><a href=\"\/de\/materialien\/filz\/\" class=\"ek-link\"\"><span>Filz<\/span><\/a><\/li><li><a href=\"https:\/\/piant.nl\/de\/materialien\/pe-2\/\" class=\"ek-link\"\"><span>PE Schaumstoff<\/span><\/a><\/li><li>Polystyrol<\/li><li>LDPE (Rolle)<\/li><\/ul>\n<\/div>\n\n\n\n<div class=\"wp-block-column is-layout-flow wp-block-column-is-layout-flow\">\n<ul role=\"list\" class=\"wp-block-list\"><li>PVC<\/li><li>PET-G<\/li><li>Dachfolie<\/li><li><a href=\"https:\/\/piant.nl\/de\/materialien\/epdm\/\" class=\"ek-link\"\"><span>EPDM<\/span><\/a><\/li><li>HDPE<\/li><li><a href=\"https:\/\/piant.nl\/de\/materialien\/leder\/\" class=\"ek-link\"\"><span>Leder<\/span><\/a><\/li><li><a href=\"https:\/\/piant.nl\/de\/materialien\/pe-2\/\" class=\"ek-link\"\"><span>PE<\/span><\/a><\/li><\/ul>\n<\/div>\n\n\n\n<div class=\"wp-block-column is-layout-flow wp-block-column-is-layout-flow\">\n<ul role=\"list\" class=\"wp-block-list\"><li>BO-PET<\/li><li>Holz<\/li><li><a href=\"https:\/\/piant.nl\/de\/materialien\/birkensperrholz\" class=\"ek-link\"\"><span>Birkensperrholz<\/span><\/a><\/li><li>EPDM-Kautschuk<\/li><li>Latex-Kautschuk <\/li><li><a href=\"https:\/\/piant.nl\/de\/materialien\/schaumstoff\" class=\"ek-link\"\"><span>Schaumstoff<\/span><\/a><\/li><\/ul>\n<\/div>\n\n\n\n<div class=\"wp-block-column is-layout-flow wp-block-column-is-layout-flow\">\n<ul role=\"list\" class=\"wp-block-list\"><li>Neopren<\/li><li><a href=\"https:\/\/piant.nl\/de\/materialien\/pappe\/\" class=\"ek-link\"\"><span>Pappe<\/span><\/a><\/li><li>Baumwolle<\/li><li><a href=\"https:\/\/piant.nl\/de\/materialien\/papier\/\" class=\"ek-link\"\"><span>Papier<\/span><\/a><\/li><li>Polycarbonat<\/li><li><a href=\"https:\/\/piant.nl\/de\/materialien\/acrylat\/\" class=\"ek-link\"\"><span>Acrylat<\/span><\/a><\/li><\/ul>\n<\/div>\n<\/div>\n","protected":false},"excerpt":{"rendered":"<p>Ihr zuverl\u00e4ssiger partner Der Ursprung von PIANT findet sich im Stanzen von Kunststoff. Heutzutage machen wir viel mehr als blo\u00df [&hellip;]<\/p>\n","protected":false},"author":1,"featured_media":0,"parent":1341,"menu_order":0,"comment_status":"closed","ping_status":"closed","template":"blocks.php","meta":{"_acf_changed":false,"_editorskit_title_hidden":false,"_editorskit_reading_time":1,"_editorskit_is_block_options_detached":false,"_editorskit_block_options_position":"{}","_improvement_type_select":"improve_an_existing","_thumb_yes_seoaic":false,"_frame_yes_seoaic":false,"seoaic_generate_description":"","seoaic_improve_instructions_prompt":"","seoaic_rollback_content_improvement":"","seoaic_idea_thumbnail_generator":"","thumbnail_generated":false,"thumbnail_generate_prompt":"","seoaic_article_description":"","inline_featured_image":false,"_genesis_hide_title":false,"_genesis_hide_breadcrumbs":false,"_genesis_hide_singular_image":false,"_genesis_hide_footer_widgets":false,"_genesis_custom_body_class":"","_genesis_custom_post_class":"","_genesis_layout":"","footnotes":""},"class_list":{"0":"post-1389","1":"page","2":"type-page","3":"status-publish","5":"entry"},"acf":[],"yoast_head":"<!-- This site is optimized with the Yoast SEO plugin v27.6 - https:\/\/yoast.com\/product\/yoast-seo-wordpress\/ -->\n<title>Papier - Piant B.V.<\/title>\n<meta name=\"robots\" content=\"index, follow, max-snippet:-1, max-image-preview:large, max-video-preview:-1\" \/>\n<link rel=\"canonical\" href=\"https:\/\/piant.nl\/de\/materialien\/papier\/\" \/>\n<meta property=\"og:locale\" content=\"de_DE\" \/>\n<meta property=\"og:type\" content=\"article\" \/>\n<meta property=\"og:title\" content=\"Papier - Piant B.V.\" \/>\n<meta property=\"og:description\" content=\"Ihr zuverl\u00e4ssiger partner Der Ursprung von PIANT findet sich im Stanzen von Kunststoff. Heutzutage machen wir viel mehr als blo\u00df [&hellip;]\" \/>\n<meta property=\"og:url\" content=\"https:\/\/piant.nl\/de\/materialien\/papier\/\" \/>\n<meta property=\"og:site_name\" content=\"Piant B.V.\" \/>\n<meta property=\"article:publisher\" content=\"https:\/\/www.facebook.com\/Piant.stansen.laseren.snijden\/\" \/>\n<meta property=\"article:modified_time\" content=\"2021-06-17T22:05:22+00:00\" \/>\n<meta property=\"og:image\" content=\"https:\/\/piant.nl\/wp-content\/uploads\/2021\/02\/5.png\" \/>\n<meta name=\"twitter:card\" content=\"summary_large_image\" \/>\n<script type=\"application\/ld+json\" class=\"yoast-schema-graph\">{\"@context\":\"https:\\\/\\\/schema.org\",\"@graph\":[{\"@type\":\"WebPage\",\"@id\":\"https:\\\/\\\/piant.nl\\\/de\\\/materialien\\\/papier\\\/\",\"url\":\"https:\\\/\\\/piant.nl\\\/de\\\/materialien\\\/papier\\\/\",\"name\":\"Papier - Piant B.V.\",\"isPartOf\":{\"@id\":\"https:\\\/\\\/piant.nl\\\/de\\\/#website\"},\"primaryImageOfPage\":{\"@id\":\"https:\\\/\\\/piant.nl\\\/de\\\/materialien\\\/papier\\\/#primaryimage\"},\"image\":{\"@id\":\"https:\\\/\\\/piant.nl\\\/de\\\/materialien\\\/papier\\\/#primaryimage\"},\"thumbnailUrl\":\"https:\\\/\\\/piant.nl\\\/wp-content\\\/uploads\\\/2021\\\/02\\\/5.png\",\"datePublished\":\"2021-01-27T15:27:27+00:00\",\"dateModified\":\"2021-06-17T22:05:22+00:00\",\"breadcrumb\":{\"@id\":\"https:\\\/\\\/piant.nl\\\/de\\\/materialien\\\/papier\\\/#breadcrumb\"},\"inLanguage\":\"de\",\"potentialAction\":[{\"@type\":\"ReadAction\",\"target\":[\"https:\\\/\\\/piant.nl\\\/de\\\/materialien\\\/papier\\\/\"]}]},{\"@type\":\"ImageObject\",\"inLanguage\":\"de\",\"@id\":\"https:\\\/\\\/piant.nl\\\/de\\\/materialien\\\/papier\\\/#primaryimage\",\"url\":\"https:\\\/\\\/piant.nl\\\/wp-content\\\/uploads\\\/2021\\\/02\\\/5.png\",\"contentUrl\":\"https:\\\/\\\/piant.nl\\\/wp-content\\\/uploads\\\/2021\\\/02\\\/5.png\"},{\"@type\":\"BreadcrumbList\",\"@id\":\"https:\\\/\\\/piant.nl\\\/de\\\/materialien\\\/papier\\\/#breadcrumb\",\"itemListElement\":[{\"@type\":\"ListItem\",\"position\":1,\"name\":\"Home\",\"item\":\"https:\\\/\\\/piant.nl\\\/de\\\/\"},{\"@type\":\"ListItem\",\"position\":2,\"name\":\"Materialien\",\"item\":\"https:\\\/\\\/piant.nl\\\/de\\\/materialen\\\/\"},{\"@type\":\"ListItem\",\"position\":3,\"name\":\"Papier\"}]},{\"@type\":\"WebSite\",\"@id\":\"https:\\\/\\\/piant.nl\\\/de\\\/#website\",\"url\":\"https:\\\/\\\/piant.nl\\\/de\\\/\",\"name\":\"Piant B.V.\",\"description\":\"\",\"publisher\":{\"@id\":\"https:\\\/\\\/piant.nl\\\/de\\\/#organization\"},\"potentialAction\":[{\"@type\":\"SearchAction\",\"target\":{\"@type\":\"EntryPoint\",\"urlTemplate\":\"https:\\\/\\\/piant.nl\\\/de\\\/?s={search_term_string}\"},\"query-input\":{\"@type\":\"PropertyValueSpecification\",\"valueRequired\":true,\"valueName\":\"search_term_string\"}}],\"inLanguage\":\"de\"},{\"@type\":\"Organization\",\"@id\":\"https:\\\/\\\/piant.nl\\\/de\\\/#organization\",\"name\":\"PIANT B.V.\",\"url\":\"https:\\\/\\\/piant.nl\\\/de\\\/\",\"logo\":{\"@type\":\"ImageObject\",\"inLanguage\":\"de\",\"@id\":\"https:\\\/\\\/piant.nl\\\/de\\\/#\\\/schema\\\/logo\\\/image\\\/\",\"url\":\"https:\\\/\\\/piant.nl\\\/wp-content\\\/uploads\\\/2021\\\/01\\\/piant.png\",\"contentUrl\":\"https:\\\/\\\/piant.nl\\\/wp-content\\\/uploads\\\/2021\\\/01\\\/piant.png\",\"width\":512,\"height\":126,\"caption\":\"PIANT B.V.\"},\"image\":{\"@id\":\"https:\\\/\\\/piant.nl\\\/de\\\/#\\\/schema\\\/logo\\\/image\\\/\"},\"sameAs\":[\"https:\\\/\\\/www.facebook.com\\\/Piant.stansen.laseren.snijden\\\/\",\"https:\\\/\\\/www.linkedin.com\\\/company\\\/piant\\\/\",\"https:\\\/\\\/www.youtube.com\\\/user\\\/PiantStanztechniekBV\"]}]}<\/script>\n<!-- \/ Yoast SEO plugin. -->","yoast_head_json":{"title":"Papier - Piant B.V.","robots":{"index":"index","follow":"follow","max-snippet":"max-snippet:-1","max-image-preview":"max-image-preview:large","max-video-preview":"max-video-preview:-1"},"canonical":"https:\/\/piant.nl\/de\/materialien\/papier\/","og_locale":"de_DE","og_type":"article","og_title":"Papier - Piant B.V.","og_description":"Ihr zuverl\u00e4ssiger partner Der Ursprung von PIANT findet sich im Stanzen von Kunststoff. Heutzutage machen wir viel mehr als blo\u00df [&hellip;]","og_url":"https:\/\/piant.nl\/de\/materialien\/papier\/","og_site_name":"Piant B.V.","article_publisher":"https:\/\/www.facebook.com\/Piant.stansen.laseren.snijden\/","article_modified_time":"2021-06-17T22:05:22+00:00","og_image":[{"url":"https:\/\/piant.nl\/wp-content\/uploads\/2021\/02\/5.png","type":"","width":"","height":""}],"twitter_card":"summary_large_image","schema":{"@context":"https:\/\/schema.org","@graph":[{"@type":"WebPage","@id":"https:\/\/piant.nl\/de\/materialien\/papier\/","url":"https:\/\/piant.nl\/de\/materialien\/papier\/","name":"Papier - Piant B.V.","isPartOf":{"@id":"https:\/\/piant.nl\/de\/#website"},"primaryImageOfPage":{"@id":"https:\/\/piant.nl\/de\/materialien\/papier\/#primaryimage"},"image":{"@id":"https:\/\/piant.nl\/de\/materialien\/papier\/#primaryimage"},"thumbnailUrl":"https:\/\/piant.nl\/wp-content\/uploads\/2021\/02\/5.png","datePublished":"2021-01-27T15:27:27+00:00","dateModified":"2021-06-17T22:05:22+00:00","breadcrumb":{"@id":"https:\/\/piant.nl\/de\/materialien\/papier\/#breadcrumb"},"inLanguage":"de","potentialAction":[{"@type":"ReadAction","target":["https:\/\/piant.nl\/de\/materialien\/papier\/"]}]},{"@type":"ImageObject","inLanguage":"de","@id":"https:\/\/piant.nl\/de\/materialien\/papier\/#primaryimage","url":"https:\/\/piant.nl\/wp-content\/uploads\/2021\/02\/5.png","contentUrl":"https:\/\/piant.nl\/wp-content\/uploads\/2021\/02\/5.png"},{"@type":"BreadcrumbList","@id":"https:\/\/piant.nl\/de\/materialien\/papier\/#breadcrumb","itemListElement":[{"@type":"ListItem","position":1,"name":"Home","item":"https:\/\/piant.nl\/de\/"},{"@type":"ListItem","position":2,"name":"Materialien","item":"https:\/\/piant.nl\/de\/materialen\/"},{"@type":"ListItem","position":3,"name":"Papier"}]},{"@type":"WebSite","@id":"https:\/\/piant.nl\/de\/#website","url":"https:\/\/piant.nl\/de\/","name":"Piant B.V.","description":"","publisher":{"@id":"https:\/\/piant.nl\/de\/#organization"},"potentialAction":[{"@type":"SearchAction","target":{"@type":"EntryPoint","urlTemplate":"https:\/\/piant.nl\/de\/?s={search_term_string}"},"query-input":{"@type":"PropertyValueSpecification","valueRequired":true,"valueName":"search_term_string"}}],"inLanguage":"de"},{"@type":"Organization","@id":"https:\/\/piant.nl\/de\/#organization","name":"PIANT B.V.","url":"https:\/\/piant.nl\/de\/","logo":{"@type":"ImageObject","inLanguage":"de","@id":"https:\/\/piant.nl\/de\/#\/schema\/logo\/image\/","url":"https:\/\/piant.nl\/wp-content\/uploads\/2021\/01\/piant.png","contentUrl":"https:\/\/piant.nl\/wp-content\/uploads\/2021\/01\/piant.png","width":512,"height":126,"caption":"PIANT B.V."},"image":{"@id":"https:\/\/piant.nl\/de\/#\/schema\/logo\/image\/"},"sameAs":["https:\/\/www.facebook.com\/Piant.stansen.laseren.snijden\/","https:\/\/www.linkedin.com\/company\/piant\/","https:\/\/www.youtube.com\/user\/PiantStanztechniekBV"]}]}},"_links":{"self":[{"href":"https:\/\/piant.nl\/de\/wp-json\/wp\/v2\/pages\/1389","targetHints":{"allow":["GET"]}}],"collection":[{"href":"https:\/\/piant.nl\/de\/wp-json\/wp\/v2\/pages"}],"about":[{"href":"https:\/\/piant.nl\/de\/wp-json\/wp\/v2\/types\/page"}],"author":[{"embeddable":true,"href":"https:\/\/piant.nl\/de\/wp-json\/wp\/v2\/users\/1"}],"replies":[{"embeddable":true,"href":"https:\/\/piant.nl\/de\/wp-json\/wp\/v2\/comments?post=1389"}],"version-history":[{"count":0,"href":"https:\/\/piant.nl\/de\/wp-json\/wp\/v2\/pages\/1389\/revisions"}],"up":[{"embeddable":true,"href":"https:\/\/piant.nl\/de\/wp-json\/wp\/v2\/pages\/1341"}],"wp:attachment":[{"href":"https:\/\/piant.nl\/de\/wp-json\/wp\/v2\/media?parent=1389"}],"curies":[{"name":"wp","href":"https:\/\/api.w.org\/{rel}","templated":true}]}}