{"id":1379,"date":"2021-01-27T16:26:16","date_gmt":"2021-01-27T15:26:16","guid":{"rendered":"https:\/\/piant.nl\/materialen\/leer\/"},"modified":"2021-06-17T22:25:46","modified_gmt":"2021-06-17T20:25:46","slug":"leder","status":"publish","type":"page","link":"https:\/\/piant.nl\/de\/materialien\/leder\/","title":{"rendered":"Leder"},"content":{"rendered":"\n<div class=\"wp-block-cover alignfull\"><img loading=\"lazy\" decoding=\"async\" width=\"1786\" height=\"661\" class=\"wp-block-cover__image-background wp-image-308\" alt=\"\" src=\"https:\/\/piant.nl\/wp-content\/uploads\/2021\/01\/materialen.jpg\" style=\"object-position:53% 99%\" data-object-fit=\"cover\" data-object-position=\"53% 99%\" srcset=\"https:\/\/piant.nl\/wp-content\/uploads\/2021\/01\/materialen.jpg 1786w, https:\/\/piant.nl\/wp-content\/uploads\/2021\/01\/materialen-445x165.jpg 445w, https:\/\/piant.nl\/wp-content\/uploads\/2021\/01\/materialen-915x339.jpg 915w, https:\/\/piant.nl\/wp-content\/uploads\/2021\/01\/materialen-768x284.jpg 768w, https:\/\/piant.nl\/wp-content\/uploads\/2021\/01\/materialen-1536x568.jpg 1536w\" sizes=\"auto, (max-width: 1786px) 100vw, 1786px\" \/><div class=\"wp-block-cover__inner-container is-layout-flow wp-block-cover-is-layout-flow\">\n<h1 class=\"wp-block-heading\">Leder<\/h1>\n\n\n\n<p>Leder schneiden ist eine Kunst f\u00fcr sich. Dies k\u00f6nnen Sie mit ruhigem Gewissen den Experten von PIANT \u00fcberlassen. Seit Jahren schneiden wir Materialien aller Art, darunter auch Leder. Fr\u00fcher haben wir dies fachm\u00e4nnisch in traditioneller Art gemacht, und noch immer machen wir es so. In Absprache mit Ihnen als Kunden \u00fcberlegen wir, welches Verfahren sich am besten eignet. Wir bieten Ihnen fachkundige Beratung, um Ihr Leder mit den besten Ergebnissen schneiden zu lassen.<\/p>\n<\/div><\/div>\n<div class=\"usps alignfull\"><div class=\"inner-container\"><ul class=\"usp-list\"><li class=\"rating\">Kundenmeinung 8.7<\/li><li>Zuverl\u00e4ssigkeit<\/li><li>Fachwissen<\/li><\/ul><\/div><\/div>\n\n\n<h2 class=\"has-text-align-center wp-block-heading\">Ihr zuverl\u00e4ssiger partner<\/h2>\n\n\n\n<p>Leder ist ein Material mit unterschiedlichen Eigenschaften. Es kann Unterschiede geben in der Materialdicke und in den Bearbeitungen, die das Leder erhalten hat. Je nach Tier unterscheidet sich Leder in seiner Widerstandsf\u00e4higkeit. Dies hat Folgen f\u00fcr die Wahl des optimalen Schneideprozesses. Bei PIANT ist es oft eine Wahl zwischen messerscharfen Klingen und einem hochwertigen Pr\u00e4zisionslaser.<\/p>\n\n\n\n<p>Leder ist kein g\u00fcnstiges Material. Deswegen wollen Sie so wenig wie m\u00f6glich Materialverlust, und dies ist auch unser Streben. PIANT arbeitet sowieso mit der \u201eLean Manufacturing\u201c-Methode, welche Materialverlust effektiv entgegenwirkt. Bei Leder sorgen wir daf\u00fcr, dass so wenig Verlust wie m\u00f6glich entsteht. Da eine Lederhaut unregelm\u00e4\u00dfige Formen aufweisen kann und die gew\u00fcnschten Formen auch unterschiedlich sind, bedarf es oft ein bisschen kreativer Denkarbeit. Bei PIANT sind Sie daf\u00fcr an der richtigen Adresse.<\/p>\n\n\n\n<h3 class=\"has-text-align-center wp-block-heading\">Referenzen<\/h3>\n\n\n\n<figure class=\"wp-block-gallery aligncenter columns-4 wp-block-gallery-1 is-layout-flex wp-block-gallery-is-layout-flex\"><ul class=\"blocks-gallery-grid\"><li class=\"blocks-gallery-item\"><figure><img loading=\"lazy\" decoding=\"async\" width=\"128\" height=\"49\" src=\"\/wp-content\/uploads\/2021\/01\/efteling.svg\" alt=\"\" data-id=\"45\" data-full-url=\"\/wp-content\/uploads\/2021\/01\/efteling.svg\" data-link=\"\/?attachment_id=45\" class=\"wp-image-45\"\/><\/figure><\/li><li class=\"blocks-gallery-item\"><figure><img loading=\"lazy\" decoding=\"async\" width=\"96\" height=\"16\" src=\"\/wp-content\/uploads\/2021\/01\/secrid.svg\" alt=\"\" data-id=\"44\" data-full-url=\"\/wp-content\/uploads\/2021\/01\/secrid.svg\" data-link=\"\/?attachment_id=44\" class=\"wp-image-44\"\/><\/figure><\/li><li class=\"blocks-gallery-item\"><figure><img loading=\"lazy\" decoding=\"async\" width=\"82\" height=\"48\" src=\"\/wp-content\/uploads\/2021\/01\/klm.svg\" alt=\"\" data-id=\"42\" data-full-url=\"\/wp-content\/uploads\/2021\/01\/klm.svg\" data-link=\"\/?attachment_id=42\" class=\"wp-image-42\"\/><\/figure><\/li><li class=\"blocks-gallery-item\"><figure><img loading=\"lazy\" decoding=\"async\" width=\"148\" height=\"19\" src=\"\/wp-content\/uploads\/2021\/01\/radboud-umg.svg\" alt=\"\" data-id=\"40\" data-full-url=\"\/wp-content\/uploads\/2021\/01\/radboud-umg.svg\" data-link=\"\/?attachment_id=40\" class=\"wp-image-40\"\/><\/figure><\/li><li class=\"blocks-gallery-item\"><figure><img loading=\"lazy\" decoding=\"async\" width=\"143\" height=\"27\" src=\"\/wp-content\/uploads\/2021\/01\/nespresso.svg\" alt=\"\" data-id=\"46\" data-full-url=\"\/wp-content\/uploads\/2021\/01\/nespresso.svg\" data-link=\"\/?attachment_id=46\" class=\"wp-image-46\"\/><\/figure><\/li><li class=\"blocks-gallery-item\"><figure><img loading=\"lazy\" decoding=\"async\" width=\"92\" height=\"45\" src=\"\/wp-content\/uploads\/2021\/01\/vdl.svg\" alt=\"\" data-id=\"43\" data-full-url=\"\/wp-content\/uploads\/2021\/01\/vdl.svg\" data-link=\"\/?attachment_id=43\" class=\"wp-image-43\"\/><\/figure><\/li><li class=\"blocks-gallery-item\"><figure><img loading=\"lazy\" decoding=\"async\" width=\"119\" height=\"23\" src=\"\/wp-content\/uploads\/2021\/01\/philips.svg\" alt=\"\" data-id=\"41\" data-full-url=\"\/wp-content\/uploads\/2021\/01\/philips.svg\" data-link=\"\/?attachment_id=41\" class=\"wp-image-41\"\/><\/figure><\/li><li class=\"blocks-gallery-item\"><figure><img loading=\"lazy\" decoding=\"async\" width=\"93\" height=\"43\" src=\"\/wp-content\/uploads\/2021\/01\/accell.jpg\" alt=\"\" data-id=\"47\" data-full-url=\"\/wp-content\/uploads\/2021\/01\/accell.jpg\" data-link=\"\/?attachment_id=47\" class=\"wp-image-47\"\/><\/figure><\/li><\/ul><\/figure>\n\n\n\n<div class=\"wp-block-cover alignfull has-background-dim-20 has-background-dim is-style-default\" style=\"min-height:430px;aspect-ratio:unset;\"><img loading=\"lazy\" decoding=\"async\" width=\"1440\" height=\"606\" class=\"wp-block-cover__image-background wp-image-38\" alt=\"\" src=\"https:\/\/piant.nl\/wp-content\/uploads\/2021\/01\/piant-header-snijden.jpg\" data-object-fit=\"cover\" srcset=\"https:\/\/piant.nl\/wp-content\/uploads\/2021\/01\/piant-header-snijden.jpg 1440w, https:\/\/piant.nl\/wp-content\/uploads\/2021\/01\/piant-header-snijden-445x187.jpg 445w, https:\/\/piant.nl\/wp-content\/uploads\/2021\/01\/piant-header-snijden-915x385.jpg 915w, https:\/\/piant.nl\/wp-content\/uploads\/2021\/01\/piant-header-snijden-768x323.jpg 768w, https:\/\/piant.nl\/wp-content\/uploads\/2021\/01\/piant-header-snijden-300x126.jpg 300w, https:\/\/piant.nl\/wp-content\/uploads\/2021\/01\/piant-header-snijden-1024x431.jpg 1024w\" sizes=\"auto, (max-width: 1440px) 100vw, 1440px\" \/><div class=\"wp-block-cover__inner-container is-layout-flow wp-block-cover-is-layout-flow\">\n<h2 class=\"is-style-large wp-block-heading\">Kompetent, zuverl\u00e4ssig &amp; effizient<\/h2>\n\n\n\n<pre id=\"tw-target-text\" class=\"wp-block-preformatted\"><\/pre>\n\n\n\n<p><\/p>\n<\/div><\/div>\n\n\n\n<h2 class=\"has-text-align-center wp-block-heading\">Die neuesten Verfahren und Maschinen<\/h2>\n\n\n\n<p>Wenn Sie einen gro\u00dfen Auftrag f\u00fcr Lederprodukte haben, sind Sie bei uns an der richtigen Adresse. F\u00fcr uns ist es kein Problem, Leder in gro\u00dfen St\u00fcckzahlen zu schneiden. In Absprache mit dem Kunden wird das optimale Verfahren ausgew\u00e4hlt, und anschlie\u00dfend machen wir uns an die Arbeit. Sie brauchen nur eine kleine St\u00fcckzahl? Auch f\u00fcr kleine Auftr\u00e4ge k\u00f6nnen Sie sich an uns wenden. Das Schneiden mit dem Laser ist hervorragend geeignet f\u00fcr kleine St\u00fcckzahlen. Die Maschinen werden digital angesteuert und es erfordert nur wenige vorbereitende Schritte.<\/p>\n","protected":false},"excerpt":{"rendered":"<p>Ihr zuverl\u00e4ssiger partner Leder ist ein Material mit unterschiedlichen Eigenschaften. Es kann Unterschiede geben in der Materialdicke und in den [&hellip;]<\/p>\n","protected":false},"author":1,"featured_media":0,"parent":1341,"menu_order":0,"comment_status":"closed","ping_status":"closed","template":"blocks.php","meta":{"_acf_changed":false,"_editorskit_title_hidden":false,"_editorskit_reading_time":2,"_editorskit_is_block_options_detached":false,"_editorskit_block_options_position":"{}","_improvement_type_select":"improve_an_existing","_thumb_yes_seoaic":false,"_frame_yes_seoaic":false,"seoaic_generate_description":"","seoaic_improve_instructions_prompt":"","seoaic_rollback_content_improvement":"","seoaic_idea_thumbnail_generator":"","thumbnail_generated":false,"thumbnail_generate_prompt":"","seoaic_article_description":"","inline_featured_image":false,"_genesis_hide_title":false,"_genesis_hide_breadcrumbs":false,"_genesis_hide_singular_image":false,"_genesis_hide_footer_widgets":false,"_genesis_custom_body_class":"","_genesis_custom_post_class":"","_genesis_layout":"","footnotes":""},"class_list":{"0":"post-1379","1":"page","2":"type-page","3":"status-publish","5":"entry"},"acf":[],"yoast_head":"<!-- This site is optimized with the Yoast SEO plugin v27.4 - https:\/\/yoast.com\/product\/yoast-seo-wordpress\/ -->\n<title>Leder - Piant B.V.<\/title>\n<meta name=\"robots\" content=\"index, follow, max-snippet:-1, max-image-preview:large, max-video-preview:-1\" \/>\n<link rel=\"canonical\" href=\"https:\/\/piant.nl\/de\/materialien\/leder\/\" \/>\n<meta property=\"og:locale\" content=\"de_DE\" \/>\n<meta property=\"og:type\" content=\"article\" \/>\n<meta property=\"og:title\" content=\"Leder - Piant B.V.\" \/>\n<meta property=\"og:description\" content=\"Ihr zuverl\u00e4ssiger partner Leder ist ein Material mit unterschiedlichen Eigenschaften. Es kann Unterschiede geben in der Materialdicke und in den [&hellip;]\" \/>\n<meta property=\"og:url\" content=\"https:\/\/piant.nl\/de\/materialien\/leder\/\" \/>\n<meta property=\"og:site_name\" content=\"Piant B.V.\" \/>\n<meta property=\"article:publisher\" content=\"https:\/\/www.facebook.com\/Piant.stansen.laseren.snijden\/\" \/>\n<meta property=\"article:modified_time\" content=\"2021-06-17T20:25:46+00:00\" \/>\n<meta property=\"og:image\" content=\"https:\/\/piant.nl\/wp-content\/uploads\/2021\/01\/materialen.jpg\" \/>\n<meta name=\"twitter:card\" content=\"summary_large_image\" \/>\n<script type=\"application\/ld+json\" class=\"yoast-schema-graph\">{\"@context\":\"https:\\\/\\\/schema.org\",\"@graph\":[{\"@type\":\"WebPage\",\"@id\":\"https:\\\/\\\/piant.nl\\\/de\\\/materialien\\\/leder\\\/\",\"url\":\"https:\\\/\\\/piant.nl\\\/de\\\/materialien\\\/leder\\\/\",\"name\":\"Leder - Piant B.V.\",\"isPartOf\":{\"@id\":\"https:\\\/\\\/piant.nl\\\/de\\\/#website\"},\"primaryImageOfPage\":{\"@id\":\"https:\\\/\\\/piant.nl\\\/de\\\/materialien\\\/leder\\\/#primaryimage\"},\"image\":{\"@id\":\"https:\\\/\\\/piant.nl\\\/de\\\/materialien\\\/leder\\\/#primaryimage\"},\"thumbnailUrl\":\"https:\\\/\\\/piant.nl\\\/wp-content\\\/uploads\\\/2021\\\/01\\\/materialen.jpg\",\"datePublished\":\"2021-01-27T15:26:16+00:00\",\"dateModified\":\"2021-06-17T20:25:46+00:00\",\"breadcrumb\":{\"@id\":\"https:\\\/\\\/piant.nl\\\/de\\\/materialien\\\/leder\\\/#breadcrumb\"},\"inLanguage\":\"de\",\"potentialAction\":[{\"@type\":\"ReadAction\",\"target\":[\"https:\\\/\\\/piant.nl\\\/de\\\/materialien\\\/leder\\\/\"]}]},{\"@type\":\"ImageObject\",\"inLanguage\":\"de\",\"@id\":\"https:\\\/\\\/piant.nl\\\/de\\\/materialien\\\/leder\\\/#primaryimage\",\"url\":\"https:\\\/\\\/piant.nl\\\/wp-content\\\/uploads\\\/2021\\\/01\\\/materialen.jpg\",\"contentUrl\":\"https:\\\/\\\/piant.nl\\\/wp-content\\\/uploads\\\/2021\\\/01\\\/materialen.jpg\"},{\"@type\":\"BreadcrumbList\",\"@id\":\"https:\\\/\\\/piant.nl\\\/de\\\/materialien\\\/leder\\\/#breadcrumb\",\"itemListElement\":[{\"@type\":\"ListItem\",\"position\":1,\"name\":\"Home\",\"item\":\"https:\\\/\\\/piant.nl\\\/de\\\/\"},{\"@type\":\"ListItem\",\"position\":2,\"name\":\"Materialien\",\"item\":\"https:\\\/\\\/piant.nl\\\/de\\\/materialen\\\/\"},{\"@type\":\"ListItem\",\"position\":3,\"name\":\"Leder\"}]},{\"@type\":\"WebSite\",\"@id\":\"https:\\\/\\\/piant.nl\\\/de\\\/#website\",\"url\":\"https:\\\/\\\/piant.nl\\\/de\\\/\",\"name\":\"Piant B.V.\",\"description\":\"\",\"publisher\":{\"@id\":\"https:\\\/\\\/piant.nl\\\/de\\\/#organization\"},\"potentialAction\":[{\"@type\":\"SearchAction\",\"target\":{\"@type\":\"EntryPoint\",\"urlTemplate\":\"https:\\\/\\\/piant.nl\\\/de\\\/?s={search_term_string}\"},\"query-input\":{\"@type\":\"PropertyValueSpecification\",\"valueRequired\":true,\"valueName\":\"search_term_string\"}}],\"inLanguage\":\"de\"},{\"@type\":\"Organization\",\"@id\":\"https:\\\/\\\/piant.nl\\\/de\\\/#organization\",\"name\":\"PIANT B.V.\",\"url\":\"https:\\\/\\\/piant.nl\\\/de\\\/\",\"logo\":{\"@type\":\"ImageObject\",\"inLanguage\":\"de\",\"@id\":\"https:\\\/\\\/piant.nl\\\/de\\\/#\\\/schema\\\/logo\\\/image\\\/\",\"url\":\"https:\\\/\\\/piant.nl\\\/wp-content\\\/uploads\\\/2021\\\/01\\\/piant.png\",\"contentUrl\":\"https:\\\/\\\/piant.nl\\\/wp-content\\\/uploads\\\/2021\\\/01\\\/piant.png\",\"width\":512,\"height\":126,\"caption\":\"PIANT B.V.\"},\"image\":{\"@id\":\"https:\\\/\\\/piant.nl\\\/de\\\/#\\\/schema\\\/logo\\\/image\\\/\"},\"sameAs\":[\"https:\\\/\\\/www.facebook.com\\\/Piant.stansen.laseren.snijden\\\/\",\"https:\\\/\\\/www.linkedin.com\\\/company\\\/piant\\\/\",\"https:\\\/\\\/www.youtube.com\\\/user\\\/PiantStanztechniekBV\"]}]}<\/script>\n<!-- \/ Yoast SEO plugin. -->","yoast_head_json":{"title":"Leder - Piant B.V.","robots":{"index":"index","follow":"follow","max-snippet":"max-snippet:-1","max-image-preview":"max-image-preview:large","max-video-preview":"max-video-preview:-1"},"canonical":"https:\/\/piant.nl\/de\/materialien\/leder\/","og_locale":"de_DE","og_type":"article","og_title":"Leder - Piant B.V.","og_description":"Ihr zuverl\u00e4ssiger partner Leder ist ein Material mit unterschiedlichen Eigenschaften. Es kann Unterschiede geben in der Materialdicke und in den [&hellip;]","og_url":"https:\/\/piant.nl\/de\/materialien\/leder\/","og_site_name":"Piant B.V.","article_publisher":"https:\/\/www.facebook.com\/Piant.stansen.laseren.snijden\/","article_modified_time":"2021-06-17T20:25:46+00:00","og_image":[{"url":"https:\/\/piant.nl\/wp-content\/uploads\/2021\/01\/materialen.jpg","type":"","width":"","height":""}],"twitter_card":"summary_large_image","schema":{"@context":"https:\/\/schema.org","@graph":[{"@type":"WebPage","@id":"https:\/\/piant.nl\/de\/materialien\/leder\/","url":"https:\/\/piant.nl\/de\/materialien\/leder\/","name":"Leder - Piant B.V.","isPartOf":{"@id":"https:\/\/piant.nl\/de\/#website"},"primaryImageOfPage":{"@id":"https:\/\/piant.nl\/de\/materialien\/leder\/#primaryimage"},"image":{"@id":"https:\/\/piant.nl\/de\/materialien\/leder\/#primaryimage"},"thumbnailUrl":"https:\/\/piant.nl\/wp-content\/uploads\/2021\/01\/materialen.jpg","datePublished":"2021-01-27T15:26:16+00:00","dateModified":"2021-06-17T20:25:46+00:00","breadcrumb":{"@id":"https:\/\/piant.nl\/de\/materialien\/leder\/#breadcrumb"},"inLanguage":"de","potentialAction":[{"@type":"ReadAction","target":["https:\/\/piant.nl\/de\/materialien\/leder\/"]}]},{"@type":"ImageObject","inLanguage":"de","@id":"https:\/\/piant.nl\/de\/materialien\/leder\/#primaryimage","url":"https:\/\/piant.nl\/wp-content\/uploads\/2021\/01\/materialen.jpg","contentUrl":"https:\/\/piant.nl\/wp-content\/uploads\/2021\/01\/materialen.jpg"},{"@type":"BreadcrumbList","@id":"https:\/\/piant.nl\/de\/materialien\/leder\/#breadcrumb","itemListElement":[{"@type":"ListItem","position":1,"name":"Home","item":"https:\/\/piant.nl\/de\/"},{"@type":"ListItem","position":2,"name":"Materialien","item":"https:\/\/piant.nl\/de\/materialen\/"},{"@type":"ListItem","position":3,"name":"Leder"}]},{"@type":"WebSite","@id":"https:\/\/piant.nl\/de\/#website","url":"https:\/\/piant.nl\/de\/","name":"Piant B.V.","description":"","publisher":{"@id":"https:\/\/piant.nl\/de\/#organization"},"potentialAction":[{"@type":"SearchAction","target":{"@type":"EntryPoint","urlTemplate":"https:\/\/piant.nl\/de\/?s={search_term_string}"},"query-input":{"@type":"PropertyValueSpecification","valueRequired":true,"valueName":"search_term_string"}}],"inLanguage":"de"},{"@type":"Organization","@id":"https:\/\/piant.nl\/de\/#organization","name":"PIANT B.V.","url":"https:\/\/piant.nl\/de\/","logo":{"@type":"ImageObject","inLanguage":"de","@id":"https:\/\/piant.nl\/de\/#\/schema\/logo\/image\/","url":"https:\/\/piant.nl\/wp-content\/uploads\/2021\/01\/piant.png","contentUrl":"https:\/\/piant.nl\/wp-content\/uploads\/2021\/01\/piant.png","width":512,"height":126,"caption":"PIANT B.V."},"image":{"@id":"https:\/\/piant.nl\/de\/#\/schema\/logo\/image\/"},"sameAs":["https:\/\/www.facebook.com\/Piant.stansen.laseren.snijden\/","https:\/\/www.linkedin.com\/company\/piant\/","https:\/\/www.youtube.com\/user\/PiantStanztechniekBV"]}]}},"_links":{"self":[{"href":"https:\/\/piant.nl\/de\/wp-json\/wp\/v2\/pages\/1379","targetHints":{"allow":["GET"]}}],"collection":[{"href":"https:\/\/piant.nl\/de\/wp-json\/wp\/v2\/pages"}],"about":[{"href":"https:\/\/piant.nl\/de\/wp-json\/wp\/v2\/types\/page"}],"author":[{"embeddable":true,"href":"https:\/\/piant.nl\/de\/wp-json\/wp\/v2\/users\/1"}],"replies":[{"embeddable":true,"href":"https:\/\/piant.nl\/de\/wp-json\/wp\/v2\/comments?post=1379"}],"version-history":[{"count":0,"href":"https:\/\/piant.nl\/de\/wp-json\/wp\/v2\/pages\/1379\/revisions"}],"up":[{"embeddable":true,"href":"https:\/\/piant.nl\/de\/wp-json\/wp\/v2\/pages\/1341"}],"wp:attachment":[{"href":"https:\/\/piant.nl\/de\/wp-json\/wp\/v2\/media?parent=1379"}],"curies":[{"name":"wp","href":"https:\/\/api.w.org\/{rel}","templated":true}]}}