{"id":1368,"date":"2021-01-27T16:15:09","date_gmt":"2021-01-27T15:15:09","guid":{"rendered":"https:\/\/piant.nl\/materialen\/polyprop\/"},"modified":"2021-06-17T22:56:36","modified_gmt":"2021-06-17T20:56:36","slug":"polyprop","status":"publish","type":"page","link":"https:\/\/piant.nl\/de\/materialien\/polyprop\/","title":{"rendered":"Polyprop"},"content":{"rendered":"\n<div class=\"wp-block-cover alignfull\"><img loading=\"lazy\" decoding=\"async\" width=\"1750\" height=\"800\" class=\"wp-block-cover__image-background wp-image-902\" alt=\"\" src=\"https:\/\/piant.nl\/wp-content\/uploads\/2021\/02\/1-3.png\" style=\"object-position:48% 65%\" data-object-fit=\"cover\" data-object-position=\"48% 65%\" srcset=\"https:\/\/piant.nl\/wp-content\/uploads\/2021\/02\/1-3.png 1750w, https:\/\/piant.nl\/wp-content\/uploads\/2021\/02\/1-3-445x203.png 445w, https:\/\/piant.nl\/wp-content\/uploads\/2021\/02\/1-3-915x418.png 915w, https:\/\/piant.nl\/wp-content\/uploads\/2021\/02\/1-3-768x351.png 768w, https:\/\/piant.nl\/wp-content\/uploads\/2021\/02\/1-3-1536x702.png 1536w\" sizes=\"auto, (max-width: 1750px) 100vw, 1750px\" \/><div class=\"wp-block-cover__inner-container is-layout-flow wp-block-cover-is-layout-flow\">\n<h1 class=\"wp-block-heading\">Polyprop<\/h1>\n\n\n\n<p><\/p>\n<\/div><\/div>\n<div class=\"usps alignfull\"><div class=\"inner-container\"><ul class=\"usp-list\"><li class=\"rating\">Kundenmeinung 8.7<\/li><li>Zuverl\u00e4ssigkeit<\/li><li>Fachwissen<\/li><\/ul><\/div><\/div>\n\n\n<h2 class=\"has-text-align-center wp-block-heading\">Laserschneiden von polypropylen<\/h2>\n\n\n\n<p>Mit unserer jahrelangen Erfahrung im Laserschneiden von Kunststoffen, geh\u00f6rt auch die Bearbeitung von Polypropylen zu den M\u00f6glichkeiten. Der Grund daf\u00fcr ist einfach: Es ist ein vielseitiger Kunststoff, der \u00fcber hervorragende Materialeigenschaften verf\u00fcgt, und deshalb in vielen Branchen angewendet wird.<\/p>\n\n\n\n<div class=\"wp-block-columns is-style-gapless is-layout-flex wp-container-core-columns-is-layout-9d6595d7 wp-block-columns-is-layout-flex\">\n<div class=\"wp-block-column is-layout-flow wp-block-column-is-layout-flow\" style=\"flex-basis:100%\">\n<h3 class=\"wp-block-heading\">Einzigartige merkmale Polyprop<\/h3>\n\n\n\n<ul role=\"list\" class=\"wp-block-list\"><li>Schlagfest, z\u00e4h und stark<\/li><li>Hervorragend klappbar<\/li><li>Leichtgewichtig und keine Absorption von Feuchtigkeit<\/li><li>Hohe Resistenz<\/li><li>Geruchs- und geschmacksneutral<\/li><li>Geeignet f\u00fcr Lebensmittel<\/li><li>EU-Pr\u00e4dikat: umweltfreundlich<\/li><li>Sehr gut bedruckbar (Siebdruck und Offset)<\/li><\/ul>\n\n\n\n<div class=\"wp-block-group\"><div class=\"wp-block-group__inner-container is-layout-flow wp-block-group-is-layout-flow\">\n<h3 class=\"wp-block-heading\">Bearbeitungsm\u00f6glichkeiten Polyprop<\/h3>\n\n\n\n<ul role=\"list\" class=\"wp-block-list\"><li>Bohren<\/li><li>Schneiden<\/li><li>Stanzen und Falten<\/li><li>Laserschneiden<\/li><li>Warmbiegen<\/li><li>Bedrucken<\/li><\/ul>\n<\/div><\/div>\n<\/div>\n<\/div>\n\n\n\n<h3 class=\"has-text-align-center wp-block-heading\">Referenzen<\/h3>\n\n\n\n<figure class=\"wp-block-gallery aligncenter columns-4 wp-block-gallery-1 is-layout-flex wp-block-gallery-is-layout-flex\"><ul class=\"blocks-gallery-grid\"><li class=\"blocks-gallery-item\"><figure><img loading=\"lazy\" decoding=\"async\" width=\"128\" height=\"49\" src=\"\/wp-content\/uploads\/2021\/01\/efteling.svg\" alt=\"\" data-id=\"45\" data-full-url=\"\/wp-content\/uploads\/2021\/01\/efteling.svg\" data-link=\"\/?attachment_id=45\" class=\"wp-image-45\"\/><\/figure><\/li><li class=\"blocks-gallery-item\"><figure><img loading=\"lazy\" decoding=\"async\" width=\"96\" height=\"16\" src=\"\/wp-content\/uploads\/2021\/01\/secrid.svg\" alt=\"\" data-id=\"44\" data-full-url=\"\/wp-content\/uploads\/2021\/01\/secrid.svg\" data-link=\"\/?attachment_id=44\" class=\"wp-image-44\"\/><\/figure><\/li><li class=\"blocks-gallery-item\"><figure><img loading=\"lazy\" decoding=\"async\" width=\"82\" height=\"48\" src=\"\/wp-content\/uploads\/2021\/01\/klm.svg\" alt=\"\" data-id=\"42\" data-full-url=\"\/wp-content\/uploads\/2021\/01\/klm.svg\" data-link=\"\/?attachment_id=42\" class=\"wp-image-42\"\/><\/figure><\/li><li class=\"blocks-gallery-item\"><figure><img loading=\"lazy\" decoding=\"async\" width=\"148\" height=\"19\" src=\"\/wp-content\/uploads\/2021\/01\/radboud-umg.svg\" alt=\"\" data-id=\"40\" data-full-url=\"\/wp-content\/uploads\/2021\/01\/radboud-umg.svg\" data-link=\"\/?attachment_id=40\" class=\"wp-image-40\"\/><\/figure><\/li><li class=\"blocks-gallery-item\"><figure><img loading=\"lazy\" decoding=\"async\" width=\"143\" height=\"27\" src=\"\/wp-content\/uploads\/2021\/01\/nespresso.svg\" alt=\"\" data-id=\"46\" data-full-url=\"\/wp-content\/uploads\/2021\/01\/nespresso.svg\" data-link=\"\/?attachment_id=46\" class=\"wp-image-46\"\/><\/figure><\/li><li class=\"blocks-gallery-item\"><figure><img loading=\"lazy\" decoding=\"async\" width=\"92\" height=\"45\" src=\"\/wp-content\/uploads\/2021\/01\/vdl.svg\" alt=\"\" data-id=\"43\" data-full-url=\"\/wp-content\/uploads\/2021\/01\/vdl.svg\" data-link=\"\/?attachment_id=43\" class=\"wp-image-43\"\/><\/figure><\/li><li class=\"blocks-gallery-item\"><figure><img loading=\"lazy\" decoding=\"async\" width=\"119\" height=\"23\" src=\"\/wp-content\/uploads\/2021\/01\/philips.svg\" alt=\"\" data-id=\"41\" data-full-url=\"\/wp-content\/uploads\/2021\/01\/philips.svg\" data-link=\"\/?attachment_id=41\" class=\"wp-image-41\"\/><\/figure><\/li><li class=\"blocks-gallery-item\"><figure><img loading=\"lazy\" decoding=\"async\" width=\"93\" height=\"43\" src=\"\/wp-content\/uploads\/2021\/01\/accell.jpg\" alt=\"\" data-id=\"47\" data-full-url=\"\/wp-content\/uploads\/2021\/01\/accell.jpg\" data-link=\"\/?attachment_id=47\" class=\"wp-image-47\"\/><\/figure><\/li><\/ul><\/figure>\n\n\n\n<div class=\"wp-block-cover alignfull has-background-dim-20 has-background-dim is-style-default\" style=\"min-height:430px;aspect-ratio:unset;\"><img loading=\"lazy\" decoding=\"async\" width=\"1786\" height=\"606\" class=\"wp-block-cover__image-background wp-image-307\" alt=\"\" src=\"https:\/\/piant.nl\/wp-content\/uploads\/2021\/01\/materialen-blokje.jpg\" style=\"object-position:23% 91%\" data-object-fit=\"cover\" data-object-position=\"23% 91%\" srcset=\"https:\/\/piant.nl\/wp-content\/uploads\/2021\/01\/materialen-blokje.jpg 1786w, https:\/\/piant.nl\/wp-content\/uploads\/2021\/01\/materialen-blokje-445x151.jpg 445w, https:\/\/piant.nl\/wp-content\/uploads\/2021\/01\/materialen-blokje-915x310.jpg 915w, https:\/\/piant.nl\/wp-content\/uploads\/2021\/01\/materialen-blokje-768x261.jpg 768w, https:\/\/piant.nl\/wp-content\/uploads\/2021\/01\/materialen-blokje-1536x521.jpg 1536w\" sizes=\"auto, (max-width: 1786px) 100vw, 1786px\" \/><div class=\"wp-block-cover__inner-container is-layout-flow wp-block-cover-is-layout-flow\">\n<h2 class=\"is-style-large wp-block-heading\">Fachwissen und zuverl\u00e4ssigkeit<\/h2>\n\n\n\n<p><\/p>\n<\/div><\/div>\n\n\n\n<h2 class=\"has-text-align-center wp-block-heading\">Verschiedene Kunststoffe<\/h2>\n\n\n\n<p>Im Bereich lasergest\u00fctztes Schneiden von Kunststoff arbeiten wir mit bspw. Acrylat, Lexan, Evacast, Polypropylen, Polystyrol, Polyethylen, PET-G, Polyester, PMMA, Furnier, Gummi, EVA und Schaumstoff.<\/p>\n","protected":false},"excerpt":{"rendered":"<p>Laserschneiden von polypropylen Mit unserer jahrelangen Erfahrung im Laserschneiden von Kunststoffen, geh\u00f6rt auch die Bearbeitung von Polypropylen zu den M\u00f6glichkeiten. [&hellip;]<\/p>\n","protected":false},"author":1,"featured_media":0,"parent":1341,"menu_order":0,"comment_status":"closed","ping_status":"closed","template":"blocks.php","meta":{"_acf_changed":false,"_editorskit_title_hidden":false,"_editorskit_reading_time":1,"_editorskit_is_block_options_detached":false,"_editorskit_block_options_position":"{}","_improvement_type_select":"improve_an_existing","_thumb_yes_seoaic":false,"_frame_yes_seoaic":false,"seoaic_generate_description":"","seoaic_improve_instructions_prompt":"","seoaic_rollback_content_improvement":"","seoaic_idea_thumbnail_generator":"","thumbnail_generated":false,"thumbnail_generate_prompt":"","seoaic_article_description":"","inline_featured_image":false,"_genesis_hide_title":false,"_genesis_hide_breadcrumbs":false,"_genesis_hide_singular_image":false,"_genesis_hide_footer_widgets":false,"_genesis_custom_body_class":"","_genesis_custom_post_class":"","_genesis_layout":"","footnotes":""},"class_list":{"0":"post-1368","1":"page","2":"type-page","3":"status-publish","5":"entry"},"acf":[],"yoast_head":"<!-- This site is optimized with the Yoast SEO plugin v27.6 - https:\/\/yoast.com\/product\/yoast-seo-wordpress\/ -->\n<title>Polyprop - Piant B.V.<\/title>\n<meta name=\"robots\" content=\"index, follow, max-snippet:-1, max-image-preview:large, max-video-preview:-1\" \/>\n<link rel=\"canonical\" href=\"https:\/\/piant.nl\/de\/materialien\/polyprop\/\" \/>\n<meta property=\"og:locale\" content=\"de_DE\" \/>\n<meta property=\"og:type\" content=\"article\" \/>\n<meta property=\"og:title\" content=\"Polyprop - Piant B.V.\" \/>\n<meta property=\"og:description\" content=\"Laserschneiden von polypropylen Mit unserer jahrelangen Erfahrung im Laserschneiden von Kunststoffen, geh\u00f6rt auch die Bearbeitung von Polypropylen zu den M\u00f6glichkeiten. [&hellip;]\" \/>\n<meta property=\"og:url\" content=\"https:\/\/piant.nl\/de\/materialien\/polyprop\/\" \/>\n<meta property=\"og:site_name\" content=\"Piant B.V.\" \/>\n<meta property=\"article:publisher\" content=\"https:\/\/www.facebook.com\/Piant.stansen.laseren.snijden\/\" \/>\n<meta property=\"article:modified_time\" content=\"2021-06-17T20:56:36+00:00\" \/>\n<meta property=\"og:image\" content=\"https:\/\/piant.nl\/wp-content\/uploads\/2021\/02\/1-3.png\" \/>\n<meta name=\"twitter:card\" content=\"summary_large_image\" \/>\n<script type=\"application\/ld+json\" class=\"yoast-schema-graph\">{\"@context\":\"https:\\\/\\\/schema.org\",\"@graph\":[{\"@type\":\"WebPage\",\"@id\":\"https:\\\/\\\/piant.nl\\\/de\\\/materialien\\\/polyprop\\\/\",\"url\":\"https:\\\/\\\/piant.nl\\\/de\\\/materialien\\\/polyprop\\\/\",\"name\":\"Polyprop - Piant B.V.\",\"isPartOf\":{\"@id\":\"https:\\\/\\\/piant.nl\\\/de\\\/#website\"},\"primaryImageOfPage\":{\"@id\":\"https:\\\/\\\/piant.nl\\\/de\\\/materialien\\\/polyprop\\\/#primaryimage\"},\"image\":{\"@id\":\"https:\\\/\\\/piant.nl\\\/de\\\/materialien\\\/polyprop\\\/#primaryimage\"},\"thumbnailUrl\":\"https:\\\/\\\/piant.nl\\\/wp-content\\\/uploads\\\/2021\\\/02\\\/1-3.png\",\"datePublished\":\"2021-01-27T15:15:09+00:00\",\"dateModified\":\"2021-06-17T20:56:36+00:00\",\"breadcrumb\":{\"@id\":\"https:\\\/\\\/piant.nl\\\/de\\\/materialien\\\/polyprop\\\/#breadcrumb\"},\"inLanguage\":\"de\",\"potentialAction\":[{\"@type\":\"ReadAction\",\"target\":[\"https:\\\/\\\/piant.nl\\\/de\\\/materialien\\\/polyprop\\\/\"]}]},{\"@type\":\"ImageObject\",\"inLanguage\":\"de\",\"@id\":\"https:\\\/\\\/piant.nl\\\/de\\\/materialien\\\/polyprop\\\/#primaryimage\",\"url\":\"https:\\\/\\\/piant.nl\\\/wp-content\\\/uploads\\\/2021\\\/02\\\/1-3.png\",\"contentUrl\":\"https:\\\/\\\/piant.nl\\\/wp-content\\\/uploads\\\/2021\\\/02\\\/1-3.png\"},{\"@type\":\"BreadcrumbList\",\"@id\":\"https:\\\/\\\/piant.nl\\\/de\\\/materialien\\\/polyprop\\\/#breadcrumb\",\"itemListElement\":[{\"@type\":\"ListItem\",\"position\":1,\"name\":\"Home\",\"item\":\"https:\\\/\\\/piant.nl\\\/de\\\/\"},{\"@type\":\"ListItem\",\"position\":2,\"name\":\"Materialien\",\"item\":\"https:\\\/\\\/piant.nl\\\/de\\\/materialen\\\/\"},{\"@type\":\"ListItem\",\"position\":3,\"name\":\"Polyprop\"}]},{\"@type\":\"WebSite\",\"@id\":\"https:\\\/\\\/piant.nl\\\/de\\\/#website\",\"url\":\"https:\\\/\\\/piant.nl\\\/de\\\/\",\"name\":\"Piant B.V.\",\"description\":\"\",\"publisher\":{\"@id\":\"https:\\\/\\\/piant.nl\\\/de\\\/#organization\"},\"potentialAction\":[{\"@type\":\"SearchAction\",\"target\":{\"@type\":\"EntryPoint\",\"urlTemplate\":\"https:\\\/\\\/piant.nl\\\/de\\\/?s={search_term_string}\"},\"query-input\":{\"@type\":\"PropertyValueSpecification\",\"valueRequired\":true,\"valueName\":\"search_term_string\"}}],\"inLanguage\":\"de\"},{\"@type\":\"Organization\",\"@id\":\"https:\\\/\\\/piant.nl\\\/de\\\/#organization\",\"name\":\"PIANT B.V.\",\"url\":\"https:\\\/\\\/piant.nl\\\/de\\\/\",\"logo\":{\"@type\":\"ImageObject\",\"inLanguage\":\"de\",\"@id\":\"https:\\\/\\\/piant.nl\\\/de\\\/#\\\/schema\\\/logo\\\/image\\\/\",\"url\":\"https:\\\/\\\/piant.nl\\\/wp-content\\\/uploads\\\/2021\\\/01\\\/piant.png\",\"contentUrl\":\"https:\\\/\\\/piant.nl\\\/wp-content\\\/uploads\\\/2021\\\/01\\\/piant.png\",\"width\":512,\"height\":126,\"caption\":\"PIANT B.V.\"},\"image\":{\"@id\":\"https:\\\/\\\/piant.nl\\\/de\\\/#\\\/schema\\\/logo\\\/image\\\/\"},\"sameAs\":[\"https:\\\/\\\/www.facebook.com\\\/Piant.stansen.laseren.snijden\\\/\",\"https:\\\/\\\/www.linkedin.com\\\/company\\\/piant\\\/\",\"https:\\\/\\\/www.youtube.com\\\/user\\\/PiantStanztechniekBV\"]}]}<\/script>\n<!-- \/ Yoast SEO plugin. -->","yoast_head_json":{"title":"Polyprop - Piant B.V.","robots":{"index":"index","follow":"follow","max-snippet":"max-snippet:-1","max-image-preview":"max-image-preview:large","max-video-preview":"max-video-preview:-1"},"canonical":"https:\/\/piant.nl\/de\/materialien\/polyprop\/","og_locale":"de_DE","og_type":"article","og_title":"Polyprop - Piant B.V.","og_description":"Laserschneiden von polypropylen Mit unserer jahrelangen Erfahrung im Laserschneiden von Kunststoffen, geh\u00f6rt auch die Bearbeitung von Polypropylen zu den M\u00f6glichkeiten. [&hellip;]","og_url":"https:\/\/piant.nl\/de\/materialien\/polyprop\/","og_site_name":"Piant B.V.","article_publisher":"https:\/\/www.facebook.com\/Piant.stansen.laseren.snijden\/","article_modified_time":"2021-06-17T20:56:36+00:00","og_image":[{"url":"https:\/\/piant.nl\/wp-content\/uploads\/2021\/02\/1-3.png","type":"","width":"","height":""}],"twitter_card":"summary_large_image","schema":{"@context":"https:\/\/schema.org","@graph":[{"@type":"WebPage","@id":"https:\/\/piant.nl\/de\/materialien\/polyprop\/","url":"https:\/\/piant.nl\/de\/materialien\/polyprop\/","name":"Polyprop - Piant B.V.","isPartOf":{"@id":"https:\/\/piant.nl\/de\/#website"},"primaryImageOfPage":{"@id":"https:\/\/piant.nl\/de\/materialien\/polyprop\/#primaryimage"},"image":{"@id":"https:\/\/piant.nl\/de\/materialien\/polyprop\/#primaryimage"},"thumbnailUrl":"https:\/\/piant.nl\/wp-content\/uploads\/2021\/02\/1-3.png","datePublished":"2021-01-27T15:15:09+00:00","dateModified":"2021-06-17T20:56:36+00:00","breadcrumb":{"@id":"https:\/\/piant.nl\/de\/materialien\/polyprop\/#breadcrumb"},"inLanguage":"de","potentialAction":[{"@type":"ReadAction","target":["https:\/\/piant.nl\/de\/materialien\/polyprop\/"]}]},{"@type":"ImageObject","inLanguage":"de","@id":"https:\/\/piant.nl\/de\/materialien\/polyprop\/#primaryimage","url":"https:\/\/piant.nl\/wp-content\/uploads\/2021\/02\/1-3.png","contentUrl":"https:\/\/piant.nl\/wp-content\/uploads\/2021\/02\/1-3.png"},{"@type":"BreadcrumbList","@id":"https:\/\/piant.nl\/de\/materialien\/polyprop\/#breadcrumb","itemListElement":[{"@type":"ListItem","position":1,"name":"Home","item":"https:\/\/piant.nl\/de\/"},{"@type":"ListItem","position":2,"name":"Materialien","item":"https:\/\/piant.nl\/de\/materialen\/"},{"@type":"ListItem","position":3,"name":"Polyprop"}]},{"@type":"WebSite","@id":"https:\/\/piant.nl\/de\/#website","url":"https:\/\/piant.nl\/de\/","name":"Piant B.V.","description":"","publisher":{"@id":"https:\/\/piant.nl\/de\/#organization"},"potentialAction":[{"@type":"SearchAction","target":{"@type":"EntryPoint","urlTemplate":"https:\/\/piant.nl\/de\/?s={search_term_string}"},"query-input":{"@type":"PropertyValueSpecification","valueRequired":true,"valueName":"search_term_string"}}],"inLanguage":"de"},{"@type":"Organization","@id":"https:\/\/piant.nl\/de\/#organization","name":"PIANT B.V.","url":"https:\/\/piant.nl\/de\/","logo":{"@type":"ImageObject","inLanguage":"de","@id":"https:\/\/piant.nl\/de\/#\/schema\/logo\/image\/","url":"https:\/\/piant.nl\/wp-content\/uploads\/2021\/01\/piant.png","contentUrl":"https:\/\/piant.nl\/wp-content\/uploads\/2021\/01\/piant.png","width":512,"height":126,"caption":"PIANT B.V."},"image":{"@id":"https:\/\/piant.nl\/de\/#\/schema\/logo\/image\/"},"sameAs":["https:\/\/www.facebook.com\/Piant.stansen.laseren.snijden\/","https:\/\/www.linkedin.com\/company\/piant\/","https:\/\/www.youtube.com\/user\/PiantStanztechniekBV"]}]}},"_links":{"self":[{"href":"https:\/\/piant.nl\/de\/wp-json\/wp\/v2\/pages\/1368","targetHints":{"allow":["GET"]}}],"collection":[{"href":"https:\/\/piant.nl\/de\/wp-json\/wp\/v2\/pages"}],"about":[{"href":"https:\/\/piant.nl\/de\/wp-json\/wp\/v2\/types\/page"}],"author":[{"embeddable":true,"href":"https:\/\/piant.nl\/de\/wp-json\/wp\/v2\/users\/1"}],"replies":[{"embeddable":true,"href":"https:\/\/piant.nl\/de\/wp-json\/wp\/v2\/comments?post=1368"}],"version-history":[{"count":0,"href":"https:\/\/piant.nl\/de\/wp-json\/wp\/v2\/pages\/1368\/revisions"}],"up":[{"embeddable":true,"href":"https:\/\/piant.nl\/de\/wp-json\/wp\/v2\/pages\/1341"}],"wp:attachment":[{"href":"https:\/\/piant.nl\/de\/wp-json\/wp\/v2\/media?parent=1368"}],"curies":[{"name":"wp","href":"https:\/\/api.w.org\/{rel}","templated":true}]}}