{"id":1341,"date":"2021-01-13T11:00:12","date_gmt":"2021-01-13T10:00:12","guid":{"rendered":"https:\/\/piant.nl\/materialen\/"},"modified":"2021-06-18T00:03:02","modified_gmt":"2021-06-17T22:03:02","slug":"materialien","status":"publish","type":"page","link":"https:\/\/piant.nl\/de\/materialien\/","title":{"rendered":"Materialien"},"content":{"rendered":"\n<div class=\"wp-block-cover alignfull\"><img loading=\"lazy\" decoding=\"async\" width=\"1786\" height=\"661\" class=\"wp-block-cover__image-background wp-image-308\" alt=\"\" src=\"https:\/\/piant.nl\/wp-content\/uploads\/2021\/01\/materialen.jpg\" style=\"object-position:68% 98%\" data-object-fit=\"cover\" data-object-position=\"68% 98%\" srcset=\"https:\/\/piant.nl\/wp-content\/uploads\/2021\/01\/materialen.jpg 1786w, https:\/\/piant.nl\/wp-content\/uploads\/2021\/01\/materialen-445x165.jpg 445w, https:\/\/piant.nl\/wp-content\/uploads\/2021\/01\/materialen-915x339.jpg 915w, https:\/\/piant.nl\/wp-content\/uploads\/2021\/01\/materialen-768x284.jpg 768w, https:\/\/piant.nl\/wp-content\/uploads\/2021\/01\/materialen-1536x568.jpg 1536w\" sizes=\"auto, (max-width: 1786px) 100vw, 1786px\" \/><div class=\"wp-block-cover__inner-container is-layout-flow wp-block-cover-is-layout-flow\">\n<h1 class=\"wp-block-heading\">Materialien<\/h1>\n\n\n\n<p>Sie suchen einen fachkundigen, qualitativ hochwertigen und zuverl\u00e4ssigen Partner f\u00fcr die Materialverarbeitung? F\u00fcr gro\u00dfe oder eben minuti\u00f6s kleine Formen und aus den vielf\u00e4ltigsten Materialien? PIANT hilft Ihnen gerne.<\/p>\n\n\n\n<p>Als Spezialist f\u00fcr das Stanzen und (Laser-)Schneiden erm\u00f6glichen wir jedes Design und teilen gerne unser Wissen, um Ihre Idee so effektiv wie m\u00f6glich zu realisieren. Ob es sich nun um 100, 1.000, 10.000 oder Millionen Produkte handelt, wir machen es m\u00f6glich!<\/p>\n<\/div><\/div>\n<div class=\"usps alignfull\"><div class=\"inner-container\"><ul class=\"usp-list\"><li class=\"rating\">Kundenmeinung 8.7<\/li><li>Zuverl\u00e4ssigkeit<\/li><li>Fachwissen<\/li><\/ul><\/div><\/div>\n\n\n<h2 class=\"has-text-align-center wp-block-heading\">Ihr zuverl\u00e4ssiger partner<\/h2>\n\n\n\n<p>PIANT hat eine \u201eno-nonsense\u201c-Mentalit\u00e4t, wir tun was wir sagen, und wir sagen was wir tun. Unsere Zuverl\u00e4ssigkeit, unser Fachwissen und unsere transparente Kommunikationsweise sorgen f\u00fcr eine angenehme Atmosph\u00e4re, sowohl f\u00fcr Sie als auch f\u00fcr uns. F\u00fcr uns ist es wichtig, dass wir zusammenarbeiten, damit durch die Kombination aus Ihrem und unserem Fachwissen das beste Produkt entwickelt und hergestellt werden kann. Wir vertiefen uns dazu in die Lieferkette des Kunden, um unsere Dienstleistung optimal zu gestalten und dem Kunden den maximalen Mehrwert zu bieten.<\/p>\n\n\n\n<h3 class=\"has-text-align-center wp-block-heading\">Referenzen<\/h3>\n\n\n\n<figure class=\"wp-block-gallery aligncenter columns-4 wp-block-gallery-1 is-layout-flex wp-block-gallery-is-layout-flex\"><ul class=\"blocks-gallery-grid\"><li class=\"blocks-gallery-item\"><figure><img loading=\"lazy\" decoding=\"async\" width=\"92\" height=\"45\" src=\"https:\/\/piant.nl\/wp-content\/uploads\/\/2021\/01\/vdl.svg\" alt=\"\" data-id=\"43\" data-full-url=\"https:\/\/piant.nl\/wp-content\/uploads\/\/2021\/01\/vdl.svg\" data-link=\"https:\/\/piant.nl\/snijden\/vdl\/\" class=\"wp-image-43\"\/><\/figure><\/li><li class=\"blocks-gallery-item\"><figure><img loading=\"lazy\" decoding=\"async\" width=\"128\" height=\"49\" src=\"https:\/\/piant.nl\/wp-content\/uploads\/\/2021\/01\/efteling.svg\" alt=\"\" data-id=\"45\" data-full-url=\"https:\/\/piant.nl\/wp-content\/uploads\/\/2021\/01\/efteling.svg\" data-link=\"https:\/\/piant.nl\/snijden\/efteling\/\" class=\"wp-image-45\"\/><\/figure><\/li><li class=\"blocks-gallery-item\"><figure><img loading=\"lazy\" decoding=\"async\" width=\"96\" height=\"16\" src=\"https:\/\/piant.nl\/wp-content\/uploads\/\/2021\/01\/secrid.svg\" alt=\"\" data-id=\"44\" data-full-url=\"https:\/\/piant.nl\/wp-content\/uploads\/\/2021\/01\/secrid.svg\" data-link=\"https:\/\/piant.nl\/snijden\/secrid\/\" class=\"wp-image-44\"\/><\/figure><\/li><li class=\"blocks-gallery-item\"><figure><img loading=\"lazy\" decoding=\"async\" width=\"82\" height=\"48\" src=\"https:\/\/piant.nl\/wp-content\/uploads\/\/2021\/01\/klm.svg\" alt=\"\" data-id=\"42\" data-full-url=\"https:\/\/piant.nl\/wp-content\/uploads\/\/2021\/01\/klm.svg\" data-link=\"https:\/\/piant.nl\/snijden\/klm\/\" class=\"wp-image-42\"\/><\/figure><\/li><li class=\"blocks-gallery-item\"><figure><img loading=\"lazy\" decoding=\"async\" width=\"148\" height=\"19\" src=\"https:\/\/piant.nl\/wp-content\/uploads\/\/2021\/01\/radboud-umg.svg\" alt=\"\" data-id=\"40\" data-full-url=\"https:\/\/piant.nl\/wp-content\/uploads\/\/2021\/01\/radboud-umg.svg\" data-link=\"https:\/\/piant.nl\/snijden\/radboud-umg\/\" class=\"wp-image-40\"\/><\/figure><\/li><li class=\"blocks-gallery-item\"><figure><img loading=\"lazy\" decoding=\"async\" width=\"143\" height=\"27\" src=\"https:\/\/piant.nl\/wp-content\/uploads\/\/2021\/01\/nespresso.svg\" alt=\"\" data-id=\"46\" data-full-url=\"https:\/\/piant.nl\/wp-content\/uploads\/\/2021\/01\/nespresso.svg\" data-link=\"https:\/\/piant.nl\/snijden\/nespresso\/\" class=\"wp-image-46\"\/><\/figure><\/li><li class=\"blocks-gallery-item\"><figure><img loading=\"lazy\" decoding=\"async\" width=\"119\" height=\"23\" src=\"https:\/\/piant.nl\/wp-content\/uploads\/\/2021\/01\/philips.svg\" alt=\"\" data-id=\"41\" data-full-url=\"https:\/\/piant.nl\/wp-content\/uploads\/\/2021\/01\/philips.svg\" data-link=\"https:\/\/piant.nl\/snijden\/philips\/\" class=\"wp-image-41\"\/><\/figure><\/li><li class=\"blocks-gallery-item\"><figure><img loading=\"lazy\" decoding=\"async\" width=\"93\" height=\"43\" src=\"https:\/\/piant.nl\/wp-content\/uploads\/2021\/01\/accell.jpg\" alt=\"\" data-id=\"47\" data-full-url=\"https:\/\/piant.nl\/wp-content\/uploads\/2021\/01\/accell.jpg\" data-link=\"https:\/\/piant.nl\/snijden\/accell-2\/\" class=\"wp-image-47\"\/><\/figure><\/li><\/ul><\/figure>\n\n\n\n<div class=\"wp-block-cover alignfull\"><img loading=\"lazy\" decoding=\"async\" width=\"1786\" height=\"606\" class=\"wp-block-cover__image-background wp-image-307\" alt=\"\" src=\"https:\/\/piant.nl\/wp-content\/uploads\/2021\/01\/materialen-blokje.jpg\" style=\"object-position:22% 99%\" data-object-fit=\"cover\" data-object-position=\"22% 99%\" srcset=\"https:\/\/piant.nl\/wp-content\/uploads\/2021\/01\/materialen-blokje.jpg 1786w, https:\/\/piant.nl\/wp-content\/uploads\/2021\/01\/materialen-blokje-445x151.jpg 445w, https:\/\/piant.nl\/wp-content\/uploads\/2021\/01\/materialen-blokje-915x310.jpg 915w, https:\/\/piant.nl\/wp-content\/uploads\/2021\/01\/materialen-blokje-768x261.jpg 768w, https:\/\/piant.nl\/wp-content\/uploads\/2021\/01\/materialen-blokje-1536x521.jpg 1536w\" sizes=\"auto, (max-width: 1786px) 100vw, 1786px\" \/><div class=\"wp-block-cover__inner-container is-layout-flow wp-block-cover-is-layout-flow\">\n<h2 class=\"wp-block-heading\">Fachwissen und zuverl\u00e4ssigkeit<\/h2>\n\n\n\n<p>\u201eOb nun Papier, Acrylat, Polypropylen, Holz, Pappe, Schaumstoff, Filz oder Leder, PIANT hilft Ihnen!\u201c<\/p>\n<\/div><\/div>\n\n\n\n<h2 class=\"has-text-align-center wp-block-heading\">Die neuesten Verfahren und Maschinen<\/h2>\n\n\n\n<p>Unser Maschinenpark ist in den letzten Jahren gewachsen, sodass wir f\u00fcr jedes Material die optimale L\u00f6sung bieten k\u00f6nnen. Nur so garantieren wir, dass wir die beste Qualit\u00e4t liefern k\u00f6nnen und effizient mit Materialien umgehen<\/p>\n\n\n\n<h3 class=\"has-text-align-center wp-block-heading\">Die Materialien<\/h3>\n\n\n\n<p>Es folgt eine \u00dcbersicht, mit dem Ziel, Ihnen einen Eindruck zu vermitteln, welche Materialien wir verarbeiten. Wir sind in der Lage, unterschiedliche Materialien vom Blech oder von der Rolle zu verarbeiten.<\/p>\n\n\n\n<div class=\"wp-block-columns is-layout-flex wp-container-core-columns-is-layout-9d6595d7 wp-block-columns-is-layout-flex\">\n<div class=\"wp-block-column is-layout-flow wp-block-column-is-layout-flow\">\n<ul role=\"list\" class=\"wp-block-list\"><li>Polyesterwolle<\/li><li><a href=\"https:\/\/piant.nl\/de\/materialien\/polyprop\/\" class=\"ek-link\"\"><span>Polypropylen<\/span><\/a><\/li><li><a href=\"\/de\/materialien\/filz\/\" class=\"ek-link\"\"><span>Filz<\/span><\/a><\/li><li><a href=\"https:\/\/piant.nl\/de\/materialien\/pe-2\/\" class=\"ek-link\"\"><span>PE Schaumstoff<\/span><\/a><\/li><li>Polystyrol<\/li><li>LDPE (Rolle)<\/li><\/ul>\n<\/div>\n\n\n\n<div class=\"wp-block-column is-layout-flow wp-block-column-is-layout-flow\">\n<ul role=\"list\" class=\"wp-block-list\"><li>PVC<\/li><li>PET-G<\/li><li>Dachfolie<\/li><li><a href=\"https:\/\/piant.nl\/de\/materialien\/epdm\/\" class=\"ek-link\"\"><span>EPDM<\/span><\/a><\/li><li>HDPE<\/li><li><a href=\"https:\/\/piant.nl\/de\/materialien\/leder\/\" class=\"ek-link\"\"><span>Leder<\/span><\/a><\/li><li><a href=\"https:\/\/piant.nl\/de\/materialien\/pe-2\/\" class=\"ek-link\"\"><span>PE<\/span><\/a><\/li><\/ul>\n<\/div>\n\n\n\n<div class=\"wp-block-column is-layout-flow wp-block-column-is-layout-flow\">\n<ul role=\"list\" class=\"wp-block-list\"><li>BO-PET<\/li><li>Holz<\/li><li><a href=\"https:\/\/piant.nl\/de\/materialien\/birkensperrholz\" class=\"ek-link\"\"><span>Birkensperrholz<\/span><\/a><\/li><li>EPDM-Kautschuk<\/li><li>Latex-Kautschuk <\/li><li><a href=\"https:\/\/piant.nl\/de\/materialien\/schaumstoff\" class=\"ek-link\"\"><span>Schaumstoff<\/span><\/a><\/li><\/ul>\n<\/div>\n\n\n\n<div class=\"wp-block-column is-layout-flow wp-block-column-is-layout-flow\">\n<ul role=\"list\" class=\"wp-block-list\"><li>Neopren<\/li><li><a href=\"https:\/\/piant.nl\/de\/materialien\/pappe\/\" class=\"ek-link\"\"><span>Pappe<\/span><\/a><\/li><li>Baumwolle<\/li><li><a href=\"https:\/\/piant.nl\/de\/materialien\/papier\/\" class=\"ek-link\"\"><span>Papier<\/span><\/a><\/li><li>Polycarbonat<\/li><li><a href=\"https:\/\/piant.nl\/de\/materialien\/acrylat\/\" class=\"ek-link\"\"><span>Acrylat<\/span><\/a><\/li><\/ul>\n<\/div>\n<\/div>\n\n\n\n<p><\/p>\n","protected":false},"excerpt":{"rendered":"<p>Ihr zuverl\u00e4ssiger partner PIANT hat eine \u201eno-nonsense\u201c-Mentalit\u00e4t, wir tun was wir sagen, und wir sagen was wir tun. Unsere Zuverl\u00e4ssigkeit, [&hellip;]<\/p>\n","protected":false},"author":1,"featured_media":0,"parent":0,"menu_order":0,"comment_status":"closed","ping_status":"closed","template":"blocks.php","meta":{"_acf_changed":false,"_editorskit_title_hidden":false,"_editorskit_reading_time":2,"_editorskit_is_block_options_detached":false,"_editorskit_block_options_position":"{}","_improvement_type_select":"improve_an_existing","_thumb_yes_seoaic":false,"_frame_yes_seoaic":false,"seoaic_generate_description":"","seoaic_improve_instructions_prompt":"","seoaic_rollback_content_improvement":"","seoaic_idea_thumbnail_generator":"","thumbnail_generated":false,"thumbnail_generate_prompt":"","seoaic_article_description":"","inline_featured_image":false,"_genesis_hide_title":false,"_genesis_hide_breadcrumbs":false,"_genesis_hide_singular_image":false,"_genesis_hide_footer_widgets":false,"_genesis_custom_body_class":"","_genesis_custom_post_class":"","_genesis_layout":"","footnotes":""},"class_list":{"0":"post-1341","1":"page","2":"type-page","3":"status-publish","5":"entry"},"acf":[],"yoast_head":"<!-- This site is optimized with the Yoast SEO plugin v27.4 - https:\/\/yoast.com\/product\/yoast-seo-wordpress\/ -->\n<title>Materialien - Piant B.V.<\/title>\n<meta name=\"robots\" content=\"index, follow, max-snippet:-1, max-image-preview:large, max-video-preview:-1\" \/>\n<link rel=\"canonical\" href=\"https:\/\/piant.nl\/de\/materialien\/\" \/>\n<meta property=\"og:locale\" content=\"de_DE\" \/>\n<meta property=\"og:type\" content=\"article\" \/>\n<meta property=\"og:title\" content=\"Materialien - Piant B.V.\" \/>\n<meta property=\"og:description\" content=\"Ihr zuverl\u00e4ssiger partner PIANT hat eine \u201eno-nonsense\u201c-Mentalit\u00e4t, wir tun was wir sagen, und wir sagen was wir tun. Unsere Zuverl\u00e4ssigkeit, [&hellip;]\" \/>\n<meta property=\"og:url\" content=\"https:\/\/piant.nl\/de\/materialien\/\" \/>\n<meta property=\"og:site_name\" content=\"Piant B.V.\" \/>\n<meta property=\"article:publisher\" content=\"https:\/\/www.facebook.com\/Piant.stansen.laseren.snijden\/\" \/>\n<meta property=\"article:modified_time\" content=\"2021-06-17T22:03:02+00:00\" \/>\n<meta property=\"og:image\" content=\"https:\/\/piant.nl\/wp-content\/uploads\/2021\/01\/materialen.jpg\" \/>\n<meta name=\"twitter:card\" content=\"summary_large_image\" \/>\n<script type=\"application\/ld+json\" class=\"yoast-schema-graph\">{\"@context\":\"https:\\\/\\\/schema.org\",\"@graph\":[{\"@type\":\"WebPage\",\"@id\":\"https:\\\/\\\/piant.nl\\\/de\\\/materialien\\\/\",\"url\":\"https:\\\/\\\/piant.nl\\\/de\\\/materialien\\\/\",\"name\":\"Materialien - Piant B.V.\",\"isPartOf\":{\"@id\":\"https:\\\/\\\/piant.nl\\\/de\\\/#website\"},\"primaryImageOfPage\":{\"@id\":\"https:\\\/\\\/piant.nl\\\/de\\\/materialien\\\/#primaryimage\"},\"image\":{\"@id\":\"https:\\\/\\\/piant.nl\\\/de\\\/materialien\\\/#primaryimage\"},\"thumbnailUrl\":\"https:\\\/\\\/piant.nl\\\/wp-content\\\/uploads\\\/2021\\\/01\\\/materialen.jpg\",\"datePublished\":\"2021-01-13T10:00:12+00:00\",\"dateModified\":\"2021-06-17T22:03:02+00:00\",\"breadcrumb\":{\"@id\":\"https:\\\/\\\/piant.nl\\\/de\\\/materialien\\\/#breadcrumb\"},\"inLanguage\":\"de\",\"potentialAction\":[{\"@type\":\"ReadAction\",\"target\":[\"https:\\\/\\\/piant.nl\\\/de\\\/materialien\\\/\"]}]},{\"@type\":\"ImageObject\",\"inLanguage\":\"de\",\"@id\":\"https:\\\/\\\/piant.nl\\\/de\\\/materialien\\\/#primaryimage\",\"url\":\"https:\\\/\\\/piant.nl\\\/wp-content\\\/uploads\\\/2021\\\/01\\\/materialen.jpg\",\"contentUrl\":\"https:\\\/\\\/piant.nl\\\/wp-content\\\/uploads\\\/2021\\\/01\\\/materialen.jpg\"},{\"@type\":\"BreadcrumbList\",\"@id\":\"https:\\\/\\\/piant.nl\\\/de\\\/materialien\\\/#breadcrumb\",\"itemListElement\":[{\"@type\":\"ListItem\",\"position\":1,\"name\":\"Home\",\"item\":\"https:\\\/\\\/piant.nl\\\/de\\\/\"},{\"@type\":\"ListItem\",\"position\":2,\"name\":\"Materialien\"}]},{\"@type\":\"WebSite\",\"@id\":\"https:\\\/\\\/piant.nl\\\/de\\\/#website\",\"url\":\"https:\\\/\\\/piant.nl\\\/de\\\/\",\"name\":\"Piant B.V.\",\"description\":\"\",\"publisher\":{\"@id\":\"https:\\\/\\\/piant.nl\\\/de\\\/#organization\"},\"potentialAction\":[{\"@type\":\"SearchAction\",\"target\":{\"@type\":\"EntryPoint\",\"urlTemplate\":\"https:\\\/\\\/piant.nl\\\/de\\\/?s={search_term_string}\"},\"query-input\":{\"@type\":\"PropertyValueSpecification\",\"valueRequired\":true,\"valueName\":\"search_term_string\"}}],\"inLanguage\":\"de\"},{\"@type\":\"Organization\",\"@id\":\"https:\\\/\\\/piant.nl\\\/de\\\/#organization\",\"name\":\"PIANT B.V.\",\"url\":\"https:\\\/\\\/piant.nl\\\/de\\\/\",\"logo\":{\"@type\":\"ImageObject\",\"inLanguage\":\"de\",\"@id\":\"https:\\\/\\\/piant.nl\\\/de\\\/#\\\/schema\\\/logo\\\/image\\\/\",\"url\":\"https:\\\/\\\/piant.nl\\\/wp-content\\\/uploads\\\/2021\\\/01\\\/piant.png\",\"contentUrl\":\"https:\\\/\\\/piant.nl\\\/wp-content\\\/uploads\\\/2021\\\/01\\\/piant.png\",\"width\":512,\"height\":126,\"caption\":\"PIANT B.V.\"},\"image\":{\"@id\":\"https:\\\/\\\/piant.nl\\\/de\\\/#\\\/schema\\\/logo\\\/image\\\/\"},\"sameAs\":[\"https:\\\/\\\/www.facebook.com\\\/Piant.stansen.laseren.snijden\\\/\",\"https:\\\/\\\/www.linkedin.com\\\/company\\\/piant\\\/\",\"https:\\\/\\\/www.youtube.com\\\/user\\\/PiantStanztechniekBV\"]}]}<\/script>\n<!-- \/ Yoast SEO plugin. -->","yoast_head_json":{"title":"Materialien - Piant B.V.","robots":{"index":"index","follow":"follow","max-snippet":"max-snippet:-1","max-image-preview":"max-image-preview:large","max-video-preview":"max-video-preview:-1"},"canonical":"https:\/\/piant.nl\/de\/materialien\/","og_locale":"de_DE","og_type":"article","og_title":"Materialien - Piant B.V.","og_description":"Ihr zuverl\u00e4ssiger partner PIANT hat eine \u201eno-nonsense\u201c-Mentalit\u00e4t, wir tun was wir sagen, und wir sagen was wir tun. Unsere Zuverl\u00e4ssigkeit, [&hellip;]","og_url":"https:\/\/piant.nl\/de\/materialien\/","og_site_name":"Piant B.V.","article_publisher":"https:\/\/www.facebook.com\/Piant.stansen.laseren.snijden\/","article_modified_time":"2021-06-17T22:03:02+00:00","og_image":[{"url":"https:\/\/piant.nl\/wp-content\/uploads\/2021\/01\/materialen.jpg","type":"","width":"","height":""}],"twitter_card":"summary_large_image","schema":{"@context":"https:\/\/schema.org","@graph":[{"@type":"WebPage","@id":"https:\/\/piant.nl\/de\/materialien\/","url":"https:\/\/piant.nl\/de\/materialien\/","name":"Materialien - Piant B.V.","isPartOf":{"@id":"https:\/\/piant.nl\/de\/#website"},"primaryImageOfPage":{"@id":"https:\/\/piant.nl\/de\/materialien\/#primaryimage"},"image":{"@id":"https:\/\/piant.nl\/de\/materialien\/#primaryimage"},"thumbnailUrl":"https:\/\/piant.nl\/wp-content\/uploads\/2021\/01\/materialen.jpg","datePublished":"2021-01-13T10:00:12+00:00","dateModified":"2021-06-17T22:03:02+00:00","breadcrumb":{"@id":"https:\/\/piant.nl\/de\/materialien\/#breadcrumb"},"inLanguage":"de","potentialAction":[{"@type":"ReadAction","target":["https:\/\/piant.nl\/de\/materialien\/"]}]},{"@type":"ImageObject","inLanguage":"de","@id":"https:\/\/piant.nl\/de\/materialien\/#primaryimage","url":"https:\/\/piant.nl\/wp-content\/uploads\/2021\/01\/materialen.jpg","contentUrl":"https:\/\/piant.nl\/wp-content\/uploads\/2021\/01\/materialen.jpg"},{"@type":"BreadcrumbList","@id":"https:\/\/piant.nl\/de\/materialien\/#breadcrumb","itemListElement":[{"@type":"ListItem","position":1,"name":"Home","item":"https:\/\/piant.nl\/de\/"},{"@type":"ListItem","position":2,"name":"Materialien"}]},{"@type":"WebSite","@id":"https:\/\/piant.nl\/de\/#website","url":"https:\/\/piant.nl\/de\/","name":"Piant B.V.","description":"","publisher":{"@id":"https:\/\/piant.nl\/de\/#organization"},"potentialAction":[{"@type":"SearchAction","target":{"@type":"EntryPoint","urlTemplate":"https:\/\/piant.nl\/de\/?s={search_term_string}"},"query-input":{"@type":"PropertyValueSpecification","valueRequired":true,"valueName":"search_term_string"}}],"inLanguage":"de"},{"@type":"Organization","@id":"https:\/\/piant.nl\/de\/#organization","name":"PIANT B.V.","url":"https:\/\/piant.nl\/de\/","logo":{"@type":"ImageObject","inLanguage":"de","@id":"https:\/\/piant.nl\/de\/#\/schema\/logo\/image\/","url":"https:\/\/piant.nl\/wp-content\/uploads\/2021\/01\/piant.png","contentUrl":"https:\/\/piant.nl\/wp-content\/uploads\/2021\/01\/piant.png","width":512,"height":126,"caption":"PIANT B.V."},"image":{"@id":"https:\/\/piant.nl\/de\/#\/schema\/logo\/image\/"},"sameAs":["https:\/\/www.facebook.com\/Piant.stansen.laseren.snijden\/","https:\/\/www.linkedin.com\/company\/piant\/","https:\/\/www.youtube.com\/user\/PiantStanztechniekBV"]}]}},"_links":{"self":[{"href":"https:\/\/piant.nl\/de\/wp-json\/wp\/v2\/pages\/1341","targetHints":{"allow":["GET"]}}],"collection":[{"href":"https:\/\/piant.nl\/de\/wp-json\/wp\/v2\/pages"}],"about":[{"href":"https:\/\/piant.nl\/de\/wp-json\/wp\/v2\/types\/page"}],"author":[{"embeddable":true,"href":"https:\/\/piant.nl\/de\/wp-json\/wp\/v2\/users\/1"}],"replies":[{"embeddable":true,"href":"https:\/\/piant.nl\/de\/wp-json\/wp\/v2\/comments?post=1341"}],"version-history":[{"count":0,"href":"https:\/\/piant.nl\/de\/wp-json\/wp\/v2\/pages\/1341\/revisions"}],"wp:attachment":[{"href":"https:\/\/piant.nl\/de\/wp-json\/wp\/v2\/media?parent=1341"}],"curies":[{"name":"wp","href":"https:\/\/api.w.org\/{rel}","templated":true}]}}