{"id":1300,"date":"2021-01-13T11:14:57","date_gmt":"2021-01-13T10:14:57","guid":{"rendered":"https:\/\/piant.nl\/stansen\/"},"modified":"2021-06-17T18:18:13","modified_gmt":"2021-06-17T16:18:13","slug":"stanzen","status":"publish","type":"page","link":"https:\/\/piant.nl\/de\/stanzen\/","title":{"rendered":"Stanzen"},"content":{"rendered":"\n<div class=\"wp-block-cover alignfull\"><img loading=\"lazy\" decoding=\"async\" width=\"1786\" height=\"661\" class=\"wp-block-cover__image-background wp-image-311\" alt=\"\" src=\"https:\/\/piant.nl\/wp-content\/uploads\/2021\/01\/stansen.jpg\" style=\"object-position:70% 49%\" data-object-fit=\"cover\" data-object-position=\"70% 49%\" srcset=\"https:\/\/piant.nl\/wp-content\/uploads\/2021\/01\/stansen.jpg 1786w, https:\/\/piant.nl\/wp-content\/uploads\/2021\/01\/stansen-445x165.jpg 445w, https:\/\/piant.nl\/wp-content\/uploads\/2021\/01\/stansen-915x339.jpg 915w, https:\/\/piant.nl\/wp-content\/uploads\/2021\/01\/stansen-768x284.jpg 768w, https:\/\/piant.nl\/wp-content\/uploads\/2021\/01\/stansen-1536x568.jpg 1536w\" sizes=\"auto, (max-width: 1786px) 100vw, 1786px\" \/><div class=\"wp-block-cover__inner-container is-layout-flow wp-block-cover-is-layout-flow\">\n<h1 class=\"wp-block-heading\">Stanzen<\/h1>\n\n\n\n<p>Seit mehr als 50 Jahren stanzt PIANT verschiedene Materialien, wie etwa Kunststoff, Papier, Gummi oder Holz f\u00fcr die unterschiedlichsten Unternehmen. Als Spezialist f\u00fcr das Stanzen erm\u00f6glichen wir jedes Design und teilen gerne unser Wissen, um Ihr Produkt so effektiv wie m\u00f6glich zu realisieren.<\/p>\n<\/div><\/div>\n<div class=\"usps alignfull\"><div class=\"inner-container\"><ul class=\"usp-list\"><li class=\"rating\">Kundenmeinung 8.7<\/li><li>Zuverl\u00e4ssigkeit<\/li><li>Fachwissen<\/li><\/ul><\/div><\/div>\n\n\n<h2 class=\"has-text-align-center wp-block-heading\">Ihr zuverl\u00e4ssiger partner<\/h2>\n\n\n\n<p>Sie suchen einen fachkundigen, qualitativ hochwertigen und zuverl\u00e4ssigen Partner f\u00fcr das Stanzen Ihres Produktes? PIANT hilft Ihnen gerne.<\/p>\n\n\n\n<p>PIANT hat eine \u201eno-nonsense\u201c-Mentalit\u00e4t, wir tun was wir sagen, und wir sagen was wir tun. Unsere Zuverl\u00e4ssigkeit, unser Fachwissen und unsere transparente Kommunikationsweise sorgen f\u00fcr eine angenehme Atmosph\u00e4re, sowohl f\u00fcr Sie als auch f\u00fcr uns. F\u00fcr uns ist es wichtig, dass wir zusammenarbeiten, damit durch die Kombination aus Ihrem und unserem Fachwissen das beste Produkt entwickelt und hergestellt werden kann. Durch unseren fortschrittlichen Maschinenpark ist es f\u00fcr Sie nicht erforderlich, in ein Stanzmesser zu investieren. Anhand Ihres Entwurfs und Ihrer W\u00fcnsche entscheiden wir zun\u00e4chst, welches Verfahren das beste Produkt erm\u00f6glicht.<\/p>\n\n\n\n<h3 class=\"has-text-align-center wp-block-heading\">Referenzen<\/h3>\n\n\n\n<figure class=\"wp-block-gallery aligncenter columns-4 wp-block-gallery-1 is-layout-flex wp-block-gallery-is-layout-flex\"><ul class=\"blocks-gallery-grid\"><li class=\"blocks-gallery-item\"><figure><img loading=\"lazy\" decoding=\"async\" width=\"92\" height=\"45\" src=\"https:\/\/piant.nl\/wp-content\/uploads\/\/2021\/01\/vdl.svg\" alt=\"\" data-id=\"43\" data-full-url=\"https:\/\/piant.nl\/wp-content\/uploads\/\/2021\/01\/vdl.svg\" data-link=\"https:\/\/piant.nl\/snijden\/vdl\/\" class=\"wp-image-43\"\/><\/figure><\/li><li class=\"blocks-gallery-item\"><figure><img loading=\"lazy\" decoding=\"async\" width=\"128\" height=\"49\" src=\"https:\/\/piant.nl\/wp-content\/uploads\/\/2021\/01\/efteling.svg\" alt=\"\" data-id=\"45\" data-full-url=\"https:\/\/piant.nl\/wp-content\/uploads\/\/2021\/01\/efteling.svg\" data-link=\"https:\/\/piant.nl\/snijden\/efteling\/\" class=\"wp-image-45\"\/><\/figure><\/li><li class=\"blocks-gallery-item\"><figure><img loading=\"lazy\" decoding=\"async\" width=\"96\" height=\"16\" src=\"https:\/\/piant.nl\/wp-content\/uploads\/\/2021\/01\/secrid.svg\" alt=\"\" data-id=\"44\" data-full-url=\"https:\/\/piant.nl\/wp-content\/uploads\/\/2021\/01\/secrid.svg\" data-link=\"https:\/\/piant.nl\/snijden\/secrid\/\" class=\"wp-image-44\"\/><\/figure><\/li><li class=\"blocks-gallery-item\"><figure><img loading=\"lazy\" decoding=\"async\" width=\"82\" height=\"48\" src=\"https:\/\/piant.nl\/wp-content\/uploads\/\/2021\/01\/klm.svg\" alt=\"\" data-id=\"42\" data-full-url=\"https:\/\/piant.nl\/wp-content\/uploads\/\/2021\/01\/klm.svg\" data-link=\"https:\/\/piant.nl\/snijden\/klm\/\" class=\"wp-image-42\"\/><\/figure><\/li><li class=\"blocks-gallery-item\"><figure><img loading=\"lazy\" decoding=\"async\" width=\"148\" height=\"19\" src=\"https:\/\/piant.nl\/wp-content\/uploads\/\/2021\/01\/radboud-umg.svg\" alt=\"\" data-id=\"40\" data-full-url=\"https:\/\/piant.nl\/wp-content\/uploads\/\/2021\/01\/radboud-umg.svg\" data-link=\"https:\/\/piant.nl\/snijden\/radboud-umg\/\" class=\"wp-image-40\"\/><\/figure><\/li><li class=\"blocks-gallery-item\"><figure><img loading=\"lazy\" decoding=\"async\" width=\"143\" height=\"27\" src=\"https:\/\/piant.nl\/wp-content\/uploads\/\/2021\/01\/nespresso.svg\" alt=\"\" data-id=\"46\" data-full-url=\"https:\/\/piant.nl\/wp-content\/uploads\/\/2021\/01\/nespresso.svg\" data-link=\"https:\/\/piant.nl\/snijden\/nespresso\/\" class=\"wp-image-46\"\/><\/figure><\/li><li class=\"blocks-gallery-item\"><figure><img loading=\"lazy\" decoding=\"async\" width=\"119\" height=\"23\" src=\"https:\/\/piant.nl\/wp-content\/uploads\/\/2021\/01\/philips.svg\" alt=\"\" data-id=\"41\" data-full-url=\"https:\/\/piant.nl\/wp-content\/uploads\/\/2021\/01\/philips.svg\" data-link=\"https:\/\/piant.nl\/snijden\/philips\/\" class=\"wp-image-41\"\/><\/figure><\/li><li class=\"blocks-gallery-item\"><figure><img loading=\"lazy\" decoding=\"async\" width=\"93\" height=\"43\" src=\"https:\/\/piant.nl\/wp-content\/uploads\/2021\/01\/accell.jpg\" alt=\"\" data-id=\"47\" data-full-url=\"https:\/\/piant.nl\/wp-content\/uploads\/2021\/01\/accell.jpg\" data-link=\"https:\/\/piant.nl\/snijden\/accell-2\/\" class=\"wp-image-47\"\/><\/figure><\/li><\/ul><\/figure>\n\n\n\n<div class=\"wp-block-cover alignfull\"><img loading=\"lazy\" decoding=\"async\" width=\"1786\" height=\"606\" class=\"wp-block-cover__image-background wp-image-312\" alt=\"\" src=\"https:\/\/piant.nl\/wp-content\/uploads\/2021\/01\/stansen-grid.jpg\" data-object-fit=\"cover\" srcset=\"https:\/\/piant.nl\/wp-content\/uploads\/2021\/01\/stansen-grid.jpg 1786w, https:\/\/piant.nl\/wp-content\/uploads\/2021\/01\/stansen-grid-445x151.jpg 445w, https:\/\/piant.nl\/wp-content\/uploads\/2021\/01\/stansen-grid-915x310.jpg 915w, https:\/\/piant.nl\/wp-content\/uploads\/2021\/01\/stansen-grid-768x261.jpg 768w, https:\/\/piant.nl\/wp-content\/uploads\/2021\/01\/stansen-grid-1536x521.jpg 1536w\" sizes=\"auto, (max-width: 1786px) 100vw, 1786px\" \/><div class=\"wp-block-cover__inner-container is-layout-flow wp-block-cover-is-layout-flow\">\n<h2 class=\"wp-block-heading\">Fachwissen und zuverl\u00e4ssigkeit<\/h2>\n\n\n\n<p>PIANT ist Ihr fachkundiger, zuverl\u00e4ssiger und qualitativ hochwertiger Partner f\u00fcr das Stanzen Ihres Produktes.<\/p>\n<\/div><\/div>\n\n\n\n<h2 class=\"has-text-align-center wp-block-heading\">Die neuesten verfahren und maschinen<\/h2>\n\n\n\n<p>PIANT investiert kontinuierlich in neue Verfahren in den Bereichen Stanzen, Schneiden und Laserschneiden. So k\u00f6nnen wir die h\u00f6chste Qualit\u00e4t liefern. In unserer Produktionshalle verf\u00fcgen wir \u00fcber einen fortschrittlichen Maschinenpark, mit dem wir jeden Auftrag erf\u00fcllen k\u00f6nnen. Von extrem gro\u00df (max. Produktabmessungen von 1.500 x 6.000 mm) bis minuti\u00f6s klein. Au\u00dferdem k\u00f6nnen wir unterschiedliche Materialien von der Rolle stanzen mit einer Breite von 2,10 m.<\/p>\n\n\n\n<h2 class=\"has-text-align-center wp-block-heading\">Unendlich viele M\u00f6glichkeiten<\/h2>\n\n\n\n<p>PIANT kann in jedem Bereich einen Mehrwert bieten. Dies beweisen wir jedes Mal wieder aufs Neue, indem wir nicht nur f\u00fcr den grafischen Sektor perfekte Qualit\u00e4t liefern, sondern auch f\u00fcr andere Branchen, wie etwa die Automobilindustrie, M\u00f6belproduktion, Medizin, Verpackungsindustrie, Kunststoffverarbeitung, Druckereien, Werbemittelproduktion und viele weitere. Ob Sie nun einen Rahmen, ein Buch oder ein Display stanzen lassen wollen, Umschl\u00e4ge oder Brosch\u00fcren falten, Formulare oder Konsumgutscheine perforieren lassen, Aufkleberb\u00f6gen mit Abziehhilfe herstellen oder T\u00fcten mit Relief drucken lassen wollen. PIANT kann alles. Wir sorgen immer daf\u00fcr, dass der Kunde entlastet wird und eine ma\u00dfgeschneiderte L\u00f6sung f\u00fcr das Problem geboten wird.<\/p>\n","protected":false},"excerpt":{"rendered":"<p>Ihr zuverl\u00e4ssiger partner Sie suchen einen fachkundigen, qualitativ hochwertigen und zuverl\u00e4ssigen Partner f\u00fcr das Stanzen Ihres Produktes? PIANT hilft Ihnen [&hellip;]<\/p>\n","protected":false},"author":1,"featured_media":1301,"parent":0,"menu_order":0,"comment_status":"closed","ping_status":"closed","template":"blocks.php","meta":{"_acf_changed":false,"_editorskit_title_hidden":false,"_editorskit_reading_time":2,"_editorskit_is_block_options_detached":false,"_editorskit_block_options_position":"{}","_improvement_type_select":"improve_an_existing","_thumb_yes_seoaic":false,"_frame_yes_seoaic":false,"seoaic_generate_description":"","seoaic_improve_instructions_prompt":"","seoaic_rollback_content_improvement":"","seoaic_idea_thumbnail_generator":"","thumbnail_generated":false,"thumbnail_generate_prompt":"","seoaic_article_description":"","inline_featured_image":false,"_genesis_hide_title":false,"_genesis_hide_breadcrumbs":false,"_genesis_hide_singular_image":false,"_genesis_hide_footer_widgets":false,"_genesis_custom_body_class":"","_genesis_custom_post_class":"","_genesis_layout":"","footnotes":""},"class_list":{"0":"post-1300","1":"page","2":"type-page","3":"status-publish","4":"has-post-thumbnail","6":"entry"},"acf":[],"yoast_head":"<!-- This site is optimized with the Yoast SEO plugin v27.4 - https:\/\/yoast.com\/product\/yoast-seo-wordpress\/ -->\n<title>Stanzen - Piant B.V.<\/title>\n<meta name=\"description\" content=\"U wilt snel en goedkoop stansen? Maar bovenal een onuitwisbare indruk achterlaten met uw stansontwerp. Dan helpt Piant u graag.\" \/>\n<meta name=\"robots\" content=\"index, follow, max-snippet:-1, max-image-preview:large, max-video-preview:-1\" \/>\n<link rel=\"canonical\" href=\"https:\/\/piant.nl\/de\/stanzen\/\" \/>\n<meta property=\"og:locale\" content=\"de_DE\" \/>\n<meta property=\"og:type\" content=\"article\" \/>\n<meta property=\"og:title\" content=\"Stanzen - Piant B.V.\" \/>\n<meta property=\"og:description\" content=\"U wilt snel en goedkoop stansen? Maar bovenal een onuitwisbare indruk achterlaten met uw stansontwerp. Dan helpt Piant u graag.\" \/>\n<meta property=\"og:url\" content=\"https:\/\/piant.nl\/de\/stanzen\/\" \/>\n<meta property=\"og:site_name\" content=\"Piant B.V.\" \/>\n<meta property=\"article:publisher\" content=\"https:\/\/www.facebook.com\/Piant.stansen.laseren.snijden\/\" \/>\n<meta property=\"article:modified_time\" content=\"2021-06-17T16:18:13+00:00\" \/>\n<meta property=\"og:image\" content=\"https:\/\/piant.nl\/wp-content\/uploads\/2021\/01\/stansen.jpg\" \/>\n\t<meta property=\"og:image:width\" content=\"1786\" \/>\n\t<meta property=\"og:image:height\" content=\"661\" \/>\n\t<meta property=\"og:image:type\" content=\"image\/jpeg\" \/>\n<meta name=\"twitter:card\" content=\"summary_large_image\" \/>\n<script type=\"application\/ld+json\" class=\"yoast-schema-graph\">{\"@context\":\"https:\\\/\\\/schema.org\",\"@graph\":[{\"@type\":\"WebPage\",\"@id\":\"https:\\\/\\\/piant.nl\\\/de\\\/stanzen\\\/\",\"url\":\"https:\\\/\\\/piant.nl\\\/de\\\/stanzen\\\/\",\"name\":\"Stanzen - Piant B.V.\",\"isPartOf\":{\"@id\":\"https:\\\/\\\/piant.nl\\\/de\\\/#website\"},\"primaryImageOfPage\":{\"@id\":\"https:\\\/\\\/piant.nl\\\/de\\\/stanzen\\\/#primaryimage\"},\"image\":{\"@id\":\"https:\\\/\\\/piant.nl\\\/de\\\/stanzen\\\/#primaryimage\"},\"thumbnailUrl\":\"https:\\\/\\\/piant.nl\\\/wp-content\\\/uploads\\\/2021\\\/01\\\/stansen.jpg\",\"datePublished\":\"2021-01-13T10:14:57+00:00\",\"dateModified\":\"2021-06-17T16:18:13+00:00\",\"description\":\"U wilt snel en goedkoop stansen? Maar bovenal een onuitwisbare indruk achterlaten met uw stansontwerp. Dan helpt Piant u graag.\",\"breadcrumb\":{\"@id\":\"https:\\\/\\\/piant.nl\\\/de\\\/stanzen\\\/#breadcrumb\"},\"inLanguage\":\"de\",\"potentialAction\":[{\"@type\":\"ReadAction\",\"target\":[\"https:\\\/\\\/piant.nl\\\/de\\\/stanzen\\\/\"]}]},{\"@type\":\"ImageObject\",\"inLanguage\":\"de\",\"@id\":\"https:\\\/\\\/piant.nl\\\/de\\\/stanzen\\\/#primaryimage\",\"url\":\"https:\\\/\\\/piant.nl\\\/wp-content\\\/uploads\\\/2021\\\/01\\\/stansen.jpg\",\"contentUrl\":\"https:\\\/\\\/piant.nl\\\/wp-content\\\/uploads\\\/2021\\\/01\\\/stansen.jpg\",\"width\":1786,\"height\":661},{\"@type\":\"BreadcrumbList\",\"@id\":\"https:\\\/\\\/piant.nl\\\/de\\\/stanzen\\\/#breadcrumb\",\"itemListElement\":[{\"@type\":\"ListItem\",\"position\":1,\"name\":\"Home\",\"item\":\"https:\\\/\\\/piant.nl\\\/de\\\/\"},{\"@type\":\"ListItem\",\"position\":2,\"name\":\"Stanzen\"}]},{\"@type\":\"WebSite\",\"@id\":\"https:\\\/\\\/piant.nl\\\/de\\\/#website\",\"url\":\"https:\\\/\\\/piant.nl\\\/de\\\/\",\"name\":\"Piant B.V.\",\"description\":\"\",\"publisher\":{\"@id\":\"https:\\\/\\\/piant.nl\\\/de\\\/#organization\"},\"potentialAction\":[{\"@type\":\"SearchAction\",\"target\":{\"@type\":\"EntryPoint\",\"urlTemplate\":\"https:\\\/\\\/piant.nl\\\/de\\\/?s={search_term_string}\"},\"query-input\":{\"@type\":\"PropertyValueSpecification\",\"valueRequired\":true,\"valueName\":\"search_term_string\"}}],\"inLanguage\":\"de\"},{\"@type\":\"Organization\",\"@id\":\"https:\\\/\\\/piant.nl\\\/de\\\/#organization\",\"name\":\"PIANT B.V.\",\"url\":\"https:\\\/\\\/piant.nl\\\/de\\\/\",\"logo\":{\"@type\":\"ImageObject\",\"inLanguage\":\"de\",\"@id\":\"https:\\\/\\\/piant.nl\\\/de\\\/#\\\/schema\\\/logo\\\/image\\\/\",\"url\":\"https:\\\/\\\/piant.nl\\\/wp-content\\\/uploads\\\/2021\\\/01\\\/piant.png\",\"contentUrl\":\"https:\\\/\\\/piant.nl\\\/wp-content\\\/uploads\\\/2021\\\/01\\\/piant.png\",\"width\":512,\"height\":126,\"caption\":\"PIANT B.V.\"},\"image\":{\"@id\":\"https:\\\/\\\/piant.nl\\\/de\\\/#\\\/schema\\\/logo\\\/image\\\/\"},\"sameAs\":[\"https:\\\/\\\/www.facebook.com\\\/Piant.stansen.laseren.snijden\\\/\",\"https:\\\/\\\/www.linkedin.com\\\/company\\\/piant\\\/\",\"https:\\\/\\\/www.youtube.com\\\/user\\\/PiantStanztechniekBV\"]}]}<\/script>\n<!-- \/ Yoast SEO plugin. -->","yoast_head_json":{"title":"Stanzen - Piant B.V.","description":"U wilt snel en goedkoop stansen? Maar bovenal een onuitwisbare indruk achterlaten met uw stansontwerp. Dan helpt Piant u graag.","robots":{"index":"index","follow":"follow","max-snippet":"max-snippet:-1","max-image-preview":"max-image-preview:large","max-video-preview":"max-video-preview:-1"},"canonical":"https:\/\/piant.nl\/de\/stanzen\/","og_locale":"de_DE","og_type":"article","og_title":"Stanzen - Piant B.V.","og_description":"U wilt snel en goedkoop stansen? Maar bovenal een onuitwisbare indruk achterlaten met uw stansontwerp. Dan helpt Piant u graag.","og_url":"https:\/\/piant.nl\/de\/stanzen\/","og_site_name":"Piant B.V.","article_publisher":"https:\/\/www.facebook.com\/Piant.stansen.laseren.snijden\/","article_modified_time":"2021-06-17T16:18:13+00:00","og_image":[{"width":1786,"height":661,"url":"https:\/\/piant.nl\/wp-content\/uploads\/2021\/01\/stansen.jpg","type":"image\/jpeg"}],"twitter_card":"summary_large_image","schema":{"@context":"https:\/\/schema.org","@graph":[{"@type":"WebPage","@id":"https:\/\/piant.nl\/de\/stanzen\/","url":"https:\/\/piant.nl\/de\/stanzen\/","name":"Stanzen - Piant B.V.","isPartOf":{"@id":"https:\/\/piant.nl\/de\/#website"},"primaryImageOfPage":{"@id":"https:\/\/piant.nl\/de\/stanzen\/#primaryimage"},"image":{"@id":"https:\/\/piant.nl\/de\/stanzen\/#primaryimage"},"thumbnailUrl":"https:\/\/piant.nl\/wp-content\/uploads\/2021\/01\/stansen.jpg","datePublished":"2021-01-13T10:14:57+00:00","dateModified":"2021-06-17T16:18:13+00:00","description":"U wilt snel en goedkoop stansen? Maar bovenal een onuitwisbare indruk achterlaten met uw stansontwerp. Dan helpt Piant u graag.","breadcrumb":{"@id":"https:\/\/piant.nl\/de\/stanzen\/#breadcrumb"},"inLanguage":"de","potentialAction":[{"@type":"ReadAction","target":["https:\/\/piant.nl\/de\/stanzen\/"]}]},{"@type":"ImageObject","inLanguage":"de","@id":"https:\/\/piant.nl\/de\/stanzen\/#primaryimage","url":"https:\/\/piant.nl\/wp-content\/uploads\/2021\/01\/stansen.jpg","contentUrl":"https:\/\/piant.nl\/wp-content\/uploads\/2021\/01\/stansen.jpg","width":1786,"height":661},{"@type":"BreadcrumbList","@id":"https:\/\/piant.nl\/de\/stanzen\/#breadcrumb","itemListElement":[{"@type":"ListItem","position":1,"name":"Home","item":"https:\/\/piant.nl\/de\/"},{"@type":"ListItem","position":2,"name":"Stanzen"}]},{"@type":"WebSite","@id":"https:\/\/piant.nl\/de\/#website","url":"https:\/\/piant.nl\/de\/","name":"Piant B.V.","description":"","publisher":{"@id":"https:\/\/piant.nl\/de\/#organization"},"potentialAction":[{"@type":"SearchAction","target":{"@type":"EntryPoint","urlTemplate":"https:\/\/piant.nl\/de\/?s={search_term_string}"},"query-input":{"@type":"PropertyValueSpecification","valueRequired":true,"valueName":"search_term_string"}}],"inLanguage":"de"},{"@type":"Organization","@id":"https:\/\/piant.nl\/de\/#organization","name":"PIANT B.V.","url":"https:\/\/piant.nl\/de\/","logo":{"@type":"ImageObject","inLanguage":"de","@id":"https:\/\/piant.nl\/de\/#\/schema\/logo\/image\/","url":"https:\/\/piant.nl\/wp-content\/uploads\/2021\/01\/piant.png","contentUrl":"https:\/\/piant.nl\/wp-content\/uploads\/2021\/01\/piant.png","width":512,"height":126,"caption":"PIANT B.V."},"image":{"@id":"https:\/\/piant.nl\/de\/#\/schema\/logo\/image\/"},"sameAs":["https:\/\/www.facebook.com\/Piant.stansen.laseren.snijden\/","https:\/\/www.linkedin.com\/company\/piant\/","https:\/\/www.youtube.com\/user\/PiantStanztechniekBV"]}]}},"_links":{"self":[{"href":"https:\/\/piant.nl\/de\/wp-json\/wp\/v2\/pages\/1300","targetHints":{"allow":["GET"]}}],"collection":[{"href":"https:\/\/piant.nl\/de\/wp-json\/wp\/v2\/pages"}],"about":[{"href":"https:\/\/piant.nl\/de\/wp-json\/wp\/v2\/types\/page"}],"author":[{"embeddable":true,"href":"https:\/\/piant.nl\/de\/wp-json\/wp\/v2\/users\/1"}],"replies":[{"embeddable":true,"href":"https:\/\/piant.nl\/de\/wp-json\/wp\/v2\/comments?post=1300"}],"version-history":[{"count":0,"href":"https:\/\/piant.nl\/de\/wp-json\/wp\/v2\/pages\/1300\/revisions"}],"wp:featuredmedia":[{"embeddable":true,"href":"https:\/\/piant.nl\/de\/wp-json\/wp\/v2\/media\/1301"}],"wp:attachment":[{"href":"https:\/\/piant.nl\/de\/wp-json\/wp\/v2\/media?parent=1300"}],"curies":[{"name":"wp","href":"https:\/\/api.w.org\/{rel}","templated":true}]}}