{"id":1259,"date":"2021-01-11T16:59:00","date_gmt":"2021-01-11T15:59:00","guid":{"rendered":"https:\/\/piant.nl\/home\/"},"modified":"2021-06-17T23:19:26","modified_gmt":"2021-06-17T21:19:26","slug":"piant-bv-ist-spezialisiert-auf-stanzen-schneiden-und-laserschneiden","status":"publish","type":"page","link":"https:\/\/piant.nl\/de\/","title":{"rendered":"Piant B.V. ist spezialisiert auf stanzen, schneiden und laserschneiden"},"content":{"rendered":"\n<div class=\"wp-block-cover alignfull\"><img loading=\"lazy\" decoding=\"async\" width=\"1440\" height=\"606\" class=\"wp-block-cover__image-background wp-image-38\" alt=\"\" src=\"https:\/\/piant.nl\/wp-content\/uploads\/2021\/01\/piant-header-snijden.jpg\" style=\"object-position:70% 49%\" data-object-fit=\"cover\" data-object-position=\"70% 49%\" srcset=\"https:\/\/piant.nl\/wp-content\/uploads\/2021\/01\/piant-header-snijden.jpg 1440w, https:\/\/piant.nl\/wp-content\/uploads\/2021\/01\/piant-header-snijden-445x187.jpg 445w, https:\/\/piant.nl\/wp-content\/uploads\/2021\/01\/piant-header-snijden-915x385.jpg 915w, https:\/\/piant.nl\/wp-content\/uploads\/2021\/01\/piant-header-snijden-768x323.jpg 768w, https:\/\/piant.nl\/wp-content\/uploads\/2021\/01\/piant-header-snijden-300x126.jpg 300w, https:\/\/piant.nl\/wp-content\/uploads\/2021\/01\/piant-header-snijden-1024x431.jpg 1024w\" sizes=\"auto, (max-width: 1440px) 100vw, 1440px\" \/><div class=\"wp-block-cover__inner-container is-layout-flow wp-block-cover-is-layout-flow\">\n<h1 class=\"wp-block-heading\">Stanzen, schneiden und laserschneiden<\/h1>\n\n\n\n<p>Schneiden, Stanzen oder Lasern und ggf. weitere Montage oder Gravur f\u00fcr Partner mit eigenem Produkt. PIANT ist der fachkundige und zuverl\u00e4ssige Partner f\u00fcr die Gestaltung flacher Materialien.<\/p>\n\n\n\n<p>PIANT formt alle denkbaren Materialien perfekt nach Ma\u00df, z.B.: Diverse Kunststoffe, Papier, Gummi, Filz, Holz &amp; Leder. Wir k\u00f6nnen alle Materialien mit einer Genauigkeit von einem Zehntelmillimeter verarbeiten.<\/p>\n\n\n\n<div class=\"wp-block-buttons is-layout-flex wp-block-buttons-is-layout-flex\">\n<div class=\"wp-block-button is-style-rounded\"><a class=\"wp-block-button__link has-gutenberg-6-color has-gutenberg-1-background-color has-text-color has-background\" href=\"https:\/\/piant.nl\/de\/angebot\/\" style=\"border-radius:50px\"\"><span>Angebot anfragen<\/span><\/a><\/div>\n<\/div>\n<\/div><\/div>\n<div class=\"usps alignfull\"><div class=\"inner-container\"><ul class=\"usp-list\"><li class=\"rating\">Kundenmeinung 8.7<\/li><li>Zuverl\u00e4ssigkeit<\/li><li>Fachwissen<\/li><\/ul><\/div><\/div>\n\n\n<h2 class=\"has-text-align-center wp-block-heading\"><strong>Der zuverl\u00e4ssige partner<\/strong><\/h2>\n\n\n\n<p>PIANT verarbeitet j\u00e4hrlich 85 Millionen Produkte. Dank unseres fortschrittlichen Maschinenparks sind wir der zuverl\u00e4ssigste, fachkundigste und effizienteste Partner. Der Auftraggeber profitiert von unserer schnellen und effizienten Arbeitsweise.<\/p>\n\n\n\n<div class=\"wp-block-columns is-layout-flex wp-container-core-columns-is-layout-9d6595d7 wp-block-columns-is-layout-flex\">\n<div class=\"wp-block-column is-layout-flow wp-block-column-is-layout-flow\" style=\"flex-basis:100%\">\n<div class=\"wp-block-cover alignfull has-background-dim\"><img loading=\"lazy\" decoding=\"async\" width=\"1700\" height=\"606\" class=\"wp-block-cover__image-background wp-image-299\" alt=\"\" src=\"https:\/\/piant.nl\/wp-content\/uploads\/2021\/01\/laseren.jpg\" style=\"object-position:52% 28%\" data-object-fit=\"cover\" data-object-position=\"52% 28%\" srcset=\"https:\/\/piant.nl\/wp-content\/uploads\/2021\/01\/laseren.jpg 1700w, https:\/\/piant.nl\/wp-content\/uploads\/2021\/01\/laseren-445x159.jpg 445w, https:\/\/piant.nl\/wp-content\/uploads\/2021\/01\/laseren-915x326.jpg 915w, https:\/\/piant.nl\/wp-content\/uploads\/2021\/01\/laseren-768x274.jpg 768w, https:\/\/piant.nl\/wp-content\/uploads\/2021\/01\/laseren-1536x548.jpg 1536w\" sizes=\"auto, (max-width: 1700px) 100vw, 1700px\" \/><div class=\"wp-block-cover__inner-container is-layout-flow wp-block-cover-is-layout-flow\">\n<p class=\"has-text-align-center has-large-font-size\"><\/p>\n<\/div><\/div>\n<\/div>\n<\/div>\n\n\n\n<h3 class=\"has-text-align-center wp-block-heading\"><strong>Referenzen<\/strong><\/h3>\n\n\n\n<figure class=\"wp-block-gallery aligncenter columns-4 wp-block-gallery-1 is-layout-flex wp-block-gallery-is-layout-flex\"><ul class=\"blocks-gallery-grid\"><li class=\"blocks-gallery-item\"><figure><img loading=\"lazy\" decoding=\"async\" width=\"92\" height=\"45\" src=\"https:\/\/piant.nl\/wp-content\/uploads\/\/2021\/01\/vdl.svg\" alt=\"\" data-id=\"43\" data-full-url=\"https:\/\/piant.nl\/wp-content\/uploads\/\/2021\/01\/vdl.svg\" data-link=\"https:\/\/piant.nl\/snijden\/vdl\/\" class=\"wp-image-43\"\/><\/figure><\/li><li class=\"blocks-gallery-item\"><figure><img loading=\"lazy\" decoding=\"async\" width=\"128\" height=\"49\" src=\"https:\/\/piant.nl\/wp-content\/uploads\/\/2021\/01\/efteling.svg\" alt=\"\" data-id=\"45\" data-full-url=\"https:\/\/piant.nl\/wp-content\/uploads\/\/2021\/01\/efteling.svg\" data-link=\"https:\/\/piant.nl\/snijden\/efteling\/\" class=\"wp-image-45\"\/><\/figure><\/li><li class=\"blocks-gallery-item\"><figure><img loading=\"lazy\" decoding=\"async\" width=\"96\" height=\"16\" src=\"https:\/\/piant.nl\/wp-content\/uploads\/\/2021\/01\/secrid.svg\" alt=\"\" data-id=\"44\" data-full-url=\"https:\/\/piant.nl\/wp-content\/uploads\/\/2021\/01\/secrid.svg\" data-link=\"https:\/\/piant.nl\/snijden\/secrid\/\" class=\"wp-image-44\"\/><\/figure><\/li><li class=\"blocks-gallery-item\"><figure><img loading=\"lazy\" decoding=\"async\" width=\"82\" height=\"48\" src=\"https:\/\/piant.nl\/wp-content\/uploads\/\/2021\/01\/klm.svg\" alt=\"\" data-id=\"42\" data-full-url=\"https:\/\/piant.nl\/wp-content\/uploads\/\/2021\/01\/klm.svg\" data-link=\"https:\/\/piant.nl\/snijden\/klm\/\" class=\"wp-image-42\"\/><\/figure><\/li><li class=\"blocks-gallery-item\"><figure><img loading=\"lazy\" decoding=\"async\" width=\"148\" height=\"19\" src=\"https:\/\/piant.nl\/wp-content\/uploads\/\/2021\/01\/radboud-umg.svg\" alt=\"\" data-id=\"40\" data-full-url=\"https:\/\/piant.nl\/wp-content\/uploads\/\/2021\/01\/radboud-umg.svg\" data-link=\"https:\/\/piant.nl\/snijden\/radboud-umg\/\" class=\"wp-image-40\"\/><\/figure><\/li><li class=\"blocks-gallery-item\"><figure><img loading=\"lazy\" decoding=\"async\" width=\"143\" height=\"27\" src=\"https:\/\/piant.nl\/wp-content\/uploads\/\/2021\/01\/nespresso.svg\" alt=\"\" data-id=\"46\" data-full-url=\"https:\/\/piant.nl\/wp-content\/uploads\/\/2021\/01\/nespresso.svg\" data-link=\"https:\/\/piant.nl\/snijden\/nespresso\/\" class=\"wp-image-46\"\/><\/figure><\/li><li class=\"blocks-gallery-item\"><figure><img loading=\"lazy\" decoding=\"async\" width=\"119\" height=\"23\" src=\"https:\/\/piant.nl\/wp-content\/uploads\/\/2021\/01\/philips.svg\" alt=\"\" data-id=\"41\" data-full-url=\"https:\/\/piant.nl\/wp-content\/uploads\/\/2021\/01\/philips.svg\" data-link=\"https:\/\/piant.nl\/snijden\/philips\/\" class=\"wp-image-41\"\/><\/figure><\/li><li class=\"blocks-gallery-item\"><figure><img loading=\"lazy\" decoding=\"async\" width=\"93\" height=\"43\" src=\"https:\/\/piant.nl\/wp-content\/uploads\/2021\/01\/accell.jpg\" alt=\"\" data-id=\"47\" data-full-url=\"https:\/\/piant.nl\/wp-content\/uploads\/2021\/01\/accell.jpg\" data-link=\"https:\/\/piant.nl\/snijden\/accell-2\/\" class=\"wp-image-47\"\/><\/figure><\/li><\/ul><\/figure>\n","protected":false},"excerpt":{"rendered":"<p>Der zuverl\u00e4ssige partner PIANT verarbeitet j\u00e4hrlich 85 Millionen Produkte. Dank unseres fortschrittlichen Maschinenparks sind wir der zuverl\u00e4ssigste, fachkundigste und effizienteste [&hellip;]<\/p>\n","protected":false},"author":1,"featured_media":2070,"parent":0,"menu_order":1,"comment_status":"closed","ping_status":"closed","template":"blocks.php","meta":{"_acf_changed":false,"_editorskit_title_hidden":false,"_editorskit_reading_time":1,"_editorskit_is_block_options_detached":false,"_editorskit_block_options_position":"{}","_improvement_type_select":"improve_an_existing","_thumb_yes_seoaic":false,"_frame_yes_seoaic":false,"seoaic_generate_description":"","seoaic_improve_instructions_prompt":"","seoaic_rollback_content_improvement":"","seoaic_idea_thumbnail_generator":"","thumbnail_generated":false,"thumbnail_generate_prompt":"","seoaic_article_description":"","inline_featured_image":false,"_genesis_hide_title":false,"_genesis_hide_breadcrumbs":false,"_genesis_hide_singular_image":false,"_genesis_hide_footer_widgets":false,"_genesis_custom_body_class":"","_genesis_custom_post_class":"","_genesis_layout":"","footnotes":""},"class_list":{"0":"post-1259","1":"page","2":"type-page","3":"status-publish","4":"has-post-thumbnail","6":"entry"},"acf":[],"yoast_head":"<!-- This site is optimized with the Yoast SEO plugin v27.4 - https:\/\/yoast.com\/product\/yoast-seo-wordpress\/ -->\n<title>Piant B.V. specialist in stansen, laseren en snijden<\/title>\n<meta name=\"description\" content=\"Stansen, laseren of snijden. Piant snijdt of knipt alle materialen perfect op maat. Kunt u nergens terecht voor uw specifieke wens? Dan lossen wij het op!\" \/>\n<meta name=\"robots\" content=\"index, follow, max-snippet:-1, max-image-preview:large, max-video-preview:-1\" \/>\n<link rel=\"canonical\" href=\"https:\/\/piant.nl\/de\/\" \/>\n<meta property=\"og:locale\" content=\"de_DE\" \/>\n<meta property=\"og:type\" content=\"article\" \/>\n<meta property=\"og:title\" content=\"Piant B.V. specialist in stansen, laseren en snijden\" \/>\n<meta property=\"og:description\" content=\"Stansen, laseren of snijden. Piant snijdt of knipt alle materialen perfect op maat. Kunt u nergens terecht voor uw specifieke wens? Dan lossen wij het op!\" \/>\n<meta property=\"og:url\" content=\"https:\/\/piant.nl\/de\/\" \/>\n<meta property=\"og:site_name\" content=\"Piant B.V.\" \/>\n<meta property=\"article:publisher\" content=\"https:\/\/www.facebook.com\/Piant.stansen.laseren.snijden\/\" \/>\n<meta property=\"article:modified_time\" content=\"2021-06-17T21:19:26+00:00\" \/>\n<meta property=\"og:image\" content=\"https:\/\/piant.nl\/wp-content\/uploads\/2021\/01\/laseren.jpg\" \/>\n\t<meta property=\"og:image:width\" content=\"1700\" \/>\n\t<meta property=\"og:image:height\" content=\"606\" \/>\n\t<meta property=\"og:image:type\" content=\"image\/jpeg\" \/>\n<meta name=\"twitter:card\" content=\"summary_large_image\" \/>\n<script type=\"application\/ld+json\" class=\"yoast-schema-graph\">{\"@context\":\"https:\\\/\\\/schema.org\",\"@graph\":[{\"@type\":\"WebPage\",\"@id\":\"https:\\\/\\\/piant.nl\\\/de\\\/\",\"url\":\"https:\\\/\\\/piant.nl\\\/de\\\/\",\"name\":\"Piant B.V. specialist in stansen, laseren en snijden\",\"isPartOf\":{\"@id\":\"https:\\\/\\\/piant.nl\\\/de\\\/#website\"},\"primaryImageOfPage\":{\"@id\":\"https:\\\/\\\/piant.nl\\\/de\\\/#primaryimage\"},\"image\":{\"@id\":\"https:\\\/\\\/piant.nl\\\/de\\\/#primaryimage\"},\"thumbnailUrl\":\"https:\\\/\\\/piant.nl\\\/wp-content\\\/uploads\\\/2021\\\/01\\\/laseren.jpg\",\"datePublished\":\"2021-01-11T15:59:00+00:00\",\"dateModified\":\"2021-06-17T21:19:26+00:00\",\"description\":\"Stansen, laseren of snijden. Piant snijdt of knipt alle materialen perfect op maat. Kunt u nergens terecht voor uw specifieke wens? Dan lossen wij het op!\",\"breadcrumb\":{\"@id\":\"https:\\\/\\\/piant.nl\\\/de\\\/#breadcrumb\"},\"inLanguage\":\"de\",\"potentialAction\":[{\"@type\":\"ReadAction\",\"target\":[\"https:\\\/\\\/piant.nl\\\/de\\\/\"]}]},{\"@type\":\"ImageObject\",\"inLanguage\":\"de\",\"@id\":\"https:\\\/\\\/piant.nl\\\/de\\\/#primaryimage\",\"url\":\"https:\\\/\\\/piant.nl\\\/wp-content\\\/uploads\\\/2021\\\/01\\\/laseren.jpg\",\"contentUrl\":\"https:\\\/\\\/piant.nl\\\/wp-content\\\/uploads\\\/2021\\\/01\\\/laseren.jpg\",\"width\":1700,\"height\":606},{\"@type\":\"BreadcrumbList\",\"@id\":\"https:\\\/\\\/piant.nl\\\/de\\\/#breadcrumb\",\"itemListElement\":[{\"@type\":\"ListItem\",\"position\":1,\"name\":\"Home\",\"item\":\"https:\\\/\\\/piant.nl\\\/de\\\/\"},{\"@type\":\"ListItem\",\"position\":2,\"name\":\"Piant B.V. ist spezialisiert auf stanzen, schneiden und laserschneiden\"}]},{\"@type\":\"WebSite\",\"@id\":\"https:\\\/\\\/piant.nl\\\/de\\\/#website\",\"url\":\"https:\\\/\\\/piant.nl\\\/de\\\/\",\"name\":\"Piant B.V.\",\"description\":\"\",\"publisher\":{\"@id\":\"https:\\\/\\\/piant.nl\\\/de\\\/#organization\"},\"potentialAction\":[{\"@type\":\"SearchAction\",\"target\":{\"@type\":\"EntryPoint\",\"urlTemplate\":\"https:\\\/\\\/piant.nl\\\/de\\\/?s={search_term_string}\"},\"query-input\":{\"@type\":\"PropertyValueSpecification\",\"valueRequired\":true,\"valueName\":\"search_term_string\"}}],\"inLanguage\":\"de\"},{\"@type\":\"Organization\",\"@id\":\"https:\\\/\\\/piant.nl\\\/de\\\/#organization\",\"name\":\"PIANT B.V.\",\"url\":\"https:\\\/\\\/piant.nl\\\/de\\\/\",\"logo\":{\"@type\":\"ImageObject\",\"inLanguage\":\"de\",\"@id\":\"https:\\\/\\\/piant.nl\\\/de\\\/#\\\/schema\\\/logo\\\/image\\\/\",\"url\":\"https:\\\/\\\/piant.nl\\\/wp-content\\\/uploads\\\/2021\\\/01\\\/piant.png\",\"contentUrl\":\"https:\\\/\\\/piant.nl\\\/wp-content\\\/uploads\\\/2021\\\/01\\\/piant.png\",\"width\":512,\"height\":126,\"caption\":\"PIANT B.V.\"},\"image\":{\"@id\":\"https:\\\/\\\/piant.nl\\\/de\\\/#\\\/schema\\\/logo\\\/image\\\/\"},\"sameAs\":[\"https:\\\/\\\/www.facebook.com\\\/Piant.stansen.laseren.snijden\\\/\",\"https:\\\/\\\/www.linkedin.com\\\/company\\\/piant\\\/\",\"https:\\\/\\\/www.youtube.com\\\/user\\\/PiantStanztechniekBV\"]}]}<\/script>\n<!-- \/ Yoast SEO plugin. -->","yoast_head_json":{"title":"Piant B.V. specialist in stansen, laseren en snijden","description":"Stansen, laseren of snijden. Piant snijdt of knipt alle materialen perfect op maat. Kunt u nergens terecht voor uw specifieke wens? Dan lossen wij het op!","robots":{"index":"index","follow":"follow","max-snippet":"max-snippet:-1","max-image-preview":"max-image-preview:large","max-video-preview":"max-video-preview:-1"},"canonical":"https:\/\/piant.nl\/de\/","og_locale":"de_DE","og_type":"article","og_title":"Piant B.V. specialist in stansen, laseren en snijden","og_description":"Stansen, laseren of snijden. Piant snijdt of knipt alle materialen perfect op maat. Kunt u nergens terecht voor uw specifieke wens? Dan lossen wij het op!","og_url":"https:\/\/piant.nl\/de\/","og_site_name":"Piant B.V.","article_publisher":"https:\/\/www.facebook.com\/Piant.stansen.laseren.snijden\/","article_modified_time":"2021-06-17T21:19:26+00:00","og_image":[{"width":1700,"height":606,"url":"https:\/\/piant.nl\/wp-content\/uploads\/2021\/01\/laseren.jpg","type":"image\/jpeg"}],"twitter_card":"summary_large_image","schema":{"@context":"https:\/\/schema.org","@graph":[{"@type":"WebPage","@id":"https:\/\/piant.nl\/de\/","url":"https:\/\/piant.nl\/de\/","name":"Piant B.V. specialist in stansen, laseren en snijden","isPartOf":{"@id":"https:\/\/piant.nl\/de\/#website"},"primaryImageOfPage":{"@id":"https:\/\/piant.nl\/de\/#primaryimage"},"image":{"@id":"https:\/\/piant.nl\/de\/#primaryimage"},"thumbnailUrl":"https:\/\/piant.nl\/wp-content\/uploads\/2021\/01\/laseren.jpg","datePublished":"2021-01-11T15:59:00+00:00","dateModified":"2021-06-17T21:19:26+00:00","description":"Stansen, laseren of snijden. Piant snijdt of knipt alle materialen perfect op maat. Kunt u nergens terecht voor uw specifieke wens? Dan lossen wij het op!","breadcrumb":{"@id":"https:\/\/piant.nl\/de\/#breadcrumb"},"inLanguage":"de","potentialAction":[{"@type":"ReadAction","target":["https:\/\/piant.nl\/de\/"]}]},{"@type":"ImageObject","inLanguage":"de","@id":"https:\/\/piant.nl\/de\/#primaryimage","url":"https:\/\/piant.nl\/wp-content\/uploads\/2021\/01\/laseren.jpg","contentUrl":"https:\/\/piant.nl\/wp-content\/uploads\/2021\/01\/laseren.jpg","width":1700,"height":606},{"@type":"BreadcrumbList","@id":"https:\/\/piant.nl\/de\/#breadcrumb","itemListElement":[{"@type":"ListItem","position":1,"name":"Home","item":"https:\/\/piant.nl\/de\/"},{"@type":"ListItem","position":2,"name":"Piant B.V. ist spezialisiert auf stanzen, schneiden und laserschneiden"}]},{"@type":"WebSite","@id":"https:\/\/piant.nl\/de\/#website","url":"https:\/\/piant.nl\/de\/","name":"Piant B.V.","description":"","publisher":{"@id":"https:\/\/piant.nl\/de\/#organization"},"potentialAction":[{"@type":"SearchAction","target":{"@type":"EntryPoint","urlTemplate":"https:\/\/piant.nl\/de\/?s={search_term_string}"},"query-input":{"@type":"PropertyValueSpecification","valueRequired":true,"valueName":"search_term_string"}}],"inLanguage":"de"},{"@type":"Organization","@id":"https:\/\/piant.nl\/de\/#organization","name":"PIANT B.V.","url":"https:\/\/piant.nl\/de\/","logo":{"@type":"ImageObject","inLanguage":"de","@id":"https:\/\/piant.nl\/de\/#\/schema\/logo\/image\/","url":"https:\/\/piant.nl\/wp-content\/uploads\/2021\/01\/piant.png","contentUrl":"https:\/\/piant.nl\/wp-content\/uploads\/2021\/01\/piant.png","width":512,"height":126,"caption":"PIANT B.V."},"image":{"@id":"https:\/\/piant.nl\/de\/#\/schema\/logo\/image\/"},"sameAs":["https:\/\/www.facebook.com\/Piant.stansen.laseren.snijden\/","https:\/\/www.linkedin.com\/company\/piant\/","https:\/\/www.youtube.com\/user\/PiantStanztechniekBV"]}]}},"_links":{"self":[{"href":"https:\/\/piant.nl\/de\/wp-json\/wp\/v2\/pages\/1259","targetHints":{"allow":["GET"]}}],"collection":[{"href":"https:\/\/piant.nl\/de\/wp-json\/wp\/v2\/pages"}],"about":[{"href":"https:\/\/piant.nl\/de\/wp-json\/wp\/v2\/types\/page"}],"author":[{"embeddable":true,"href":"https:\/\/piant.nl\/de\/wp-json\/wp\/v2\/users\/1"}],"replies":[{"embeddable":true,"href":"https:\/\/piant.nl\/de\/wp-json\/wp\/v2\/comments?post=1259"}],"version-history":[{"count":0,"href":"https:\/\/piant.nl\/de\/wp-json\/wp\/v2\/pages\/1259\/revisions"}],"wp:featuredmedia":[{"embeddable":true,"href":"https:\/\/piant.nl\/de\/wp-json\/wp\/v2\/media\/2070"}],"wp:attachment":[{"href":"https:\/\/piant.nl\/de\/wp-json\/wp\/v2\/media?parent=1259"}],"curies":[{"name":"wp","href":"https:\/\/api.w.org\/{rel}","templated":true}]}}